{"id":27894,"date":"2023-10-04T13:18:22","date_gmt":"2023-10-04T13:18:22","guid":{"rendered":"https:\/\/store.evolve-fitness.eu\/product\/evolve-sakerhetsband-110-cm\/"},"modified":"2024-03-13T23:24:47","modified_gmt":"2024-03-13T23:24:47","slug":"evolve-sakerhetsband-110-cm","status":"publish","type":"product","link":"https:\/\/store.evolve-fitness.eu\/sv\/produkt\/evolve-sakerhetsband-110-cm\/","title":{"rendered":"Evolve s\u00e4kerhetsband &#8211; 110 cm"},"content":{"rendered":"","protected":false},"excerpt":{"rendered":"<p>F\u00f6rb\u00e4ttra s\u00e4kerheten och m\u00e5ngsidigheten i din tr\u00e4ning med Evolve s\u00e4kerhetsband. Dessa viktiga tillbeh\u00f6r, utformade f\u00f6r anv\u00e4ndning med Evolve-riggar, h\u00f6jer niv\u00e5n p\u00e5 din funktionella fitness, crossfit, grupptr\u00e4ning eller individuella tr\u00e4ningspass. Med sin modul\u00e4ra design \u00e4r det enkelt att anpassa riggen f\u00f6r att uppfylla dina specifika behov och ut\u00f6ka dess kapacitet genom att f\u00e4sta olika tillbeh\u00f6r. Prioritera s\u00e4kerheten och f\u00f6rh\u00f6j din tr\u00e4ningsupplevelse med detta par s\u00e4kerhetsremmar till ett attraktivt pris.<\/p>\n","protected":false},"featured_media":27907,"template":"","meta":{"_acf_changed":false,"inline_featured_image":false},"product_cat":[550,623,642,646],"product_tag":[],"class_list":{"0":"post-27894","1":"product","2":"type-product","3":"status-publish","4":"has-post-thumbnail","6":"product_cat-startsida","7":"product_cat-korsvis-funktionell","8":"product_cat-komponenter-till-riggen","9":"product_cat-tillbehor","11":"first","12":"instock","13":"shipping-taxable","14":"purchasable","15":"product-type-simple"},"acf":[],"_links":{"self":[{"href":"https:\/\/store.evolve-fitness.eu\/sv\/wp-json\/wp\/v2\/product\/27894","targetHints":{"allow":["GET"]}}],"collection":[{"href":"https:\/\/store.evolve-fitness.eu\/sv\/wp-json\/wp\/v2\/product"}],"about":[{"href":"https:\/\/store.evolve-fitness.eu\/sv\/wp-json\/wp\/v2\/types\/product"}],"wp:featuredmedia":[{"embeddable":true,"href":"https:\/\/store.evolve-fitness.eu\/sv\/wp-json\/wp\/v2\/media\/27907"}],"wp:attachment":[{"href":"https:\/\/store.evolve-fitness.eu\/sv\/wp-json\/wp\/v2\/media?parent=27894"}],"wp:term":[{"taxonomy":"product_cat","embeddable":true,"href":"https:\/\/store.evolve-fitness.eu\/sv\/wp-json\/wp\/v2\/product_cat?post=27894"},{"taxonomy":"product_tag","embeddable":true,"href":"https:\/\/store.evolve-fitness.eu\/sv\/wp-json\/wp\/v2\/product_tag?post=27894"}],"curies":[{"name":"wp","href":"https:\/\/api.w.org\/{rel}","templated":true}]}}