{"id":27777,"date":"2023-10-04T13:09:56","date_gmt":"2023-10-04T13:09:56","guid":{"rendered":"https:\/\/store.evolve-fitness.eu\/product\/evolve-monolift-tillsats\/"},"modified":"2024-03-13T23:25:42","modified_gmt":"2024-03-13T23:25:42","slug":"evolve-monolift-tillsats","status":"publish","type":"product","link":"https:\/\/store.evolve-fitness.eu\/sv\/produkt\/evolve-monolift-tillsats\/","title":{"rendered":"Evolve Monolift-tillsats"},"content":{"rendered":"","protected":false},"excerpt":{"rendered":"<p>Ta din tr\u00e4ning till n\u00e4sta niv\u00e5 med Evolve Monolift-tillbeh\u00f6ret. Dessa m\u00e5ngsidiga tillbeh\u00f6r \u00e4r utformade f\u00f6r att komplettera Evolve-riggar och f\u00f6rb\u00e4ttrar funktionell fitness, crossfit, grupptr\u00e4ning eller individuell tr\u00e4ning. Med en modul\u00e4r design kan du enkelt anpassa din rigg och ut\u00f6ka dess kapacitet genom att montera olika tillbeh\u00f6r. F\u00f6rh\u00f6j din tr\u00e4ningsupplevelse med detta par monolifttillbeh\u00f6r, tillg\u00e4ngliga till ett attraktivt pris.<\/p>\n","protected":false},"featured_media":27793,"template":"","meta":{"_acf_changed":false,"inline_featured_image":false},"product_cat":[550,623,642,646],"product_tag":[],"class_list":{"0":"post-27777","1":"product","2":"type-product","3":"status-publish","4":"has-post-thumbnail","6":"product_cat-startsida","7":"product_cat-korsvis-funktionell","8":"product_cat-komponenter-till-riggen","9":"product_cat-tillbehor","11":"first","12":"instock","13":"shipping-taxable","14":"purchasable","15":"product-type-simple"},"acf":[],"_links":{"self":[{"href":"https:\/\/store.evolve-fitness.eu\/sv\/wp-json\/wp\/v2\/product\/27777","targetHints":{"allow":["GET"]}}],"collection":[{"href":"https:\/\/store.evolve-fitness.eu\/sv\/wp-json\/wp\/v2\/product"}],"about":[{"href":"https:\/\/store.evolve-fitness.eu\/sv\/wp-json\/wp\/v2\/types\/product"}],"wp:featuredmedia":[{"embeddable":true,"href":"https:\/\/store.evolve-fitness.eu\/sv\/wp-json\/wp\/v2\/media\/27793"}],"wp:attachment":[{"href":"https:\/\/store.evolve-fitness.eu\/sv\/wp-json\/wp\/v2\/media?parent=27777"}],"wp:term":[{"taxonomy":"product_cat","embeddable":true,"href":"https:\/\/store.evolve-fitness.eu\/sv\/wp-json\/wp\/v2\/product_cat?post=27777"},{"taxonomy":"product_tag","embeddable":true,"href":"https:\/\/store.evolve-fitness.eu\/sv\/wp-json\/wp\/v2\/product_tag?post=27777"}],"curies":[{"name":"wp","href":"https:\/\/api.w.org\/{rel}","templated":true}]}}