{"id":27703,"date":"2023-10-04T12:54:07","date_gmt":"2023-10-04T12:54:07","guid":{"rendered":"https:\/\/store.evolve-fitness.eu\/product\/utveckla-sakerhetsbyglar\/"},"modified":"2024-03-13T23:22:35","modified_gmt":"2024-03-13T23:22:35","slug":"utveckla-sakerhetsbyglar","status":"publish","type":"product","link":"https:\/\/store.evolve-fitness.eu\/sv\/produkt\/utveckla-sakerhetsbyglar\/","title":{"rendered":"Utveckla s\u00e4kerhetsbyglar"},"content":{"rendered":"","protected":false},"excerpt":{"rendered":"<p>\u00d6ka s\u00e4kerheten och m\u00e5ngsidigheten i din tr\u00e4ning med Evolve Double Safety Bar. Dessa viktiga tillbeh\u00f6r \u00e4r kompatibla med Evolve-riggar och \u00e4r utformade f\u00f6r att f\u00f6rb\u00e4ttra dina tr\u00e4ningspass. Anpassa din rigg och prioritera s\u00e4kerheten med detta par, allt till ett attraktivt pris.<\/p>\n","protected":false},"featured_media":27710,"template":"","meta":{"_acf_changed":false,"inline_featured_image":false},"product_cat":[550,623,642,646],"product_tag":[],"class_list":{"0":"post-27703","1":"product","2":"type-product","3":"status-publish","4":"has-post-thumbnail","6":"product_cat-startsida","7":"product_cat-korsvis-funktionell","8":"product_cat-komponenter-till-riggen","9":"product_cat-tillbehor","11":"first","12":"outofstock","13":"shipping-taxable","14":"purchasable","15":"product-type-simple"},"acf":[],"_links":{"self":[{"href":"https:\/\/store.evolve-fitness.eu\/sv\/wp-json\/wp\/v2\/product\/27703","targetHints":{"allow":["GET"]}}],"collection":[{"href":"https:\/\/store.evolve-fitness.eu\/sv\/wp-json\/wp\/v2\/product"}],"about":[{"href":"https:\/\/store.evolve-fitness.eu\/sv\/wp-json\/wp\/v2\/types\/product"}],"wp:featuredmedia":[{"embeddable":true,"href":"https:\/\/store.evolve-fitness.eu\/sv\/wp-json\/wp\/v2\/media\/27710"}],"wp:attachment":[{"href":"https:\/\/store.evolve-fitness.eu\/sv\/wp-json\/wp\/v2\/media?parent=27703"}],"wp:term":[{"taxonomy":"product_cat","embeddable":true,"href":"https:\/\/store.evolve-fitness.eu\/sv\/wp-json\/wp\/v2\/product_cat?post=27703"},{"taxonomy":"product_tag","embeddable":true,"href":"https:\/\/store.evolve-fitness.eu\/sv\/wp-json\/wp\/v2\/product_tag?post=27703"}],"curies":[{"name":"wp","href":"https:\/\/api.w.org\/{rel}","templated":true}]}}