{"id":27543,"date":"2023-10-04T10:47:22","date_gmt":"2023-10-04T10:47:22","guid":{"rendered":"https:\/\/store.evolve-fitness.eu\/product\/evolve-premium-jay-kopp\/"},"modified":"2024-03-13T23:23:14","modified_gmt":"2024-03-13T23:23:14","slug":"evolve-premium-jay-kopp","status":"publish","type":"product","link":"https:\/\/store.evolve-fitness.eu\/sv\/produkt\/evolve-premium-jay-kopp\/","title":{"rendered":"Evolve Premium jay-kopp"},"content":{"rendered":"\n<section class=\"wp-block-group alignfull black-content has-white-color has-darkgray-background-color has-text-color has-background is-layout-constrained wp-block-group-is-layout-constrained\" style=\"padding-top:var(--wp--preset--spacing--section-bottom);padding-bottom:var(--wp--preset--spacing--section-bottom)\">\n<div class=\"wp-block-columns alignwide mobile-reverse is-layout-flex wp-container-core-columns-is-layout-ca64bf2d wp-block-columns-is-layout-flex\" style=\"margin-bottom:var(--wp--preset--spacing--side-padding)\">\n<div class=\"wp-block-column is-vertically-aligned-center is-layout-flow wp-block-column-is-layout-flow\">\n<h3 class=\"wp-block-heading\" style=\"margin-bottom:var(--wp--preset--spacing--h-3-bottom)\">funktionell anknytning<\/h3>\n\n\n\n<p><strong><em>Konstruerad f\u00f6r Evolve-riggar<\/em><\/strong><\/p>\n\n\n\n<p style=\"margin-bottom:var(--wp--preset--spacing--tb-section-padding)\">L\u00e4mplig f\u00f6r att f\u00f6rb\u00e4ttra \u00f6vningar inom funktionell fitness, CrossFit och b\u00e5de grupp- och individuella tr\u00e4ningspass. Den enkla anpassningsfunktionen g\u00f6r den till ett m\u00e5ngsidigt komplement till alla tr\u00e4ningsredskap.<\/p>\n<\/div>\n\n\n\n<div class=\"wp-block-column is-vertically-aligned-center is-layout-flow wp-block-column-is-layout-flow\">\n<figure class=\"wp-block-image size-large\"><img decoding=\"async\" src=\"https:\/\/evolve-fitness.eu\/wp-content\/uploads\/2023\/11\/A7_08277-683x1024.jpg\" alt=\"\" class=\"wp-image-9128\"\/><\/figure>\n<\/div>\n<\/div>\n\n\n\n<div class=\"wp-block-columns alignwide is-layout-flex wp-container-core-columns-is-layout-c45ee707 wp-block-columns-is-layout-flex\" style=\"margin-bottom:var(--wp--preset--spacing--side-padding);padding-top:var(--wp--preset--spacing--side-padding)\">\n<div class=\"wp-block-column is-vertically-aligned-center is-layout-flow wp-block-column-is-layout-flow\">\n<figure class=\"wp-block-image size-large\"><img decoding=\"async\" src=\"https:\/\/evolve-fitness.eu\/wp-content\/uploads\/2023\/11\/A7_08282-1024x683.jpg\" alt=\"\" class=\"wp-image-9130\"\/><\/figure>\n<\/div>\n\n\n\n<div class=\"wp-block-column is-vertically-aligned-center is-layout-flow wp-block-column-is-layout-flow\">\n<h3 class=\"wp-block-heading\" style=\"margin-bottom:var(--wp--preset--spacing--h-3-bottom)\"><strong><strong><strong>robust konstruktion<\/strong><\/strong><\/strong><\/h3>\n\n\n\n<p><strong><em>S\u00e4kerst\u00e4ller stabilitet och s\u00e4kerhet vid tunga lyft<\/em><\/strong><\/p>\n\n\n\n<p style=\"margin-bottom:var(--wp--preset--spacing--tb-section-padding)\">Ett viktigt tillbeh\u00f6r f\u00f6r Evolve-riggar, som fr\u00e4mst anv\u00e4nds i styrkelyft och olympiska lyft\u00f6vningar. Denna utrustning \u00e4r byggd f\u00f6r att h\u00e5lla l\u00e4nge, tillverkad av h\u00f6gkvalitativa material f\u00f6r att klara kraven p\u00e5 intensiva tr\u00e4ningspass.<\/p>\n<\/div>\n<\/div>\n<\/section>\n","protected":false},"excerpt":{"rendered":"<p>F\u00f6rh\u00f6j din tr\u00e4ningsupplevelse med Evolve Premium Jay Cup. Den \u00e4r utformad f\u00f6r Evolve-riggar och f\u00f6rb\u00e4ttrar funktionaliteten f\u00f6r funktionell fitness, crossfit, grupptr\u00e4ning eller individuell tr\u00e4ning. Anpassa din rigg enkelt och maximera m\u00e5ngsidigheten med detta par, allt till ett attraktivt pris.&#8221;<\/p>\n","protected":false},"featured_media":27552,"template":"","meta":{"_acf_changed":false,"inline_featured_image":false},"product_cat":[550,623,642,646],"product_tag":[],"class_list":{"0":"post-27543","1":"product","2":"type-product","3":"status-publish","4":"has-post-thumbnail","6":"product_cat-startsida","7":"product_cat-korsvis-funktionell","8":"product_cat-komponenter-till-riggen","9":"product_cat-tillbehor","11":"first","12":"instock","13":"shipping-taxable","14":"purchasable","15":"product-type-simple"},"acf":[],"_links":{"self":[{"href":"https:\/\/store.evolve-fitness.eu\/sv\/wp-json\/wp\/v2\/product\/27543","targetHints":{"allow":["GET"]}}],"collection":[{"href":"https:\/\/store.evolve-fitness.eu\/sv\/wp-json\/wp\/v2\/product"}],"about":[{"href":"https:\/\/store.evolve-fitness.eu\/sv\/wp-json\/wp\/v2\/types\/product"}],"wp:featuredmedia":[{"embeddable":true,"href":"https:\/\/store.evolve-fitness.eu\/sv\/wp-json\/wp\/v2\/media\/27552"}],"wp:attachment":[{"href":"https:\/\/store.evolve-fitness.eu\/sv\/wp-json\/wp\/v2\/media?parent=27543"}],"wp:term":[{"taxonomy":"product_cat","embeddable":true,"href":"https:\/\/store.evolve-fitness.eu\/sv\/wp-json\/wp\/v2\/product_cat?post=27543"},{"taxonomy":"product_tag","embeddable":true,"href":"https:\/\/store.evolve-fitness.eu\/sv\/wp-json\/wp\/v2\/product_tag?post=27543"}],"curies":[{"name":"wp","href":"https:\/\/api.w.org\/{rel}","templated":true}]}}