{"id":27462,"date":"2023-10-04T10:39:24","date_gmt":"2023-10-04T10:39:24","guid":{"rendered":"https:\/\/store.evolve-fitness.eu\/product\/evolve-jammer-armar\/"},"modified":"2024-03-13T23:19:38","modified_gmt":"2024-03-13T23:19:38","slug":"evolve-jammer-armar","status":"publish","type":"product","link":"https:\/\/store.evolve-fitness.eu\/sv\/produkt\/evolve-jammer-armar\/","title":{"rendered":"Evolve Jammer armar"},"content":{"rendered":"","protected":false},"excerpt":{"rendered":"<p>F\u00f6rb\u00e4ttra din tr\u00e4ningsm\u00e5ngsidighet med Evolve Jammer Arms. Dessa modul\u00e4ra tillbeh\u00f6r \u00e4r utformade f\u00f6r anv\u00e4ndning med Evolve-riggar och \u00f6ppnar d\u00f6rren till en rad olika tr\u00e4ningsalternativ, oavsett om du gillar funktionell fitness, crossfit, gruppklasser eller individuella tr\u00e4ningspass. Anpassa din rigg s\u00e5 att den uppfyller dina exakta behov och ut\u00f6ka dess kapacitet genom att s\u00f6ml\u00f6st f\u00e4sta olika tillbeh\u00f6r. Upplev f\u00f6rb\u00e4ttrade tr\u00e4ningsm\u00f6jligheter och str\u00f6mlinjeformad funktionalitet med denna viktiga utrustning. Pris per par.<\/p>\n","protected":false},"featured_media":147999,"template":"","meta":{"_acf_changed":false,"inline_featured_image":false},"product_cat":[550,623,642,646],"product_tag":[],"class_list":{"0":"post-27462","1":"product","2":"type-product","3":"status-publish","4":"has-post-thumbnail","6":"product_cat-startsida","7":"product_cat-korsvis-funktionell","8":"product_cat-komponenter-till-riggen","9":"product_cat-tillbehor","11":"first","12":"instock","13":"shipping-taxable","14":"purchasable","15":"product-type-simple"},"acf":[],"_links":{"self":[{"href":"https:\/\/store.evolve-fitness.eu\/sv\/wp-json\/wp\/v2\/product\/27462","targetHints":{"allow":["GET"]}}],"collection":[{"href":"https:\/\/store.evolve-fitness.eu\/sv\/wp-json\/wp\/v2\/product"}],"about":[{"href":"https:\/\/store.evolve-fitness.eu\/sv\/wp-json\/wp\/v2\/types\/product"}],"wp:featuredmedia":[{"embeddable":true,"href":"https:\/\/store.evolve-fitness.eu\/sv\/wp-json\/wp\/v2\/media\/147999"}],"wp:attachment":[{"href":"https:\/\/store.evolve-fitness.eu\/sv\/wp-json\/wp\/v2\/media?parent=27462"}],"wp:term":[{"taxonomy":"product_cat","embeddable":true,"href":"https:\/\/store.evolve-fitness.eu\/sv\/wp-json\/wp\/v2\/product_cat?post=27462"},{"taxonomy":"product_tag","embeddable":true,"href":"https:\/\/store.evolve-fitness.eu\/sv\/wp-json\/wp\/v2\/product_tag?post=27462"}],"curies":[{"name":"wp","href":"https:\/\/api.w.org\/{rel}","templated":true}]}}