{"id":27414,"date":"2023-10-04T10:30:58","date_gmt":"2023-10-04T10:30:58","guid":{"rendered":"https:\/\/store.evolve-fitness.eu\/product\/evolve-hallare-for-viktplatta-2\/"},"modified":"2024-08-06T11:29:15","modified_gmt":"2024-08-06T11:29:15","slug":"evolve-hallare-for-viktplatta-2","status":"publish","type":"product","link":"https:\/\/store.evolve-fitness.eu\/sv\/produkt\/evolve-hallare-for-viktplatta-2\/","title":{"rendered":"Evolve h\u00e5llare f\u00f6r viktplatta, 50 mm (2)"},"content":{"rendered":"","protected":false},"excerpt":{"rendered":"<p>Maximera ditt tr\u00e4ningsutrymme med Evolve viktskivh\u00e5llare.<br \/>\nDetta modul\u00e4ra tillbeh\u00f6r \u00e4r utformat f\u00f6r att komplettera Evolve-riggar och ger dig m\u00f6jlighet att anpassa din tr\u00e4ningsmilj\u00f6 f\u00f6r funktionell tr\u00e4ning, crossfit, grupptr\u00e4ning eller individuell tr\u00e4ning.<br \/>\nMed sin m\u00e5ngsidiga design kan du skr\u00e4ddarsy din rigg efter dina exakta behov och f\u00f6rst\u00e4rka dess funktionalitet genom att enkelt l\u00e4gga till olika tillbeh\u00f6r.<br \/>\nUpplev det ultimata inom organisation och effektivitet.    Pris per styck.  <\/p>\n","protected":false},"featured_media":147422,"template":"","meta":{"_acf_changed":false,"inline_featured_image":false},"product_cat":[550,623,642,685],"product_tag":[],"class_list":{"0":"post-27414","1":"product","2":"type-product","3":"status-publish","4":"has-post-thumbnail","6":"product_cat-startsida","7":"product_cat-korsvis-funktionell","8":"product_cat-komponenter-till-riggen","9":"product_cat-lagring","11":"first","12":"instock","13":"shipping-taxable","14":"purchasable","15":"product-type-simple"},"acf":[],"_links":{"self":[{"href":"https:\/\/store.evolve-fitness.eu\/sv\/wp-json\/wp\/v2\/product\/27414","targetHints":{"allow":["GET"]}}],"collection":[{"href":"https:\/\/store.evolve-fitness.eu\/sv\/wp-json\/wp\/v2\/product"}],"about":[{"href":"https:\/\/store.evolve-fitness.eu\/sv\/wp-json\/wp\/v2\/types\/product"}],"wp:featuredmedia":[{"embeddable":true,"href":"https:\/\/store.evolve-fitness.eu\/sv\/wp-json\/wp\/v2\/media\/147422"}],"wp:attachment":[{"href":"https:\/\/store.evolve-fitness.eu\/sv\/wp-json\/wp\/v2\/media?parent=27414"}],"wp:term":[{"taxonomy":"product_cat","embeddable":true,"href":"https:\/\/store.evolve-fitness.eu\/sv\/wp-json\/wp\/v2\/product_cat?post=27414"},{"taxonomy":"product_tag","embeddable":true,"href":"https:\/\/store.evolve-fitness.eu\/sv\/wp-json\/wp\/v2\/product_tag?post=27414"}],"curies":[{"name":"wp","href":"https:\/\/api.w.org\/{rel}","templated":true}]}}