{"id":27235,"date":"2023-10-04T10:05:10","date_gmt":"2023-10-04T10:05:10","guid":{"rendered":"https:\/\/store.evolve-fitness.eu\/product\/evolve-forvaring-av-hantlar-1100-1800-mm\/"},"modified":"2026-04-29T12:01:39","modified_gmt":"2026-04-29T12:01:39","slug":"evolve-forvaring-av-hantlar-1100-1800-mm","status":"publish","type":"product","link":"https:\/\/store.evolve-fitness.eu\/sv\/produkt\/evolve-forvaring-av-hantlar-1100-1800-mm\/","title":{"rendered":"Evolve Hantelf\u00f6rvaring &#8211; 1100 \/ 1800 mm"},"content":{"rendered":"","protected":false},"excerpt":{"rendered":"<p>Optimera ditt gym med v\u00e5r Evolve Hantelf\u00f6rvaring, som finns i l\u00e4ngderna 1100 mm och 1800 mm. Dessa modul\u00e4ra riggar \u00e4r perfekta f\u00f6r funktionell tr\u00e4ning, crossfit, grupptr\u00e4ning eller individuell tr\u00e4ning. Anpassa din installation och l\u00e4gg till tillbeh\u00f6r f\u00f6r maximal effektivitet. Bli organiserad och f\u00f6rb\u00e4ttra din tr\u00e4ningsupplevelse redan idag.    Pris per styck.<\/p>\n<p>\n","protected":false},"featured_media":27236,"template":"","meta":{"_acf_changed":false,"inline_featured_image":false},"product_cat":[550,623,642,685],"product_tag":[],"class_list":{"0":"post-27235","1":"product","2":"type-product","3":"status-publish","4":"has-post-thumbnail","6":"product_cat-startsida","7":"product_cat-korsvis-funktionell","8":"product_cat-komponenter-till-riggen","9":"product_cat-lagring","11":"first","12":"instock","13":"shipping-taxable","14":"purchasable","15":"product-type-variable"},"acf":[],"_links":{"self":[{"href":"https:\/\/store.evolve-fitness.eu\/sv\/wp-json\/wp\/v2\/product\/27235","targetHints":{"allow":["GET"]}}],"collection":[{"href":"https:\/\/store.evolve-fitness.eu\/sv\/wp-json\/wp\/v2\/product"}],"about":[{"href":"https:\/\/store.evolve-fitness.eu\/sv\/wp-json\/wp\/v2\/types\/product"}],"wp:featuredmedia":[{"embeddable":true,"href":"https:\/\/store.evolve-fitness.eu\/sv\/wp-json\/wp\/v2\/media\/27236"}],"wp:attachment":[{"href":"https:\/\/store.evolve-fitness.eu\/sv\/wp-json\/wp\/v2\/media?parent=27235"}],"wp:term":[{"taxonomy":"product_cat","embeddable":true,"href":"https:\/\/store.evolve-fitness.eu\/sv\/wp-json\/wp\/v2\/product_cat?post=27235"},{"taxonomy":"product_tag","embeddable":true,"href":"https:\/\/store.evolve-fitness.eu\/sv\/wp-json\/wp\/v2\/product_tag?post=27235"}],"curies":[{"name":"wp","href":"https:\/\/api.w.org\/{rel}","templated":true}]}}