{"id":27033,"date":"2023-10-04T10:11:40","date_gmt":"2023-10-04T10:11:40","guid":{"rendered":"https:\/\/store.evolve-fitness.eu\/product\/evolve-stotfangarplat-blockdel\/"},"modified":"2024-08-06T11:16:54","modified_gmt":"2024-08-06T11:16:54","slug":"evolve-stotfangarplat-blockdel","status":"publish","type":"product","link":"https:\/\/store.evolve-fitness.eu\/sv\/produkt\/evolve-stotfangarplat-blockdel\/","title":{"rendered":"Evolve st\u00f6tf\u00e5ngarpl\u00e5t blockdel"},"content":{"rendered":"","protected":false},"excerpt":{"rendered":"<p>F\u00f6rb\u00e4ttra din tr\u00e4nings m\u00e5ngsidighet med Evolve Bumper Plate Block Part.<br \/>\nDetta modul\u00e4ra tillbeh\u00f6r \u00e4r utformat f\u00f6r att komplettera Evolve-riggar och \u00e4r din nyckel till anpassningsbara funktionella, crossfit-, grupp- eller individuella tr\u00e4ningspass.<br \/>\nSkr\u00e4ddarsy din rigg efter dina exakta behov och h\u00f6j dess funktionalitet genom att l\u00e4gga till ett brett utbud av tillbeh\u00f6r.<br \/>\nF\u00e5 ut mesta m\u00f6jliga av ditt tr\u00e4ningsutrymme med den h\u00e4r viktiga komponenten.    Pris per styck.  <\/p>\n","protected":false},"featured_media":27060,"template":"","meta":{"_acf_changed":false,"inline_featured_image":false},"product_cat":[550,623,642,685],"product_tag":[],"class_list":{"0":"post-27033","1":"product","2":"type-product","3":"status-publish","4":"has-post-thumbnail","6":"product_cat-startsida","7":"product_cat-korsvis-funktionell","8":"product_cat-komponenter-till-riggen","9":"product_cat-lagring","11":"first","12":"instock","13":"shipping-taxable","14":"purchasable","15":"product-type-simple"},"acf":[],"_links":{"self":[{"href":"https:\/\/store.evolve-fitness.eu\/sv\/wp-json\/wp\/v2\/product\/27033","targetHints":{"allow":["GET"]}}],"collection":[{"href":"https:\/\/store.evolve-fitness.eu\/sv\/wp-json\/wp\/v2\/product"}],"about":[{"href":"https:\/\/store.evolve-fitness.eu\/sv\/wp-json\/wp\/v2\/types\/product"}],"wp:featuredmedia":[{"embeddable":true,"href":"https:\/\/store.evolve-fitness.eu\/sv\/wp-json\/wp\/v2\/media\/27060"}],"wp:attachment":[{"href":"https:\/\/store.evolve-fitness.eu\/sv\/wp-json\/wp\/v2\/media?parent=27033"}],"wp:term":[{"taxonomy":"product_cat","embeddable":true,"href":"https:\/\/store.evolve-fitness.eu\/sv\/wp-json\/wp\/v2\/product_cat?post=27033"},{"taxonomy":"product_tag","embeddable":true,"href":"https:\/\/store.evolve-fitness.eu\/sv\/wp-json\/wp\/v2\/product_tag?post=27033"}],"curies":[{"name":"wp","href":"https:\/\/api.w.org\/{rel}","templated":true}]}}