{"id":26935,"date":"2023-10-03T11:38:23","date_gmt":"2023-10-03T11:38:23","guid":{"rendered":"https:\/\/store.evolve-fitness.eu\/product\/evolve-multi-dragstang-1100-mm\/"},"modified":"2024-03-13T23:15:28","modified_gmt":"2024-03-13T23:15:28","slug":"evolve-multi-dragstang-1100-mm","status":"publish","type":"product","link":"https:\/\/store.evolve-fitness.eu\/sv\/produkt\/evolve-multi-dragstang-1100-mm\/","title":{"rendered":"Evolve Multi dragst\u00e5ng &#8211; 1100 mm"},"content":{"rendered":"","protected":false},"excerpt":{"rendered":"<p>Lyft din tr\u00e4ning med Evolve Multi Pull Up Bar, ett m\u00e5ngsidigt 1100 mm till\u00e4gg till din Evolve-rigg. Denna multifunktionella st\u00e5ng \u00e4r utformad f\u00f6r att f\u00f6rb\u00e4ttra funktionella, crossfit-, grupp- eller individuella tr\u00e4ningspass och \u00e4r utrustad med en modul\u00e4r design f\u00f6r anpassade inst\u00e4llningar och tillbeh\u00f6rskompatibilitet. Pris per styck. F\u00f6rvandla din tr\u00e4ningsrutin med Evolve Multi Pull Up Bar idag och l\u00e5s upp en v\u00e4rld av tr\u00e4ningsm\u00f6jligheter.<\/p>\n","protected":false},"featured_media":26936,"template":"","meta":{"_acf_changed":false,"inline_featured_image":false},"product_cat":[550,623,642,969],"product_tag":[],"class_list":{"0":"post-26935","1":"product","2":"type-product","3":"status-publish","4":"has-post-thumbnail","6":"product_cat-startsida","7":"product_cat-korsvis-funktionell","8":"product_cat-komponenter-till-riggen","9":"product_cat-huvuddelar","11":"first","12":"instock","13":"shipping-taxable","14":"purchasable","15":"product-type-simple"},"acf":[],"_links":{"self":[{"href":"https:\/\/store.evolve-fitness.eu\/sv\/wp-json\/wp\/v2\/product\/26935","targetHints":{"allow":["GET"]}}],"collection":[{"href":"https:\/\/store.evolve-fitness.eu\/sv\/wp-json\/wp\/v2\/product"}],"about":[{"href":"https:\/\/store.evolve-fitness.eu\/sv\/wp-json\/wp\/v2\/types\/product"}],"wp:featuredmedia":[{"embeddable":true,"href":"https:\/\/store.evolve-fitness.eu\/sv\/wp-json\/wp\/v2\/media\/26936"}],"wp:attachment":[{"href":"https:\/\/store.evolve-fitness.eu\/sv\/wp-json\/wp\/v2\/media?parent=26935"}],"wp:term":[{"taxonomy":"product_cat","embeddable":true,"href":"https:\/\/store.evolve-fitness.eu\/sv\/wp-json\/wp\/v2\/product_cat?post=26935"},{"taxonomy":"product_tag","embeddable":true,"href":"https:\/\/store.evolve-fitness.eu\/sv\/wp-json\/wp\/v2\/product_tag?post=26935"}],"curies":[{"name":"wp","href":"https:\/\/api.w.org\/{rel}","templated":true}]}}