{"id":26804,"date":"2023-10-03T11:32:43","date_gmt":"2023-10-03T11:32:43","guid":{"rendered":"https:\/\/store.evolve-fitness.eu\/product\/evolve-tralare\/"},"modified":"2024-08-06T10:45:57","modified_gmt":"2024-08-06T10:45:57","slug":"evolve-tralare","status":"publish","type":"product","link":"https:\/\/store.evolve-fitness.eu\/sv\/produkt\/evolve-tralare\/","title":{"rendered":"Evolve tr\u00e5lare"},"content":{"rendered":"","protected":false},"excerpt":{"rendered":"<p>F\u00f6rb\u00e4ttra din tr\u00e4nings m\u00e5ngsidighet med Evolve Trawler, ett 750 mm till\u00e4gg till din Evolve-rigg.<br \/>\nDenna m\u00e5ngsidiga komponent \u00e4r utformad f\u00f6r att lyfta funktionella, crossfit-, grupp- eller individuella tr\u00e4ningspass och har en modul\u00e4r design f\u00f6r anpassade inst\u00e4llningar och tillbeh\u00f6rskompatibilitet.  Pris per styck. Dyk in i en f\u00f6rb\u00e4ttrad tr\u00e4ningsupplevelse med Evolve Trawler idag!  <\/p>\n","protected":false},"featured_media":26812,"template":"","meta":{"_acf_changed":false,"inline_featured_image":false},"product_cat":[550,623,642,969],"product_tag":[],"class_list":{"0":"post-26804","1":"product","2":"type-product","3":"status-publish","4":"has-post-thumbnail","6":"product_cat-startsida","7":"product_cat-korsvis-funktionell","8":"product_cat-komponenter-till-riggen","9":"product_cat-huvuddelar","11":"first","12":"instock","13":"shipping-taxable","14":"purchasable","15":"product-type-simple"},"acf":[],"_links":{"self":[{"href":"https:\/\/store.evolve-fitness.eu\/sv\/wp-json\/wp\/v2\/product\/26804","targetHints":{"allow":["GET"]}}],"collection":[{"href":"https:\/\/store.evolve-fitness.eu\/sv\/wp-json\/wp\/v2\/product"}],"about":[{"href":"https:\/\/store.evolve-fitness.eu\/sv\/wp-json\/wp\/v2\/types\/product"}],"wp:featuredmedia":[{"embeddable":true,"href":"https:\/\/store.evolve-fitness.eu\/sv\/wp-json\/wp\/v2\/media\/26812"}],"wp:attachment":[{"href":"https:\/\/store.evolve-fitness.eu\/sv\/wp-json\/wp\/v2\/media?parent=26804"}],"wp:term":[{"taxonomy":"product_cat","embeddable":true,"href":"https:\/\/store.evolve-fitness.eu\/sv\/wp-json\/wp\/v2\/product_cat?post=26804"},{"taxonomy":"product_tag","embeddable":true,"href":"https:\/\/store.evolve-fitness.eu\/sv\/wp-json\/wp\/v2\/product_tag?post=26804"}],"curies":[{"name":"wp","href":"https:\/\/api.w.org\/{rel}","templated":true}]}}