{"id":26748,"date":"2023-10-04T06:13:04","date_gmt":"2023-10-04T06:13:04","guid":{"rendered":"https:\/\/store.evolve-fitness.eu\/product\/evolve-vaggforvaring-for-kulor-och-stotfangare-1100-1800-mm\/"},"modified":"2026-04-29T12:01:38","modified_gmt":"2026-04-29T12:01:38","slug":"evolve-vaggforvaring-for-kulor-och-stotfangare-1100-1800-mm","status":"publish","type":"product","link":"https:\/\/store.evolve-fitness.eu\/sv\/produkt\/evolve-vaggforvaring-for-kulor-och-stotfangare-1100-1800-mm\/","title":{"rendered":"Evolve v\u00e4ggf\u00f6rvaring f\u00f6r kul- och st\u00f6tf\u00e5ngarplattor &#8211; 1100 \/ 1800 mm"},"content":{"rendered":"","protected":false},"excerpt":{"rendered":"<p>F\u00f6rb\u00e4ttra ditt tr\u00e4ningsutrymme med v\u00e5r m\u00e5ngsidiga Evolve Wall Ball och Bumper Plate f\u00f6rvaringsl\u00f6sning, tillg\u00e4nglig i tv\u00e5 praktiska l\u00e4ngder: 1100 mm och 1800 mm. Dessa modul\u00e4ra riggar \u00e4r utformade f\u00f6r funktionell tr\u00e4ning, crossfit, grupptr\u00e4ning eller individuell tr\u00e4ning och kan anpassas f\u00f6r att passa dina specifika behov. Med m\u00f6jligheten att f\u00e4sta ett brett utbud av tillbeh\u00f6r kan du enkelt h\u00f6ja din tr\u00e4ningsupplevelse. Investera i ett mer organiserat och effektivt tr\u00e4ningsomr\u00e5de med denna viktiga utrustning som \u00e4r utformad f\u00f6r att h\u00e5lla ditt utrymme fritt fr\u00e5n r\u00f6ran och dina tr\u00e4ningspass i fokus.<\/p>\n","protected":false},"featured_media":26782,"template":"","meta":{"_acf_changed":false,"inline_featured_image":false},"product_cat":[550,623,642,685],"product_tag":[],"class_list":{"0":"post-26748","1":"product","2":"type-product","3":"status-publish","4":"has-post-thumbnail","6":"product_cat-startsida","7":"product_cat-korsvis-funktionell","8":"product_cat-komponenter-till-riggen","9":"product_cat-lagring","11":"first","12":"instock","13":"shipping-taxable","14":"purchasable","15":"product-type-variable"},"acf":[],"_links":{"self":[{"href":"https:\/\/store.evolve-fitness.eu\/sv\/wp-json\/wp\/v2\/product\/26748","targetHints":{"allow":["GET"]}}],"collection":[{"href":"https:\/\/store.evolve-fitness.eu\/sv\/wp-json\/wp\/v2\/product"}],"about":[{"href":"https:\/\/store.evolve-fitness.eu\/sv\/wp-json\/wp\/v2\/types\/product"}],"wp:featuredmedia":[{"embeddable":true,"href":"https:\/\/store.evolve-fitness.eu\/sv\/wp-json\/wp\/v2\/media\/26782"}],"wp:attachment":[{"href":"https:\/\/store.evolve-fitness.eu\/sv\/wp-json\/wp\/v2\/media?parent=26748"}],"wp:term":[{"taxonomy":"product_cat","embeddable":true,"href":"https:\/\/store.evolve-fitness.eu\/sv\/wp-json\/wp\/v2\/product_cat?post=26748"},{"taxonomy":"product_tag","embeddable":true,"href":"https:\/\/store.evolve-fitness.eu\/sv\/wp-json\/wp\/v2\/product_tag?post=26748"}],"curies":[{"name":"wp","href":"https:\/\/api.w.org\/{rel}","templated":true}]}}