{"id":26566,"date":"2023-10-03T11:17:17","date_gmt":"2023-10-03T11:17:17","guid":{"rendered":"https:\/\/store.evolve-fitness.eu\/product\/evolve-frontmonterad-dragstang-1200-mm\/"},"modified":"2024-03-13T23:12:36","modified_gmt":"2024-03-13T23:12:36","slug":"evolve-frontmonterad-dragstang-1200-mm","status":"publish","type":"product","link":"https:\/\/store.evolve-fitness.eu\/sv\/produkt\/evolve-frontmonterad-dragstang-1200-mm\/","title":{"rendered":"Evolve frontmonterad dragst\u00e5ng 1200 mm"},"content":{"rendered":"","protected":false},"excerpt":{"rendered":"<p>F\u00f6rh\u00f6j din tr\u00e4ningsrutin med Evolve Face Mount Pull Up Bar, som m\u00e4ter 1200 mm i l\u00e4ngd. Denna pullup-st\u00e5ng \u00e4r utformad f\u00f6r anv\u00e4ndning med Evolve-riggar och f\u00f6rb\u00e4ttrar funktionell tr\u00e4ning, crossfit, grupptr\u00e4ning eller individuell tr\u00e4ning. Den modul\u00e4ra designen och tillbeh\u00f6rskompatibiliteten ger flexibilitet att skr\u00e4ddarsy din tr\u00e4ningsupps\u00e4ttning. Pris per styck. Uppgradera din tr\u00e4ning med Evolve Face Mount Pull Up Bar idag!<\/p>\n","protected":false},"featured_media":26580,"template":"","meta":{"_acf_changed":false,"inline_featured_image":false},"product_cat":[550,623,642,969],"product_tag":[],"class_list":{"0":"post-26566","1":"product","2":"type-product","3":"status-publish","4":"has-post-thumbnail","6":"product_cat-startsida","7":"product_cat-korsvis-funktionell","8":"product_cat-komponenter-till-riggen","9":"product_cat-huvuddelar","11":"first","12":"instock","13":"shipping-taxable","14":"purchasable","15":"product-type-simple"},"acf":[],"_links":{"self":[{"href":"https:\/\/store.evolve-fitness.eu\/sv\/wp-json\/wp\/v2\/product\/26566","targetHints":{"allow":["GET"]}}],"collection":[{"href":"https:\/\/store.evolve-fitness.eu\/sv\/wp-json\/wp\/v2\/product"}],"about":[{"href":"https:\/\/store.evolve-fitness.eu\/sv\/wp-json\/wp\/v2\/types\/product"}],"wp:featuredmedia":[{"embeddable":true,"href":"https:\/\/store.evolve-fitness.eu\/sv\/wp-json\/wp\/v2\/media\/26580"}],"wp:attachment":[{"href":"https:\/\/store.evolve-fitness.eu\/sv\/wp-json\/wp\/v2\/media?parent=26566"}],"wp:term":[{"taxonomy":"product_cat","embeddable":true,"href":"https:\/\/store.evolve-fitness.eu\/sv\/wp-json\/wp\/v2\/product_cat?post=26566"},{"taxonomy":"product_tag","embeddable":true,"href":"https:\/\/store.evolve-fitness.eu\/sv\/wp-json\/wp\/v2\/product_tag?post=26566"}],"curies":[{"name":"wp","href":"https:\/\/api.w.org\/{rel}","templated":true}]}}