{"id":26444,"date":"2023-10-03T11:25:56","date_gmt":"2023-10-03T11:25:56","guid":{"rendered":"https:\/\/store.evolve-fitness.eu\/product\/evolve-flygande-stang-1100-1800-mm\/"},"modified":"2025-11-07T11:49:28","modified_gmt":"2025-11-07T11:49:28","slug":"evolve-flygande-stang-1100-1800-mm","status":"publish","type":"product","link":"https:\/\/store.evolve-fitness.eu\/sv\/produkt\/evolve-flygande-stang-1100-1800-mm\/","title":{"rendered":"Evolve Flygande st\u00e5ng 1100 \/ 1800 mm"},"content":{"rendered":"","protected":false},"excerpt":{"rendered":"<p>F\u00f6rh\u00f6j din tr\u00e4ningsupplevelse med Evolve Flying Bar, som finns i tv\u00e5 l\u00e4ngder: 1100 mm och 1800 mm. Denna m\u00e5ngsidiga st\u00e5ng \u00e4r utformad f\u00f6r att komplettera Evolve-riggar och ger funktionell tr\u00e4ning, crossfit, grupptr\u00e4ning eller individuell tr\u00e4ning. Den modul\u00e4ra designen och tillbeh\u00f6rskompatibiliteten ger flexibilitet att skapa en anpassad tr\u00e4ningsupps\u00e4ttning som \u00e4r skr\u00e4ddarsydd f\u00f6r dina behov. Pris per styck. Sv\u00e4va till nya h\u00f6jder i din tr\u00e4ningsresa med Evolve Flying Bar idag!<\/p>\n","protected":false},"featured_media":26466,"template":"","meta":{"_acf_changed":false,"inline_featured_image":false},"product_cat":[550,623,642,969],"product_tag":[],"class_list":{"0":"post-26444","1":"product","2":"type-product","3":"status-publish","4":"has-post-thumbnail","6":"product_cat-startsida","7":"product_cat-korsvis-funktionell","8":"product_cat-komponenter-till-riggen","9":"product_cat-huvuddelar","11":"first","12":"instock","13":"shipping-taxable","14":"purchasable","15":"product-type-variable"},"acf":[],"_links":{"self":[{"href":"https:\/\/store.evolve-fitness.eu\/sv\/wp-json\/wp\/v2\/product\/26444","targetHints":{"allow":["GET"]}}],"collection":[{"href":"https:\/\/store.evolve-fitness.eu\/sv\/wp-json\/wp\/v2\/product"}],"about":[{"href":"https:\/\/store.evolve-fitness.eu\/sv\/wp-json\/wp\/v2\/types\/product"}],"wp:featuredmedia":[{"embeddable":true,"href":"https:\/\/store.evolve-fitness.eu\/sv\/wp-json\/wp\/v2\/media\/26466"}],"wp:attachment":[{"href":"https:\/\/store.evolve-fitness.eu\/sv\/wp-json\/wp\/v2\/media?parent=26444"}],"wp:term":[{"taxonomy":"product_cat","embeddable":true,"href":"https:\/\/store.evolve-fitness.eu\/sv\/wp-json\/wp\/v2\/product_cat?post=26444"},{"taxonomy":"product_tag","embeddable":true,"href":"https:\/\/store.evolve-fitness.eu\/sv\/wp-json\/wp\/v2\/product_tag?post=26444"}],"curies":[{"name":"wp","href":"https:\/\/api.w.org\/{rel}","templated":true}]}}