{"id":26389,"date":"2023-10-03T10:38:25","date_gmt":"2023-10-03T10:38:25","guid":{"rendered":"https:\/\/store.evolve-fitness.eu\/product\/evolve-brokonstruktionsbalk-3000-mm\/"},"modified":"2024-03-13T23:10:22","modified_gmt":"2024-03-13T23:10:22","slug":"evolve-brokonstruktionsbalk-3000-mm","status":"publish","type":"product","link":"https:\/\/store.evolve-fitness.eu\/sv\/produkt\/evolve-brokonstruktionsbalk-3000-mm\/","title":{"rendered":"Evolve brokonstruktionsbalk &#8211; 3000 mm"},"content":{"rendered":"","protected":false},"excerpt":{"rendered":"<p>F\u00f6rb\u00e4ttra dina tr\u00e4ningsm\u00f6jligheter med Evolve Bridge Construction Beam, ett 3000 mm l\u00e5ngt och 58 kg tungt tillskott. Denna balk \u00e4r utformad f\u00f6r anv\u00e4ndning med Evolve-riggar och f\u00f6rb\u00e4ttrar dina funktionella, crossfit-, grupp- eller individuella tr\u00e4ningspass. Med sin modul\u00e4ra design och tillbeh\u00f6rskompatibilitet kan den anpassas f\u00f6r att optimera din tr\u00e4ningsrutin. Pris per styck. Ta din kondition till nya h\u00f6jder med Evolve Bridge Construction Beam!<\/p>\n","protected":false},"featured_media":26405,"template":"","meta":{"_acf_changed":false,"inline_featured_image":false},"product_cat":[550,623,642,969],"product_tag":[],"class_list":{"0":"post-26389","1":"product","2":"type-product","3":"status-publish","4":"has-post-thumbnail","6":"product_cat-startsida","7":"product_cat-korsvis-funktionell","8":"product_cat-komponenter-till-riggen","9":"product_cat-huvuddelar","11":"first","12":"instock","13":"shipping-taxable","14":"purchasable","15":"product-type-simple"},"acf":[],"_links":{"self":[{"href":"https:\/\/store.evolve-fitness.eu\/sv\/wp-json\/wp\/v2\/product\/26389","targetHints":{"allow":["GET"]}}],"collection":[{"href":"https:\/\/store.evolve-fitness.eu\/sv\/wp-json\/wp\/v2\/product"}],"about":[{"href":"https:\/\/store.evolve-fitness.eu\/sv\/wp-json\/wp\/v2\/types\/product"}],"wp:featuredmedia":[{"embeddable":true,"href":"https:\/\/store.evolve-fitness.eu\/sv\/wp-json\/wp\/v2\/media\/26405"}],"wp:attachment":[{"href":"https:\/\/store.evolve-fitness.eu\/sv\/wp-json\/wp\/v2\/media?parent=26389"}],"wp:term":[{"taxonomy":"product_cat","embeddable":true,"href":"https:\/\/store.evolve-fitness.eu\/sv\/wp-json\/wp\/v2\/product_cat?post=26389"},{"taxonomy":"product_tag","embeddable":true,"href":"https:\/\/store.evolve-fitness.eu\/sv\/wp-json\/wp\/v2\/product_tag?post=26389"}],"curies":[{"name":"wp","href":"https:\/\/api.w.org\/{rel}","templated":true}]}}