{"id":26232,"date":"2023-10-03T10:53:56","date_gmt":"2023-10-03T10:53:56","guid":{"rendered":"https:\/\/store.evolve-fitness.eu\/product\/evolve-kort-anslutningsram-380-512-mm\/"},"modified":"2026-04-16T12:01:18","modified_gmt":"2026-04-16T12:01:18","slug":"evolve-kort-anslutningsram-380-512-mm","status":"publish","type":"product","link":"https:\/\/store.evolve-fitness.eu\/sv\/produkt\/evolve-kort-anslutningsram-380-512-mm\/","title":{"rendered":"Evolve kort anslutningsram &#8211; 380 \/ 512 mm"},"content":{"rendered":"","protected":false},"excerpt":{"rendered":"<p>F\u00f6rb\u00e4ttra din tr\u00e4ningsm\u00e5ngsidighet med Evolve Short Connection Frame, som finns i tv\u00e5 l\u00e4ngder: 380 mm och 512 mm. Denna ram \u00e4r utformad f\u00f6r anv\u00e4ndning med Evolve-riggar och f\u00f6rb\u00e4ttrar funktionell tr\u00e4ning, crossfit, grupptr\u00e4ning eller individuell tr\u00e4ning. Den modul\u00e4ra designen och tillbeh\u00f6rskompatibiliteten ger flexibilitet att anpassa din tr\u00e4ningsupps\u00e4ttning. Pris per styck. Utveckla dina tr\u00e4ningspass med Short Connection Frame redan idag!<\/p>\n","protected":false},"featured_media":26268,"template":"","meta":{"_acf_changed":false,"inline_featured_image":false},"product_cat":[550,623,642,969],"product_tag":[],"class_list":{"0":"post-26232","1":"product","2":"type-product","3":"status-publish","4":"has-post-thumbnail","6":"product_cat-startsida","7":"product_cat-korsvis-funktionell","8":"product_cat-komponenter-till-riggen","9":"product_cat-huvuddelar","11":"first","12":"instock","13":"shipping-taxable","14":"purchasable","15":"product-type-variable"},"acf":[],"_links":{"self":[{"href":"https:\/\/store.evolve-fitness.eu\/sv\/wp-json\/wp\/v2\/product\/26232","targetHints":{"allow":["GET"]}}],"collection":[{"href":"https:\/\/store.evolve-fitness.eu\/sv\/wp-json\/wp\/v2\/product"}],"about":[{"href":"https:\/\/store.evolve-fitness.eu\/sv\/wp-json\/wp\/v2\/types\/product"}],"wp:featuredmedia":[{"embeddable":true,"href":"https:\/\/store.evolve-fitness.eu\/sv\/wp-json\/wp\/v2\/media\/26268"}],"wp:attachment":[{"href":"https:\/\/store.evolve-fitness.eu\/sv\/wp-json\/wp\/v2\/media?parent=26232"}],"wp:term":[{"taxonomy":"product_cat","embeddable":true,"href":"https:\/\/store.evolve-fitness.eu\/sv\/wp-json\/wp\/v2\/product_cat?post=26232"},{"taxonomy":"product_tag","embeddable":true,"href":"https:\/\/store.evolve-fitness.eu\/sv\/wp-json\/wp\/v2\/product_tag?post=26232"}],"curies":[{"name":"wp","href":"https:\/\/api.w.org\/{rel}","templated":true}]}}