{"id":25996,"date":"2023-10-03T10:27:52","date_gmt":"2023-10-03T10:27:52","guid":{"rendered":"https:\/\/store.evolve-fitness.eu\/product\/evolve-tvarbalk-1100-1800-mm\/"},"modified":"2026-04-22T12:00:23","modified_gmt":"2026-04-22T12:00:23","slug":"evolve-tvarbalk-1100-1800-mm","status":"publish","type":"product","link":"https:\/\/store.evolve-fitness.eu\/sv\/produkt\/evolve-tvarbalk-1100-1800-mm\/","title":{"rendered":"Evolve Cross Bar &#8211; 1100 \/ 1800 mm"},"content":{"rendered":"","protected":false},"excerpt":{"rendered":"<p>F\u00f6rb\u00e4ttra din tr\u00e4ningsm\u00e5ngsidighet med Evolve Cross Bar, som finns i l\u00e4ngderna 1100 mm och 1800 mm. Denna st\u00e5ng \u00e4r utformad f\u00f6r att komplettera Evolve-riggar och m\u00f6jligg\u00f6r olika funktionella, crossfit-, grupp- eller individuella tr\u00e4ningspass. Med sin modul\u00e4ra design och tillbeh\u00f6rskompatibilitet erbjuder Evolve Cross Bar flexibilitet f\u00f6r att optimera din tr\u00e4ningsrutin. Pris per styck. F\u00f6rb\u00e4ttra din kondition redan idag!<\/p>\n","protected":false},"featured_media":149250,"template":"","meta":{"_acf_changed":false,"inline_featured_image":false},"product_cat":[550,623,642,969],"product_tag":[],"class_list":{"0":"post-25996","1":"product","2":"type-product","3":"status-publish","4":"has-post-thumbnail","6":"product_cat-startsida","7":"product_cat-korsvis-funktionell","8":"product_cat-komponenter-till-riggen","9":"product_cat-huvuddelar","11":"first","12":"instock","13":"shipping-taxable","14":"product-type-simple"},"acf":[],"_links":{"self":[{"href":"https:\/\/store.evolve-fitness.eu\/sv\/wp-json\/wp\/v2\/product\/25996","targetHints":{"allow":["GET"]}}],"collection":[{"href":"https:\/\/store.evolve-fitness.eu\/sv\/wp-json\/wp\/v2\/product"}],"about":[{"href":"https:\/\/store.evolve-fitness.eu\/sv\/wp-json\/wp\/v2\/types\/product"}],"wp:featuredmedia":[{"embeddable":true,"href":"https:\/\/store.evolve-fitness.eu\/sv\/wp-json\/wp\/v2\/media\/149250"}],"wp:attachment":[{"href":"https:\/\/store.evolve-fitness.eu\/sv\/wp-json\/wp\/v2\/media?parent=25996"}],"wp:term":[{"taxonomy":"product_cat","embeddable":true,"href":"https:\/\/store.evolve-fitness.eu\/sv\/wp-json\/wp\/v2\/product_cat?post=25996"},{"taxonomy":"product_tag","embeddable":true,"href":"https:\/\/store.evolve-fitness.eu\/sv\/wp-json\/wp\/v2\/product_tag?post=25996"}],"curies":[{"name":"wp","href":"https:\/\/api.w.org\/{rel}","templated":true}]}}