{"id":25885,"date":"2023-10-03T10:08:00","date_gmt":"2023-10-03T10:08:00","guid":{"rendered":"https:\/\/store.evolve-fitness.eu\/product\/evolve-triangelstang-1100-1800-mm\/"},"modified":"2025-11-07T11:49:08","modified_gmt":"2025-11-07T11:49:08","slug":"evolve-triangelstang-1100-1800-mm","status":"publish","type":"product","link":"https:\/\/store.evolve-fitness.eu\/sv\/produkt\/evolve-triangelstang-1100-1800-mm\/","title":{"rendered":"Evolve triangelst\u00e5ng &#8211; 1100 \/ 1800 mm"},"content":{"rendered":"","protected":false},"excerpt":{"rendered":"<p>Uppgradera din tr\u00e4ningsrutin med Evolve Triangle Bar, som finns i l\u00e4ngderna 1100 mm och 1800 mm. Denna m\u00e5ngsidiga st\u00e5ng \u00e4r utformad f\u00f6r att f\u00f6rb\u00e4ttra funktionell, crossfit, grupp- eller individuell tr\u00e4ning tillsammans med Evolve-riggar, och dess modul\u00e4ra design och tillbeh\u00f6rskompatibilitet ger flexibilitet f\u00f6r dina tr\u00e4ningspass. Pris per styck. Lyft din fitnessresa nu!<\/p>\n","protected":false},"featured_media":25918,"template":"","meta":{"_acf_changed":false,"inline_featured_image":false},"product_cat":[550,623,642,969],"product_tag":[],"class_list":{"0":"post-25885","1":"product","2":"type-product","3":"status-publish","4":"has-post-thumbnail","6":"product_cat-startsida","7":"product_cat-korsvis-funktionell","8":"product_cat-komponenter-till-riggen","9":"product_cat-huvuddelar","11":"first","12":"outofstock","13":"shipping-taxable","14":"purchasable","15":"product-type-variable"},"acf":[],"_links":{"self":[{"href":"https:\/\/store.evolve-fitness.eu\/sv\/wp-json\/wp\/v2\/product\/25885","targetHints":{"allow":["GET"]}}],"collection":[{"href":"https:\/\/store.evolve-fitness.eu\/sv\/wp-json\/wp\/v2\/product"}],"about":[{"href":"https:\/\/store.evolve-fitness.eu\/sv\/wp-json\/wp\/v2\/types\/product"}],"wp:featuredmedia":[{"embeddable":true,"href":"https:\/\/store.evolve-fitness.eu\/sv\/wp-json\/wp\/v2\/media\/25918"}],"wp:attachment":[{"href":"https:\/\/store.evolve-fitness.eu\/sv\/wp-json\/wp\/v2\/media?parent=25885"}],"wp:term":[{"taxonomy":"product_cat","embeddable":true,"href":"https:\/\/store.evolve-fitness.eu\/sv\/wp-json\/wp\/v2\/product_cat?post=25885"},{"taxonomy":"product_tag","embeddable":true,"href":"https:\/\/store.evolve-fitness.eu\/sv\/wp-json\/wp\/v2\/product_tag?post=25885"}],"curies":[{"name":"wp","href":"https:\/\/api.w.org\/{rel}","templated":true}]}}