{"id":25858,"date":"2023-10-03T08:37:30","date_gmt":"2023-10-03T08:37:30","guid":{"rendered":"https:\/\/store.evolve-fitness.eu\/product\/evolve-dubbel-monkey-bar-1100-mm-1800-mm\/"},"modified":"2026-04-02T12:00:50","modified_gmt":"2026-04-02T12:00:50","slug":"evolve-dubbel-monkey-bar-1100-mm-1800-mm","status":"publish","type":"product","link":"https:\/\/store.evolve-fitness.eu\/sv\/produkt\/evolve-dubbel-monkey-bar-1100-mm-1800-mm\/","title":{"rendered":"Evolve dubbel monkey bar &#8211; 1100 mm \/ 1800 mm"},"content":{"rendered":"","protected":false},"excerpt":{"rendered":"<p>Uppgradera dina tr\u00e4ningspass med Evolve Double Monkey Bar, i l\u00e4ngderna 1100 mm eller 1800 mm. Dessa st\u00e4nger \u00e4r utformade f\u00f6r Evolve-riggar och f\u00f6rb\u00e4ttrar din funktionella tr\u00e4ning, crossfit, grupptr\u00e4ning eller solotr\u00e4ning. Med en robust diameter p\u00e5 32 mm och tillbeh\u00f6rskompatibilitet f\u00f6rb\u00e4ttrar Evolve Double Monkey Bar din tr\u00e4ningsrutin. Pris per styck. F\u00f6rb\u00e4ttra din kondition redan idag.<\/p>\n","protected":false},"featured_media":25867,"template":"","meta":{"_acf_changed":false,"inline_featured_image":false},"product_cat":[550,623,642,969],"product_tag":[],"class_list":{"0":"post-25858","1":"product","2":"type-product","3":"status-publish","4":"has-post-thumbnail","6":"product_cat-startsida","7":"product_cat-korsvis-funktionell","8":"product_cat-komponenter-till-riggen","9":"product_cat-huvuddelar","11":"first","12":"instock","13":"shipping-taxable","14":"purchasable","15":"product-type-variable"},"acf":[],"_links":{"self":[{"href":"https:\/\/store.evolve-fitness.eu\/sv\/wp-json\/wp\/v2\/product\/25858","targetHints":{"allow":["GET"]}}],"collection":[{"href":"https:\/\/store.evolve-fitness.eu\/sv\/wp-json\/wp\/v2\/product"}],"about":[{"href":"https:\/\/store.evolve-fitness.eu\/sv\/wp-json\/wp\/v2\/types\/product"}],"wp:featuredmedia":[{"embeddable":true,"href":"https:\/\/store.evolve-fitness.eu\/sv\/wp-json\/wp\/v2\/media\/25867"}],"wp:attachment":[{"href":"https:\/\/store.evolve-fitness.eu\/sv\/wp-json\/wp\/v2\/media?parent=25858"}],"wp:term":[{"taxonomy":"product_cat","embeddable":true,"href":"https:\/\/store.evolve-fitness.eu\/sv\/wp-json\/wp\/v2\/product_cat?post=25858"},{"taxonomy":"product_tag","embeddable":true,"href":"https:\/\/store.evolve-fitness.eu\/sv\/wp-json\/wp\/v2\/product_tag?post=25858"}],"curies":[{"name":"wp","href":"https:\/\/api.w.org\/{rel}","templated":true}]}}