{"id":25782,"date":"2023-10-03T10:00:51","date_gmt":"2023-10-03T10:00:51","guid":{"rendered":"https:\/\/store.evolve-fitness.eu\/product\/evolve-lutande-nedatgaende-balk-1100-1800-mm\/"},"modified":"2026-03-18T12:00:53","modified_gmt":"2026-03-18T12:00:53","slug":"evolve-lutande-nedatgaende-balk-1100-1800-mm","status":"publish","type":"product","link":"https:\/\/store.evolve-fitness.eu\/sv\/produkt\/evolve-lutande-nedatgaende-balk-1100-1800-mm\/","title":{"rendered":"Evolve lutande\/ned\u00e5tg\u00e5ende balk &#8211; 1100 \/ 1800 mm"},"content":{"rendered":"","protected":false},"excerpt":{"rendered":"<p>Lyft dina tr\u00e4ningspass med Evolve Incline\/Decline Beam, i l\u00e4ngderna 1100 mm eller 1800 mm. Denna balk \u00e4r utformad f\u00f6r att f\u00f6rb\u00e4ttra funktionell, crossfit, grupp- eller individuell tr\u00e4ning tillsammans med Evolve-riggar, och dess modul\u00e4ra design och tillbeh\u00f6rskompatibilitet ger m\u00e5ngsidighet f\u00f6r dina tr\u00e4ningsbehov. Pris per styck. F\u00f6rb\u00e4ttra din tr\u00e4ningsrutin redan idag!<\/p>\n","protected":false},"featured_media":25791,"template":"","meta":{"_acf_changed":false,"inline_featured_image":false},"product_cat":[550,623,642,969],"product_tag":[],"class_list":{"0":"post-25782","1":"product","2":"type-product","3":"status-publish","4":"has-post-thumbnail","6":"product_cat-startsida","7":"product_cat-korsvis-funktionell","8":"product_cat-komponenter-till-riggen","9":"product_cat-huvuddelar","11":"first","12":"instock","13":"shipping-taxable","14":"purchasable","15":"product-type-variable"},"acf":[],"_links":{"self":[{"href":"https:\/\/store.evolve-fitness.eu\/sv\/wp-json\/wp\/v2\/product\/25782","targetHints":{"allow":["GET"]}}],"collection":[{"href":"https:\/\/store.evolve-fitness.eu\/sv\/wp-json\/wp\/v2\/product"}],"about":[{"href":"https:\/\/store.evolve-fitness.eu\/sv\/wp-json\/wp\/v2\/types\/product"}],"wp:featuredmedia":[{"embeddable":true,"href":"https:\/\/store.evolve-fitness.eu\/sv\/wp-json\/wp\/v2\/media\/25791"}],"wp:attachment":[{"href":"https:\/\/store.evolve-fitness.eu\/sv\/wp-json\/wp\/v2\/media?parent=25782"}],"wp:term":[{"taxonomy":"product_cat","embeddable":true,"href":"https:\/\/store.evolve-fitness.eu\/sv\/wp-json\/wp\/v2\/product_cat?post=25782"},{"taxonomy":"product_tag","embeddable":true,"href":"https:\/\/store.evolve-fitness.eu\/sv\/wp-json\/wp\/v2\/product_tag?post=25782"}],"curies":[{"name":"wp","href":"https:\/\/api.w.org\/{rel}","templated":true}]}}