{"id":25686,"date":"2023-10-03T08:51:01","date_gmt":"2023-10-03T08:51:01","guid":{"rendered":"https:\/\/store.evolve-fitness.eu\/product\/evolve-multifunktionsbalk-1100-1800-mm\/"},"modified":"2026-04-16T12:01:18","modified_gmt":"2026-04-16T12:01:18","slug":"evolve-multifunktionsbalk-1100-1800-mm","status":"publish","type":"product","link":"https:\/\/store.evolve-fitness.eu\/sv\/produkt\/evolve-multifunktionsbalk-1100-1800-mm\/","title":{"rendered":"Evolve multifunktionell balk &#8211; 1100 \/ 1800 mm"},"content":{"rendered":"","protected":false},"excerpt":{"rendered":"<p>F\u00f6rb\u00e4ttra dina tr\u00e4ningspass med Evolve Multifunctional Beam, som finns i l\u00e4ngderna 1100 mm och 1800 mm. Denna m\u00e5ngsidiga balk \u00e4r utformad f\u00f6r anv\u00e4ndning med Evolve-riggar och m\u00f6jligg\u00f6r m\u00e5ngsidig funktionell tr\u00e4ning, crossfit, grupptr\u00e4ning eller individuell tr\u00e4ning. Med sin modul\u00e4ra design och tillbeh\u00f6rskompatibilitet erbjuder Evolve Multifunctional Beam flexibilitet f\u00f6r att h\u00f6ja din tr\u00e4ningsrutin. Pris per styck. F\u00f6rb\u00e4ttra din kondition redan idag!<\/p>\n","protected":false},"featured_media":25707,"template":"","meta":{"_acf_changed":false,"inline_featured_image":false},"product_cat":[550,623,642,969],"product_tag":[],"class_list":{"0":"post-25686","1":"product","2":"type-product","3":"status-publish","4":"has-post-thumbnail","6":"product_cat-startsida","7":"product_cat-korsvis-funktionell","8":"product_cat-komponenter-till-riggen","9":"product_cat-huvuddelar","11":"first","12":"instock","13":"shipping-taxable","14":"purchasable","15":"product-type-variable"},"acf":[],"_links":{"self":[{"href":"https:\/\/store.evolve-fitness.eu\/sv\/wp-json\/wp\/v2\/product\/25686","targetHints":{"allow":["GET"]}}],"collection":[{"href":"https:\/\/store.evolve-fitness.eu\/sv\/wp-json\/wp\/v2\/product"}],"about":[{"href":"https:\/\/store.evolve-fitness.eu\/sv\/wp-json\/wp\/v2\/types\/product"}],"wp:featuredmedia":[{"embeddable":true,"href":"https:\/\/store.evolve-fitness.eu\/sv\/wp-json\/wp\/v2\/media\/25707"}],"wp:attachment":[{"href":"https:\/\/store.evolve-fitness.eu\/sv\/wp-json\/wp\/v2\/media?parent=25686"}],"wp:term":[{"taxonomy":"product_cat","embeddable":true,"href":"https:\/\/store.evolve-fitness.eu\/sv\/wp-json\/wp\/v2\/product_cat?post=25686"},{"taxonomy":"product_tag","embeddable":true,"href":"https:\/\/store.evolve-fitness.eu\/sv\/wp-json\/wp\/v2\/product_tag?post=25686"}],"curies":[{"name":"wp","href":"https:\/\/api.w.org\/{rel}","templated":true}]}}