{"id":25529,"date":"2023-10-03T07:42:47","date_gmt":"2023-10-03T07:42:47","guid":{"rendered":"https:\/\/store.evolve-fitness.eu\/product\/evolve-enkel-monkey-bar-1100-mm-1800-mm\/"},"modified":"2026-04-22T12:00:53","modified_gmt":"2026-04-22T12:00:53","slug":"evolve-enkel-monkey-bar-1100-mm-1800-mm","status":"publish","type":"product","link":"https:\/\/store.evolve-fitness.eu\/sv\/produkt\/evolve-enkel-monkey-bar-1100-mm-1800-mm\/","title":{"rendered":"Evolve Enkel Monkey Bar &#8211; 1100 mm \/ 1800 mm"},"content":{"rendered":"","protected":false},"excerpt":{"rendered":"<p>Lyft dina tr\u00e4ningspass med Evolve Single Monkey Bar, som finns i tv\u00e5 l\u00e4ngder: 1100 mm och 1800 mm. Dessa m\u00e5ngsidiga st\u00e4nger \u00e4r utformade f\u00f6r att f\u00f6rb\u00e4ttra din funktionella tr\u00e4ning, crossfit, grupptr\u00e4ning eller individuella tr\u00e4ning. Med en robust diameter p\u00e5 32 mm och kompatibilitet med olika tillbeh\u00f6r erbjuder Evolve Single Monkey Bar anpassning och bekv\u00e4mlighet f\u00f6r att ta din tr\u00e4ning till n\u00e4sta niv\u00e5. Pris per styck.<\/p>\n","protected":false},"featured_media":25537,"template":"","meta":{"_acf_changed":false,"inline_featured_image":false},"product_cat":[550,623,642,969],"product_tag":[],"class_list":{"0":"post-25529","1":"product","2":"type-product","3":"status-publish","4":"has-post-thumbnail","6":"product_cat-startsida","7":"product_cat-korsvis-funktionell","8":"product_cat-komponenter-till-riggen","9":"product_cat-huvuddelar","11":"first","12":"instock","13":"shipping-taxable","14":"purchasable","15":"product-type-variable"},"acf":[],"_links":{"self":[{"href":"https:\/\/store.evolve-fitness.eu\/sv\/wp-json\/wp\/v2\/product\/25529","targetHints":{"allow":["GET"]}}],"collection":[{"href":"https:\/\/store.evolve-fitness.eu\/sv\/wp-json\/wp\/v2\/product"}],"about":[{"href":"https:\/\/store.evolve-fitness.eu\/sv\/wp-json\/wp\/v2\/types\/product"}],"wp:featuredmedia":[{"embeddable":true,"href":"https:\/\/store.evolve-fitness.eu\/sv\/wp-json\/wp\/v2\/media\/25537"}],"wp:attachment":[{"href":"https:\/\/store.evolve-fitness.eu\/sv\/wp-json\/wp\/v2\/media?parent=25529"}],"wp:term":[{"taxonomy":"product_cat","embeddable":true,"href":"https:\/\/store.evolve-fitness.eu\/sv\/wp-json\/wp\/v2\/product_cat?post=25529"},{"taxonomy":"product_tag","embeddable":true,"href":"https:\/\/store.evolve-fitness.eu\/sv\/wp-json\/wp\/v2\/product_tag?post=25529"}],"curies":[{"name":"wp","href":"https:\/\/api.w.org\/{rel}","templated":true}]}}