{"id":25405,"date":"2023-10-03T07:26:01","date_gmt":"2023-10-03T07:26:01","guid":{"rendered":"https:\/\/store.evolve-fitness.eu\/product\/evolve-uppratt-2300-3600-mm\/"},"modified":"2025-11-07T10:58:07","modified_gmt":"2025-11-07T10:58:07","slug":"evolve-uppratt-2300-3600-mm","status":"publish","type":"product","link":"https:\/\/store.evolve-fitness.eu\/sv\/produkt\/evolve-uppratt-2300-3600-mm\/","title":{"rendered":"Evolve Upright 2300 &#8211; 3600 MM"},"content":{"rendered":"","protected":false},"excerpt":{"rendered":"<p>F\u00f6rb\u00e4ttra din tr\u00e4ning med den m\u00e5ngsidiga Evolve Upright-riggen. Denna modul\u00e4ra rigg \u00e4r utformad f\u00f6r en m\u00e4ngd olika funktionella tr\u00e4ningsstilar, inklusive crossfit och grupp- eller individuell tr\u00e4ning, och du kan anpassa den s\u00e5 att den passar dina behov. Med olika alternativ f\u00f6r stolpl\u00e4ngd &#8211; 2300 mm och precisionsskurna h\u00e5l f\u00f6r s\u00f6ml\u00f6sa tillbeh\u00f6r \u00e4r Evolve Upright det perfekta tillskottet till din tr\u00e4ningslokal. F\u00f6rvandla dina tr\u00e4ningspass och uppn\u00e5 dina fitnessm\u00e5l med denna anpassningsbara och robusta rigg.<\/p>\n","protected":false},"featured_media":25444,"template":"","meta":{"_acf_changed":false,"inline_featured_image":false},"product_cat":[550,623,642,969],"product_tag":[],"class_list":{"0":"post-25405","1":"product","2":"type-product","3":"status-publish","4":"has-post-thumbnail","6":"product_cat-startsida","7":"product_cat-korsvis-funktionell","8":"product_cat-komponenter-till-riggen","9":"product_cat-huvuddelar","11":"first","12":"instock","13":"shipping-taxable","14":"purchasable","15":"product-type-variable"},"acf":[],"_links":{"self":[{"href":"https:\/\/store.evolve-fitness.eu\/sv\/wp-json\/wp\/v2\/product\/25405","targetHints":{"allow":["GET"]}}],"collection":[{"href":"https:\/\/store.evolve-fitness.eu\/sv\/wp-json\/wp\/v2\/product"}],"about":[{"href":"https:\/\/store.evolve-fitness.eu\/sv\/wp-json\/wp\/v2\/types\/product"}],"wp:featuredmedia":[{"embeddable":true,"href":"https:\/\/store.evolve-fitness.eu\/sv\/wp-json\/wp\/v2\/media\/25444"}],"wp:attachment":[{"href":"https:\/\/store.evolve-fitness.eu\/sv\/wp-json\/wp\/v2\/media?parent=25405"}],"wp:term":[{"taxonomy":"product_cat","embeddable":true,"href":"https:\/\/store.evolve-fitness.eu\/sv\/wp-json\/wp\/v2\/product_cat?post=25405"},{"taxonomy":"product_tag","embeddable":true,"href":"https:\/\/store.evolve-fitness.eu\/sv\/wp-json\/wp\/v2\/product_tag?post=25405"}],"curies":[{"name":"wp","href":"https:\/\/api.w.org\/{rel}","templated":true}]}}