{"id":25174,"date":"2023-10-02T14:44:57","date_gmt":"2023-10-02T14:44:57","guid":{"rendered":"https:\/\/store.evolve-fitness.eu\/product\/evolve-vaggmonterad-hylla\/"},"modified":"2024-08-01T10:07:40","modified_gmt":"2024-08-01T10:07:40","slug":"evolve-vaggmonterad-hylla","status":"publish","type":"product","link":"https:\/\/store.evolve-fitness.eu\/sv\/produkt\/evolve-vaggmonterad-hylla\/","title":{"rendered":"Evolve v\u00e4ggmonterad hylla"},"content":{"rendered":"","protected":false},"excerpt":{"rendered":"<p>F\u00f6rh\u00f6j din styrketr\u00e4ningsrutin med Evolve v\u00e4ggmonterade multifunktionella skivst\u00e5ngsst\u00e4ll.<br \/>\nDetta utrymmeseffektiva rack \u00e4r utformat f\u00f6r m\u00e5ngsidiga skivst\u00e5ngs\u00f6vningar, med dedikerade punkter f\u00f6r f\u00f6rvaring och s\u00e4kring av motst\u00e5ndsband och tr\u00e4ningstillbeh\u00f6r.<br \/>\nDetta v\u00e4ggmonterade rack \u00e4r perfekt f\u00f6r kompakta utrymmen och garanterar bekv\u00e4mlighet och tillg\u00e4nglighet f\u00f6r en m\u00e4ngd olika skivst\u00e5ngstr\u00e4ningar.<br \/>\nF\u00f6rb\u00e4ttra ditt tr\u00e4ningsprogram genom att maximera funktionalitet och organisation med Evolve v\u00e4ggmonterade multifunktionella skivst\u00e5ngsst\u00e4ll, som erbjuder en s\u00f6ml\u00f6s l\u00f6sning f\u00f6r skivst\u00e5ngsentusiaster som s\u00f6ker en kompakt och effektiv tr\u00e4ningsupps\u00e4ttning.   <\/p>\n","protected":false},"featured_media":25196,"template":"","meta":{"_acf_changed":false,"inline_featured_image":false},"product_cat":[550,623,950],"product_tag":[],"class_list":{"0":"post-25174","1":"product","2":"type-product","3":"status-publish","4":"has-post-thumbnail","6":"product_cat-startsida","7":"product_cat-korsvis-funktionell","8":"product_cat-vaggfasten","10":"first","11":"instock","12":"shipping-taxable","13":"purchasable","14":"product-type-simple"},"acf":[],"_links":{"self":[{"href":"https:\/\/store.evolve-fitness.eu\/sv\/wp-json\/wp\/v2\/product\/25174","targetHints":{"allow":["GET"]}}],"collection":[{"href":"https:\/\/store.evolve-fitness.eu\/sv\/wp-json\/wp\/v2\/product"}],"about":[{"href":"https:\/\/store.evolve-fitness.eu\/sv\/wp-json\/wp\/v2\/types\/product"}],"wp:featuredmedia":[{"embeddable":true,"href":"https:\/\/store.evolve-fitness.eu\/sv\/wp-json\/wp\/v2\/media\/25196"}],"wp:attachment":[{"href":"https:\/\/store.evolve-fitness.eu\/sv\/wp-json\/wp\/v2\/media?parent=25174"}],"wp:term":[{"taxonomy":"product_cat","embeddable":true,"href":"https:\/\/store.evolve-fitness.eu\/sv\/wp-json\/wp\/v2\/product_cat?post=25174"},{"taxonomy":"product_tag","embeddable":true,"href":"https:\/\/store.evolve-fitness.eu\/sv\/wp-json\/wp\/v2\/product_tag?post=25174"}],"curies":[{"name":"wp","href":"https:\/\/api.w.org\/{rel}","templated":true}]}}