{"id":24851,"date":"2023-09-29T11:14:03","date_gmt":"2023-09-29T11:14:03","guid":{"rendered":"https:\/\/store.evolve-fitness.eu\/product\/utveckla-halv-rack\/"},"modified":"2024-09-25T12:26:00","modified_gmt":"2024-09-25T12:26:00","slug":"utveckla-halv-rack","status":"publish","type":"product","link":"https:\/\/store.evolve-fitness.eu\/sv\/produkt\/utveckla-halv-rack\/","title":{"rendered":"Evolve HR-208 Halv rack"},"content":{"rendered":"\n<section class=\"wp-block-group alignfull black-content has-white-color has-darkgray-background-color has-text-color has-background is-layout-constrained wp-block-group-is-layout-constrained\" style=\"padding-top:var(--wp--preset--spacing--section-bottom);padding-bottom:var(--wp--preset--spacing--section-bottom)\">\n<div class=\"wp-block-columns alignwide mobile-reverse is-layout-flex wp-container-core-columns-is-layout-ca64bf2d wp-block-columns-is-layout-flex\" style=\"margin-bottom:var(--wp--preset--spacing--side-padding)\">\n<div class=\"wp-block-column is-vertically-aligned-center is-layout-flow wp-block-column-is-layout-flow\">\n<h3 class=\"wp-block-heading\" style=\"margin-bottom:var(--wp--preset--spacing--h-3-bottom)\"><strong><strong><strong><strong><strong><strong><strong>robust och m\u00e5ngsidig konstruktion<\/strong><\/strong><\/strong><\/strong><\/strong><\/strong><\/strong><\/h3>\n\n\n\n<p>Evolve HR-208 Half Rack \u00e4r en robust och m\u00e5ngsidig utrustning f\u00f6r styrketr\u00e4ning, idealisk f\u00f6r kommersiella gym. Dessa egenskaper g\u00f6r den till ett utm\u00e4rkt val f\u00f6r en rad olika styrke\u00f6vningar, som st\u00f6djer olika tr\u00e4ningsrutiner samtidigt som fokus ligger p\u00e5 l\u00e5ngsiktig tillf\u00f6rlitlighet. Evolve HR-208 Half Rack \u00e4r utformat f\u00f6r att rymma ett brett utbud av styrketr\u00e4nings\u00f6vningar. De justerbara funktionerna, inklusive J-krokar och s\u00e4kerhetsbyglar, ger m\u00e5ngsidighet f\u00f6r \u00f6vningar som kn\u00e4b\u00f6j, b\u00e4nkpress och marklyft. Detta rack har ocks\u00e5 en pull-up-st\u00e5ng med flera grepp, vilket f\u00f6rb\u00e4ttrar tr\u00e4ningsm\u00f6jligheterna f\u00f6r \u00f6verkroppen.<\/p>\n<\/div>\n\n\n\n<div class=\"wp-block-column is-vertically-aligned-center is-layout-flow wp-block-column-is-layout-flow\">\n<figure class=\"wp-block-video\"><video autoplay=\"\" controls=\"\" loop=\"\" muted=\"\" src=\"https:\/\/evolve-fitness.eu\/wp-content\/uploads\/2023\/12\/3.mp4\"><\/video><\/figure>\n<\/div>\n<\/div>\n\n\n\n<div class=\"wp-block-columns alignwide mobile-reverse is-layout-flex wp-container-core-columns-is-layout-ca64bf2d wp-block-columns-is-layout-flex\" style=\"margin-bottom:var(--wp--preset--spacing--side-padding)\">\n<div class=\"wp-block-column is-vertically-aligned-center is-layout-flow wp-block-column-is-layout-flow\">\n<figure class=\"wp-block-video\"><video autoplay=\"\" controls=\"\" loop=\"\" muted=\"\" src=\"https:\/\/evolve-fitness.eu\/wp-content\/uploads\/2024\/02\/ER-PR-HR-208-3D.mp4\"><\/video><\/figure>\n<\/div>\n\n\n\n<div class=\"wp-block-column is-vertically-aligned-center is-layout-flow wp-block-column-is-layout-flow\">\n<h3 class=\"wp-block-heading\" style=\"margin-bottom:var(--wp--preset--spacing--h-3-bottom)\"><strong><strong><strong><strong><strong><strong><strong>3D-monteringsvideo f\u00f6r Evolve HR-208 halvst\u00e4ll<\/strong><\/strong><\/strong><\/strong><\/strong><\/strong><\/strong><\/h3>\n\n\n\n<p>I denna 3D-monteringsvideo ger vi dig en unik m\u00f6jlighet att verkligen f\u00f6rst\u00e5 och visualisera hur ditt Evolve HR-208 Half Rack s\u00e4tts samman fr\u00e5n enskilda komponenter till sin slutliga, robusta form. V\u00e5r avancerade 3D-renderingsteknik ger dig ett o\u00f6vertr\u00e4ffat perspektiv, s\u00e5 att du kan se exakt hur varje del h\u00e4nger ihop och bidrar till den \u00f6vergripande strukturen. N\u00e4r monteringen fortskrider kommer du att se ditt halvst\u00e4ll f\u00f6rvandlas framf\u00f6r dina \u00f6gon, och i slutet av videon kommer du att ha en omfattande f\u00f6rst\u00e5else f\u00f6r dess slutliga utseende, vilket s\u00e4kerst\u00e4ller att det sm\u00e4lter in s\u00f6ml\u00f6st i ditt tr\u00e4ningsutrymme samtidigt som det levererar f\u00f6rstklassig prestanda.<\/p>\n<\/div>\n<\/div>\n\n\n\n<div class=\"wp-block-columns alignwide is-layout-flex wp-container-core-columns-is-layout-c45ee707 wp-block-columns-is-layout-flex\" style=\"margin-bottom:var(--wp--preset--spacing--side-padding);padding-top:var(--wp--preset--spacing--side-padding)\">\n<div class=\"wp-block-column is-vertically-aligned-center is-layout-constrained wp-block-column-is-layout-constrained\">\n<h3 class=\"wp-block-heading\" style=\"margin-bottom:var(--wp--preset--spacing--h-3-bottom)\"><strong><strong><strong><strong><strong><strong><strong><strong>KOMPAKT <\/strong><\/strong><\/strong><\/strong><\/strong><\/strong><\/strong><\/strong>OCH stabil design<\/h3>\n\n\n\n<p>Den robusta 3 mm tjocka pulverlackerade ramen klarar upp till 1000 kg, vilket garanterar h\u00e5llbarhet och s\u00e4kerhet. Den kompakta konstruktionen g\u00f6r den l\u00e4mplig f\u00f6r mindre utrymmen samtidigt som den har den robusthet som kr\u00e4vs f\u00f6r tunga lyft. Rackets design \u00e4r optimerad f\u00f6r stabilitet, vilket s\u00e4kerst\u00e4ller att det sitter s\u00e4kert under intensiva tr\u00e4ningspass. Detta g\u00f6r den till ett s\u00e4kert och p\u00e5litligt val f\u00f6r b\u00e5de nyb\u00f6rjare och erfarna lyftare, vilket bidrar till en effektiv och \u00e4ndam\u00e5lsenlig tr\u00e4ningsmilj\u00f6. Det integrerade viktf\u00f6rvaringssystemet hj\u00e4lper till att h\u00e5lla tr\u00e4ningsomr\u00e5det st\u00e4dat och s\u00e4kert.<\/p>\n<\/div>\n\n\n\n<div class=\"wp-block-column is-vertically-aligned-center is-layout-flow wp-block-column-is-layout-flow\">\n<figure class=\"wp-block-image size-large\"><img decoding=\"async\" src=\"https:\/\/evolve-fitness.eu\/wp-content\/uploads\/2023\/11\/A7_06155-683x1024.jpg\" alt=\"\" class=\"wp-image-8010\"\/><\/figure>\n<\/div>\n<\/div>\n\n\n\n<div class=\"wp-block-columns alignwide is-layout-flex wp-container-core-columns-is-layout-c45ee707 wp-block-columns-is-layout-flex\" style=\"margin-bottom:var(--wp--preset--spacing--side-padding);padding-top:var(--wp--preset--spacing--side-padding)\">\n<div class=\"wp-block-column is-vertically-aligned-center is-layout-flow wp-block-column-is-layout-flow\">\n<figure class=\"wp-block-video\"><video height=\"1080\" style=\"aspect-ratio: 1920 \/ 1080;\" width=\"1920\" autoplay=\"\" controls=\"\" loop=\"\" muted=\"\" src=\"https:\/\/evolve-fitness.eu\/wp-content\/uploads\/2023\/12\/2-6.mp4\"><\/video><\/figure>\n<\/div>\n\n\n\n<div class=\"wp-block-column is-vertically-aligned-center is-layout-constrained wp-block-column-is-layout-constrained\">\n<h3 class=\"wp-block-heading\" style=\"margin-bottom:var(--wp--preset--spacing--h-3-bottom)\"><strong><strong><strong><strong><strong><strong><strong>precision och funktionalitet<\/strong><\/strong><\/strong><\/strong><\/strong><\/strong><\/strong><\/h3>\n\n\n\n<p>De laserskurna h\u00e5len och numren p\u00e5 Evolve HR-208 Half Rack f\u00f6rb\u00e4ttrar dess funktionalitet och anv\u00e4ndarv\u00e4nlighet. Dessa funktioner m\u00f6jligg\u00f6r snabba och exakta justeringar av J-krokar och s\u00e4kerhetsst\u00e4nger, vilket s\u00e4kerst\u00e4ller effektiv inst\u00e4llning f\u00f6r olika \u00f6vningar. De tydligt markerade siffrorna hj\u00e4lper ocks\u00e5 till att s\u00e4kerst\u00e4lla symmetri i st\u00e5ngplaceringen, vilket \u00e4r avg\u00f6rande f\u00f6r balanserad tr\u00e4ning och f\u00f6rebyggande av skador.<\/p>\n<\/div>\n<\/div>\n<\/section>\n","protected":false},"excerpt":{"rendered":"<p>Lyft din styrketr\u00e4ning till nya h\u00f6jder med Evolve Half Rack, utformat f\u00f6r kommersiellt bruk. Detta robusta st\u00e4ll har en 3 mm tjock pulverlackerad ram, vilket garanterar h\u00e5llbarhet och en maximal lastkapacitet p\u00e5 upp till 1000 kg. Laserskurna h\u00e5l och nummer samt robotsvetsade s\u00f6mmar garanterar precision och l\u00e5ng livsl\u00e4ngd. Paketet inneh\u00e5ller \u00e5tta vikth\u00e5llare, squat safety bars, en horisontell skivst\u00e5ngsh\u00e5llare, en vertikal skivst\u00e5ngsh\u00e5llare och en tv\u00e4rst\u00e5ng. Observera att den visade skivst\u00e5ngen inte ing\u00e5r i paketet. Upplev intensiv styrketr\u00e4ning med Evolve Half Rack, d\u00e4r tonvikten inte bara ligger p\u00e5 effektivitet utan ocks\u00e5 p\u00e5 l\u00e5ngsiktig tillf\u00f6rlitlighet.<\/p>\n","protected":false},"featured_media":97242,"template":"","meta":{"_acf_changed":false,"inline_featured_image":false},"product_cat":[550,623,932],"product_tag":[],"class_list":{"0":"post-24851","1":"product","2":"type-product","3":"status-publish","4":"has-post-thumbnail","6":"product_cat-startsida","7":"product_cat-korsvis-funktionell","8":"product_cat-kraftackar","10":"first","11":"instock","12":"shipping-taxable","13":"purchasable","14":"product-type-simple"},"acf":[],"_links":{"self":[{"href":"https:\/\/store.evolve-fitness.eu\/sv\/wp-json\/wp\/v2\/product\/24851","targetHints":{"allow":["GET"]}}],"collection":[{"href":"https:\/\/store.evolve-fitness.eu\/sv\/wp-json\/wp\/v2\/product"}],"about":[{"href":"https:\/\/store.evolve-fitness.eu\/sv\/wp-json\/wp\/v2\/types\/product"}],"wp:featuredmedia":[{"embeddable":true,"href":"https:\/\/store.evolve-fitness.eu\/sv\/wp-json\/wp\/v2\/media\/97242"}],"wp:attachment":[{"href":"https:\/\/store.evolve-fitness.eu\/sv\/wp-json\/wp\/v2\/media?parent=24851"}],"wp:term":[{"taxonomy":"product_cat","embeddable":true,"href":"https:\/\/store.evolve-fitness.eu\/sv\/wp-json\/wp\/v2\/product_cat?post=24851"},{"taxonomy":"product_tag","embeddable":true,"href":"https:\/\/store.evolve-fitness.eu\/sv\/wp-json\/wp\/v2\/product_tag?post=24851"}],"curies":[{"name":"wp","href":"https:\/\/api.w.org\/{rel}","templated":true}]}}