{"id":22059,"date":"2023-09-26T11:18:37","date_gmt":"2023-09-26T11:18:37","guid":{"rendered":"https:\/\/store.evolve-fitness.eu\/product\/lopband-evolve-econ-series-5hp-med-lcd-konsol\/"},"modified":"2026-02-20T12:01:16","modified_gmt":"2026-02-20T12:01:16","slug":"lopband-evolve-econ-series-5hp-med-lcd-konsol","status":"publish","type":"product","link":"https:\/\/store.evolve-fitness.eu\/sv\/produkt\/lopband-evolve-econ-series-5hp-med-lcd-konsol\/","title":{"rendered":"L\u00f6pband Evolve Econ Series 5HP med LCD-konsol"},"content":{"rendered":"\n<section class=\"wp-block-group alignfull black-content has-white-color has-darkgray-background-color has-text-color has-background is-layout-constrained wp-block-group-is-layout-constrained\" style=\"padding-top:var(--wp--preset--spacing--section-bottom);padding-bottom:var(--wp--preset--spacing--section-bottom)\">\n<div class=\"wp-block-columns alignwide mobile-reverse is-layout-flex wp-container-core-columns-is-layout-ca64bf2d wp-block-columns-is-layout-flex\" style=\"margin-bottom:var(--wp--preset--spacing--side-padding)\">\n<div class=\"wp-block-column is-vertically-aligned-center is-layout-flow wp-block-column-is-layout-flow\">\n<h3 class=\"wp-block-heading\" style=\"margin-bottom:var(--wp--preset--spacing--h-3-bottom)\">MAX ANV\u00c4NDARVIKT &#8211; 200 KG<\/h3>\n\n\n\n<p><strong><em><strong>F\u00f6r alla<\/strong><\/em><\/strong><\/p>\n\n\n\n<p style=\"margin-bottom:var(--wp--preset--spacing--tb-section-padding)\">L\u00f6pbandet Evolve CT 500 LCD \u00e4r utformat f\u00f6r att klara av vikter upp till 200 kg, vilket garanterar s\u00e4kerhet och varaktig prestanda f\u00f6r en m\u00e4ngd olika anv\u00e4ndare.<\/p>\n\n\n\n<h3 class=\"wp-block-heading\" style=\"margin-bottom:var(--wp--preset--spacing--h-3-bottom)\">L\u00f6pande plattform &#8211; 1650 x 600 MM<\/h3>\n\n\n\n<p><strong><em>Komfort m\u00f6ter prestanda<\/em><\/strong><\/p>\n\n\n\n<p>Kliv in p\u00e5 den 1650 x 600 mm stora l\u00f6pytan, som erbjuder gott om utrymme f\u00f6r bekv\u00e4ma steg. Oavsett om du vill ta en lugn promenad eller springa snabbt, passar detta l\u00f6pband anv\u00e4ndare av olika l\u00e4ngd.<\/p>\n<\/div>\n\n\n\n<div class=\"wp-block-column is-vertically-aligned-center is-layout-flow wp-block-column-is-layout-flow\">\n<figure class=\"wp-block-video\"><video autoplay=\"\" controls=\"\" loop=\"\" muted=\"\" src=\"https:\/\/evolve-fitness.eu\/wp-content\/uploads\/2023\/08\/Dizainas-be-pavadinimo.mp4\"><\/video><\/figure>\n<\/div>\n<\/div>\n\n\n\n<div class=\"wp-block-columns alignwide is-layout-flex wp-container-core-columns-is-layout-c45ee707 wp-block-columns-is-layout-flex\" style=\"margin-bottom:var(--wp--preset--spacing--side-padding);padding-top:var(--wp--preset--spacing--side-padding)\">\n<div class=\"wp-block-column is-vertically-aligned-center is-layout-flow wp-block-column-is-layout-flow\">\n<figure class=\"wp-block-video\"><video autoplay=\"\" controls=\"\" loop=\"\" muted=\"\" src=\"https:\/\/evolve-fitness.eu\/wp-content\/uploads\/2023\/08\/Dizainas-be-pavadinimo1.mp4\"><\/video><\/figure>\n<\/div>\n\n\n\n<div class=\"wp-block-column is-vertically-aligned-center is-layout-flow wp-block-column-is-layout-flow\">\n<h3 class=\"wp-block-heading\" style=\"margin-bottom:var(--wp--preset--spacing--h-3-bottom)\">0-18% ELEKTRONISK LUTNING<\/h3>\n\n\n\n<p><strong><em>Utmaning m\u00f6ter m\u00e5ngsidighet<\/em><\/strong><\/p>\n\n\n\n<p style=\"margin-bottom:var(--wp--preset--spacing--tb-section-padding)\">V\u00e4xla upp din rutin med den elektroniska lutningen 0-18%, s\u00e5 att du kan anpassa din tr\u00e4ningsintensitet. Oavsett om det \u00e4r en svag lutning eller en brant stigning ger den h\u00e4r funktionen variation till dina tr\u00e4ningspass.<\/p>\n\n\n\n<h3 class=\"wp-block-heading\" style=\"margin-bottom:var(--wp--preset--spacing--h-3-bottom)\">MAXHASTIGHET &#8211; 25 KM\/H<\/h3>\n\n\n\n<p><strong><em>Att t\u00e4nja p\u00e5 gr\u00e4nserna och <strong>n\u00e5 m\u00e5len<\/strong><\/em><\/strong><\/p>\n\n\n\n<p>Utmana dig sj\u00e4lv med hastigheter upp till 25 km\/h. Anpassa till olika tr\u00e4ningsm\u00e5l, fr\u00e5n stadig jogging till h\u00f6gintensiva sprintar, allt p\u00e5 ett och samma l\u00f6pband.<\/p>\n<\/div>\n<\/div>\n\n\n\n<div class=\"wp-block-columns alignwide are-vertically-aligned-center mobile-reverse is-layout-flex wp-container-core-columns-is-layout-e8158c2f wp-block-columns-is-layout-flex\" style=\"padding-top:var(--wp--preset--spacing--side-padding)\">\n<div class=\"wp-block-column is-vertically-aligned-center is-layout-flow wp-block-column-is-layout-flow\">\n<h3 class=\"wp-block-heading\" style=\"margin-bottom:var(--wp--preset--spacing--h-3-bottom)\"><strong>H\u00f6gpresterande prestanda<\/strong><\/h3>\n\n\n\n<p><strong><em><strong>F\u00f6rb\u00e4ttra din tr\u00e4ning<\/strong><\/em><\/strong><\/p>\n\n\n\n<p style=\"margin-bottom:var(--wp--preset--spacing--tb-section-padding)\">Upplev Evolve CT 500:s imponerande kraft, med en maximal kapacitet p\u00e5 8 hk fr\u00e5n dess 5 hk AC-motor med kontinuerlig drift. Ta din tr\u00e4ningsresa till n\u00e4sta niv\u00e5.<\/p>\n\n\n\n<h3 class=\"wp-block-heading\" style=\"margin-bottom:var(--wp--preset--spacing--h-3-bottom)\">HJ\u00c4RTFREKVENSSENSORER<\/h3>\n\n\n\n<p><strong><em><strong>\u00d6vervaka dina framsteg<\/strong><\/em><\/strong><\/p>\n\n\n\n<p>H\u00e5ll koll p\u00e5 din kropp med inbyggda pulssensorer. Denna funktion \u00f6kar s\u00e4kerheten under tr\u00e4ningspassen och hj\u00e4lper dig att optimera din tr\u00e4ning f\u00f6r b\u00e4ttre resultat.<\/p>\n<\/div>\n\n\n\n<div class=\"wp-block-column is-vertically-aligned-center is-layout-flow wp-block-column-is-layout-flow\">\n<figure class=\"wp-block-image alignright size-large is-style-default\"><img decoding=\"async\" src=\"https:\/\/evolve-fitness.eu\/wp-content\/uploads\/2023\/08\/image00001-0-1024x488.jpg\" alt=\"\" class=\"wp-image-1032\"\/><\/figure>\n<\/div>\n<\/div>\n<\/section>\n\n<section class=\"wp-block-group alignfull black-content has-white-color has-darkgray-background-color has-text-color has-background is-layout-constrained wp-block-group-is-layout-constrained\" style=\"padding-top:var(--wp--preset--spacing--section-bottom);padding-bottom:var(--wp--preset--spacing--section-bottom)\">\n<div class=\"wp-block-columns alignwide is-layout-flex wp-container-core-columns-is-layout-ca64bf2d wp-block-columns-is-layout-flex\" style=\"margin-bottom:var(--wp--preset--spacing--side-padding)\">\n<div class=\"wp-block-column is-vertically-aligned-center is-layout-flow wp-block-column-is-layout-flow\">\n<figure class=\"wp-block-video\"><video autoplay=\"\" controls=\"\" loop=\"\" muted=\"\" src=\"https:\/\/evolve-fitness.eu\/wp-content\/uploads\/2023\/08\/Dizainas-be-pavadinimo2.mp4\"><\/video><\/figure>\n<\/div>\n\n\n\n<div class=\"wp-block-column is-vertically-aligned-center is-layout-flow wp-block-column-is-layout-flow\">\n<h3 class=\"wp-block-heading\" style=\"margin-bottom:var(--wp--preset--spacing--h-3-bottom)\"><strong>Interaktiv LCD-konsol<\/strong><\/h3>\n\n\n\n<p><strong><em><strong>Engagerande erfarenhet<\/strong><\/em><\/strong><\/p>\n\n\n\n<p style=\"margin-bottom:var(--wp--preset--spacing--tb-section-padding)\">Dyk ner i dina tr\u00e4ningsdata med den interaktiva LCD-konsolen. F\u00e5 tillg\u00e5ng till viktiga tr\u00e4ningsdetaljer och njut av 15 tr\u00e4ningsprogram som \u00e4r utformade f\u00f6r personlig tr\u00e4ning.<\/p>\n\n\n\n<h3 class=\"wp-block-heading\" style=\"margin-bottom:var(--wp--preset--spacing--h-3-bottom)\"><strong><strong>Olika tr\u00e4ningsprogram<\/strong><\/strong><\/h3>\n\n\n\n<p><strong><em><strong>Skr\u00e4ddarsydd tr\u00e4ning<\/strong><\/em><\/strong><\/p>\n\n\n\n<p>V\u00e4lj mellan 15 tr\u00e4ningsprogram som \u00e4r skr\u00e4ddarsydda f\u00f6r dina tr\u00e4ningsm\u00e5l och preferenser. Dessa m\u00e5ngsidiga rutiner uppr\u00e4tth\u00e5ller din motivation och s\u00e4kerst\u00e4ller effektiva tr\u00e4ningspass.<\/p>\n<\/div>\n<\/div>\n\n\n\n<div class=\"wp-block-columns alignwide mobile-reverse is-layout-flex wp-container-core-columns-is-layout-c45ee707 wp-block-columns-is-layout-flex\" style=\"margin-bottom:var(--wp--preset--spacing--side-padding);padding-top:var(--wp--preset--spacing--side-padding)\">\n<div class=\"wp-block-column is-vertically-aligned-center is-layout-flow wp-block-column-is-layout-flow\">\n<h3 class=\"wp-block-heading\" style=\"margin-bottom:var(--wp--preset--spacing--h-3-bottom)\"><strong>Avancerat<\/strong> d\u00e4mpningssystem<\/h3>\n\n\n\n<p><strong><em><strong>Skydda dina leder<\/strong><\/em><\/strong><\/p>\n\n\n\n<p style=\"margin-bottom:var(--wp--preset--spacing--tb-section-padding)\">Prioritera ledh\u00e4lsa med l\u00f6pbandets luftd\u00e4mpningssystem. Upplev \u00f6verl\u00e4gsen st\u00f6td\u00e4mpning som minskar belastningen p\u00e5 dina leder f\u00f6r varje steg.<\/p>\n\n\n\n<h3 class=\"wp-block-heading\" style=\"margin-bottom:var(--wp--preset--spacing--h-3-bottom)\">S\u00c4KERHETSZON<\/h3>\n\n\n\n<p><strong><em><strong>Sj\u00e4lvf\u00f6rtroende i varje r\u00f6relse<\/strong><\/em><\/strong><\/p>\n\n\n\n<p>K\u00e4nn dig trygg med l\u00f6pbandets s\u00e4kerhetsfunktioner, inklusive sidost\u00f6d och ett halkfritt d\u00e4ckm\u00f6nster. Dessa komponenter ger stabilitet och trygghet n\u00e4r du arbetar mot dina tr\u00e4ningsm\u00e5l.<\/p>\n<\/div>\n\n\n\n<div class=\"wp-block-column is-vertically-aligned-center is-layout-flow wp-block-column-is-layout-flow\">\n<figure class=\"wp-block-video\"><video autoplay=\"\" controls=\"\" loop=\"\" muted=\"\" src=\"https:\/\/evolve-fitness.eu\/wp-content\/uploads\/2023\/08\/Dizainas-be-pavadinimo-1.mp4\"><\/video><\/figure>\n<\/div>\n<\/div>\n\n\n\n<div class=\"wp-block-columns alignwide are-vertically-aligned-center is-layout-flex wp-container-core-columns-is-layout-e8158c2f wp-block-columns-is-layout-flex\" style=\"padding-top:var(--wp--preset--spacing--side-padding)\">\n<div class=\"wp-block-column is-vertically-aligned-center is-layout-flow wp-block-column-is-layout-flow\">\n<figure class=\"wp-block-image alignright size-large is-style-default\"><img decoding=\"async\" src=\"https:\/\/evolve-fitness.eu\/wp-content\/uploads\/2023\/08\/image00010-1024x768.jpg\" alt=\"\" class=\"wp-image-1035\"\/><\/figure>\n<\/div>\n\n\n\n<div class=\"wp-block-column is-vertically-aligned-center is-layout-flow wp-block-column-is-layout-flow\">\n<h3 class=\"wp-block-heading\" style=\"margin-bottom:var(--wp--preset--spacing--h-3-bottom)\"><strong>Hydrering och bekv\u00e4mlighet<\/strong><\/h3>\n\n\n\n<p><strong><em><strong>H\u00e5ll dig uppdaterad och f\u00f6rberedd<\/strong><\/em><\/strong><\/p>\n\n\n\n<p style=\"margin-bottom:var(--wp--preset--spacing--tb-section-padding)\">H\u00e5ll v\u00e4tskebalansen under tr\u00e4ningspassen med praktiska h\u00e5llare f\u00f6r vattenflaskor, och ha viktiga saker inom r\u00e4ckh\u00e5ll med hj\u00e4lp av tillbeh\u00f6rsh\u00e5llarna.<\/p>\n<\/div>\n<\/div>\n<\/section>\n","protected":false},"excerpt":{"rendered":"<p>Lyft ditt fitnessutrymme med Evolve CT 500 LCD Commercial l\u00f6pband, ett robust tillskott som f\u00f6rvandlar din konditionsrutin. Detta l\u00f6pband \u00e4r utformat f\u00f6r att vara h\u00e5llbart och klarar upp till 200 kg, vilket g\u00f6r att det passar olika anv\u00e4ndare. Upplev dynamiska tr\u00e4ningspass med justerbara lutningar och hastigheter upp till 25 km\/h. Den interaktiva LCD-konsolen visar data och erbjuder 15 varierande tr\u00e4ningsprogram f\u00f6r skr\u00e4ddarsydd fitness. Avancerad d\u00e4mpning och s\u00e4kerhetsfunktioner ger ett bekv\u00e4mt tr\u00e4ningspass, och virtuella rutter ger extra sp\u00e4nning. Ge dina medlemmar en f\u00f6rstklassig cardio-maskin som kombinerar prestanda, innovation och engagemang.<\/p>\n","protected":false},"featured_media":22070,"template":"","meta":{"_acf_changed":false,"inline_featured_image":false},"product_cat":[550,546,549,552],"product_tag":[],"class_list":{"0":"post-22059","1":"product","2":"type-product","3":"status-publish","4":"has-post-thumbnail","6":"product_cat-startsida","7":"product_cat-cardio-utrustning","8":"product_cat-kommersiell-konditionsutrustning","9":"product_cat-econ-series-konditionstraning","11":"first","12":"instock","13":"shipping-taxable","14":"purchasable","15":"product-type-simple"},"acf":[],"_links":{"self":[{"href":"https:\/\/store.evolve-fitness.eu\/sv\/wp-json\/wp\/v2\/product\/22059","targetHints":{"allow":["GET"]}}],"collection":[{"href":"https:\/\/store.evolve-fitness.eu\/sv\/wp-json\/wp\/v2\/product"}],"about":[{"href":"https:\/\/store.evolve-fitness.eu\/sv\/wp-json\/wp\/v2\/types\/product"}],"wp:featuredmedia":[{"embeddable":true,"href":"https:\/\/store.evolve-fitness.eu\/sv\/wp-json\/wp\/v2\/media\/22070"}],"wp:attachment":[{"href":"https:\/\/store.evolve-fitness.eu\/sv\/wp-json\/wp\/v2\/media?parent=22059"}],"wp:term":[{"taxonomy":"product_cat","embeddable":true,"href":"https:\/\/store.evolve-fitness.eu\/sv\/wp-json\/wp\/v2\/product_cat?post=22059"},{"taxonomy":"product_tag","embeddable":true,"href":"https:\/\/store.evolve-fitness.eu\/sv\/wp-json\/wp\/v2\/product_tag?post=22059"}],"curies":[{"name":"wp","href":"https:\/\/api.w.org\/{rel}","templated":true}]}}