{"id":21826,"date":"2023-09-26T11:15:05","date_gmt":"2023-09-26T11:15:05","guid":{"rendered":"https:\/\/store.evolve-fitness.eu\/product\/evolve-bodypump-bar-2kg\/"},"modified":"2024-08-01T06:49:20","modified_gmt":"2024-08-01T06:49:20","slug":"evolve-bodypump-bar-2kg","status":"publish","type":"product","link":"https:\/\/store.evolve-fitness.eu\/sv\/produkt\/evolve-bodypump-bar-2kg\/","title":{"rendered":"Evolve Svart Tr\u00e4pinne"},"content":{"rendered":"\n<p> <mark style=\"background-color:rgba(0, 0, 0, 0);color:#ffffff\" class=\"has-inline-color\">ASD<\/mark><\/p>\n\n<p><\/p>\n","protected":false},"excerpt":{"rendered":"<p>F\u00f6rb\u00e4ttra dina tr\u00e4ningspass med Evolve Black Wooden Stick, verktyget f\u00f6r att f\u00f6rb\u00e4ttra styrka, flexibilitet och balans. Denna h\u00e5llbara pinne \u00e4r tillverkad av h\u00f6gkvalitativt tr\u00e4 och \u00e4r perfekt f\u00f6r en m\u00e4ngd olika \u00f6vningar, inklusive kampsportstr\u00e4ning, yoga, Pilates och sjukgymnastik. Inneh\u00e5ller svart premiumtr\u00e4 f\u00f6r h\u00e5llbarhet och estetik, sl\u00e4t yta f\u00f6r bekv\u00e4mt grepp.  <\/p>\n<p>\n","protected":false},"featured_media":89822,"template":"","meta":{"_acf_changed":false,"inline_featured_image":false},"product_cat":[392],"product_tag":[],"class_list":{"0":"post-21826","1":"product","2":"type-product","3":"status-publish","4":"has-post-thumbnail","6":"product_cat-studio-sv","8":"first","9":"instock","10":"shipping-taxable","11":"purchasable","12":"product-type-simple"},"acf":[],"_links":{"self":[{"href":"https:\/\/store.evolve-fitness.eu\/sv\/wp-json\/wp\/v2\/product\/21826","targetHints":{"allow":["GET"]}}],"collection":[{"href":"https:\/\/store.evolve-fitness.eu\/sv\/wp-json\/wp\/v2\/product"}],"about":[{"href":"https:\/\/store.evolve-fitness.eu\/sv\/wp-json\/wp\/v2\/types\/product"}],"wp:featuredmedia":[{"embeddable":true,"href":"https:\/\/store.evolve-fitness.eu\/sv\/wp-json\/wp\/v2\/media\/89822"}],"wp:attachment":[{"href":"https:\/\/store.evolve-fitness.eu\/sv\/wp-json\/wp\/v2\/media?parent=21826"}],"wp:term":[{"taxonomy":"product_cat","embeddable":true,"href":"https:\/\/store.evolve-fitness.eu\/sv\/wp-json\/wp\/v2\/product_cat?post=21826"},{"taxonomy":"product_tag","embeddable":true,"href":"https:\/\/store.evolve-fitness.eu\/sv\/wp-json\/wp\/v2\/product_tag?post=21826"}],"curies":[{"name":"wp","href":"https:\/\/api.w.org\/{rel}","templated":true}]}}