{"id":19310,"date":"2023-09-25T12:15:34","date_gmt":"2023-09-25T12:15:34","guid":{"rendered":"https:\/\/store.evolve-fitness.eu\/product\/evolve-kroppspumpset-i-uretan-195-kg\/"},"modified":"2026-04-22T09:59:05","modified_gmt":"2026-04-22T09:59:05","slug":"evolve-studio-pump-set-i-uretan-195-kg","status":"publish","type":"product","link":"https:\/\/store.evolve-fitness.eu\/sv\/produkt\/evolve-studio-pump-set-i-uretan-195-kg\/","title":{"rendered":"Evolve Studio Pump Set i uretan &#8211; 19,5 kg"},"content":{"rendered":"\n<p> <mark style=\"background-color:rgba(0, 0, 0, 0);color:#ffffff\" class=\"has-inline-color\">ASD<\/mark><\/p>\n\n\n\n<section class=\"wp-block-group alignfull black-content has-white-color has-darkgray-background-color has-text-color has-background is-layout-constrained wp-block-group-is-layout-constrained\" style=\"padding-top:var(--wp--preset--spacing--section-bottom);padding-bottom:var(--wp--preset--spacing--section-bottom)\">\n<section class=\"wp-block-group alignfull black-content has-white-color has-darkgray-background-color has-text-color has-background is-layout-constrained wp-block-group-is-layout-constrained\" style=\"padding-top:var(--wp--preset--spacing--section-bottom);padding-bottom:var(--wp--preset--spacing--section-bottom)\">\n<div class=\"wp-block-columns alignwide mobile-reverse is-layout-flex wp-container-core-columns-is-layout-ca64bf2d wp-block-columns-is-layout-flex\" style=\"margin-bottom:var(--wp--preset--spacing--side-padding)\">\n<div class=\"wp-block-column is-vertically-aligned-center is-layout-flow wp-block-column-is-layout-flow\">\n<h3 class=\"wp-block-heading\" style=\"margin-bottom:var(--wp--preset--spacing--h-3-bottom)\"><strong>O\u00f6vertr\u00e4ffad h\u00e5llbarhet och prestanda<\/strong><\/h3>\n\n\n\n<p><em><strong>\u00d6verl\u00e4gsen design f\u00f6r effektiva tr\u00e4ningspass<\/strong><\/em><\/p>\n\n\n\n<p style=\"margin-bottom:var(--wp--preset--spacing--tb-section-padding)\">Uppt\u00e4ck toppen av h\u00e5llbarhet med Evolve Urethane Studio Pump Set- 19,5 kg. Detta set \u00e4r tillverkat av f\u00f6rstklassigt uretanmaterial och garanterar l\u00e5ng livsl\u00e4ngd, vilket g\u00f6r det till ett perfekt val f\u00f6r b\u00e5de kommersiella gym och hemmatr\u00e4ning. Den robusta konstruktionen \u00e4r motst\u00e5ndskraftig mot repor, flisor och skalning och bevarar sitt ursprungliga utseende i flera \u00e5r utan att beh\u00f6va bytas ut ofta.<\/p>\n\n\n\n<h3 class=\"wp-block-heading\" style=\"margin-bottom:var(--wp--preset--spacing--h-3-bottom)\">Precisionstillverkade vikter i uretan<\/h3>\n\n\n\n<p><strong><em>Konsekvent prestanda f\u00f6r effektiva tr\u00e4ningspass<\/em><\/strong><\/p>\n\n\n\n<p>Upplev smidig laddning och lossning av plattor med de rundade hylsspetsarna p\u00e5 Evolve Urethane Studio Pump Set. Varje uretanvikt, inklusive 2 x 1,25 kg, 2 x 2,5 kg och 2 x 5 kg, \u00e4r precisionstillverkad enligt exakta specifikationer, vilket ger konsekvent vikt och k\u00e4nsla f\u00f6r exakta tr\u00e4ningspass.<\/p>\n<\/div>\n\n\n\n<div class=\"wp-block-column is-vertically-aligned-center is-layout-flow wp-block-column-is-layout-flow\">\n<figure class=\"wp-block-video\"><video autoplay controls loop muted src=\"https:\/\/evolve-fitness.eu\/wp-content\/uploads\/2023\/12\/1.mp4\"><\/video><\/figure>\n<\/div>\n<\/div>\n\n\n\n<div class=\"wp-block-columns alignwide is-layout-flex wp-container-core-columns-is-layout-c45ee707 wp-block-columns-is-layout-flex\" style=\"margin-bottom:var(--wp--preset--spacing--side-padding);padding-top:var(--wp--preset--spacing--side-padding)\">\n<div class=\"wp-block-column is-vertically-aligned-center is-layout-flow wp-block-column-is-layout-flow\">\n<figure class=\"wp-block-image size-full is-resized is-style-rounded\"><img decoding=\"async\" src=\"https:\/\/evolve-fitness.eu\/wp-content\/uploads\/2023\/08\/TPU-urethane-weight-plates-6.jpg\" alt=\"\" class=\"wp-image-838\" style=\"object-fit:cover;width:680px;height:600px\"\/><\/figure>\n<\/div>\n\n\n\n<div class=\"wp-block-column is-vertically-aligned-center is-layout-flow wp-block-column-is-layout-flow\">\n<h3 class=\"wp-block-heading\" style=\"margin-bottom:var(--wp--preset--spacing--h-3-bottom)\">Anpassning och stil<\/h3>\n\n\n\n<p><strong><em><strong><em><strong><em>F\u00f6rh\u00f6j ditt gyms varum\u00e4rke med Studio Pump Set<\/em><\/strong><\/em><\/strong><\/em><\/strong><\/p>\n\n\n\n<p style=\"margin-bottom:var(--wp--preset--spacing--tb-section-padding)\">Med anpassningsalternativ kan du l\u00e4gga till din logotyp och v\u00e4lja anpassade f\u00e4rger f\u00f6r att skapa en unik tr\u00e4ningsupplevelse som g\u00f6r att ditt gym skiljer sig fr\u00e5n konkurrenterna. Evolve Urethane Studio Pump Sethar en visuellt sl\u00e5ende och sammanh\u00e4ngande look som perfekt kompletterar ett fitnessm\u00e4rkes identitet. Valet av f\u00e4rger spelar en avg\u00f6rande roll f\u00f6r att s\u00e4kerst\u00e4lla att setet inte bara sticker ut utan ocks\u00e5 st\u00e4mmer \u00f6verens med varum\u00e4rkets estetik. Evolve Urethane Studio Pump Set \u00e4r byggt f\u00f6r att h\u00e5lla l\u00e4nge och har en laserskuren, uretaninfunderad logotyp och viktindikering som inte kommer att lossna eller n\u00f6tas bort med tiden.<\/p>\n<\/div>\n<\/div>\n\n\n\n<div class=\"wp-block-columns alignwide mobile-reverse is-layout-flex wp-container-core-columns-is-layout-ca64bf2d wp-block-columns-is-layout-flex\" style=\"margin-bottom:var(--wp--preset--spacing--side-padding)\">\n<div class=\"wp-block-column is-vertically-aligned-center is-layout-flow wp-block-column-is-layout-flow\">\n<h3 class=\"wp-block-heading\" style=\"margin-bottom:var(--wp--preset--spacing--h-3-bottom)\">FUNKTIONALITET<\/h3>\n\n\n\n<p>Den unika konstruktionen g\u00f6r att vikt inte kan fastna p\u00e5 st\u00e5ngen<\/p>\n\n\n\n<p style=\"margin-bottom:var(--wp--preset--spacing--tb-section-padding)\">Evolve viktskivor har en strukturerad yta som \u00e4r l\u00e4tt att reng\u00f6ra, halkfri och ger ett bra grepp vid hantering. Dessa funktioner garanterar ocks\u00e5 s\u00e4kerheten och minimerar risken f\u00f6r att anv\u00e4ndaren kl\u00e4mmer fingrarna n\u00e4r plattorna l\u00e4ggs p\u00e5 och av st\u00e5ngen.<\/p>\n\n\n\n<h3 class=\"wp-block-heading\" style=\"margin-bottom:var(--wp--preset--spacing--h-3-bottom)\">Bel\u00e4ggning av uretan<\/h3>\n\n\n\n<p>Uretanbel\u00e4ggningen \u00e4r mycket slagt\u00e5lig och dubbelt s\u00e5 h\u00e5llbar som gummibel\u00e4ggningen<\/p>\n\n\n\n<p>M\u00e5lade ytor kan flagna och rosta, gummi kan lossna eller spricka med tiden. Evolve viktskivor i uretan \u00e4r extremt h\u00e5llbara och bryts inte ned. Dessa vikter kommer att bibeh\u00e5lla en dj\u00e4rv solid f\u00e4rg under hela livsl\u00e4ngden.<\/p>\n<\/div>\n\n\n\n<div class=\"wp-block-column is-vertically-aligned-center is-layout-flow wp-block-column-is-layout-flow\">\n<figure class=\"wp-block-image alignleft size-full is-resized is-style-rounded\"><img decoding=\"async\" src=\"https:\/\/evolve-fitness.eu\/wp-content\/uploads\/2023\/12\/A7_05432.jpg\" alt=\"\" class=\"wp-image-7840\" style=\"width:686px;height:652px\"\/><\/figure>\n<\/div>\n<\/div>\n\n\n\n<div class=\"wp-block-columns alignwide is-layout-flex wp-container-core-columns-is-layout-c45ee707 wp-block-columns-is-layout-flex\" style=\"margin-bottom:var(--wp--preset--spacing--side-padding);padding-top:var(--wp--preset--spacing--side-padding)\">\n<div class=\"wp-block-column is-vertically-aligned-center is-layout-flow wp-block-column-is-layout-flow\">\n<figure class=\"wp-block-image size-large\"><img decoding=\"async\" src=\"https:\/\/evolve-fitness.eu\/wp-content\/uploads\/2023\/12\/Lemon-Gym-Teika-3-1024x768.jpg\" alt=\"\" class=\"wp-image-8985\"\/><\/figure>\n<\/div>\n\n\n\n<div class=\"wp-block-column is-vertically-aligned-center is-layout-flow wp-block-column-is-layout-flow\">\n<h3 class=\"wp-block-heading\" style=\"margin-bottom:var(--wp--preset--spacing--h-3-bottom)\">S\u00e4kerhet f\u00f6rst<\/h3>\n\n\n\n<p><strong><em>En s\u00e4ker och p\u00e5litlig tr\u00e4ningsupplevelse<\/em><\/strong><\/p>\n\n\n\n<p>P\u00e5 Evolve \u00e4r s\u00e4kerheten v\u00e5r h\u00f6gsta prioritet. V\u00e5ra viktplattor i uretan \u00e4r tillverkade av h\u00f6gkvalitativt, giftfritt och luktfritt uretanmaterial, vilket garanterar en s\u00e4ker och h\u00e4lsosam tr\u00e4ningsmilj\u00f6.<\/p>\n<\/div>\n<\/div>\n\n\n\n<div class=\"wp-block-columns alignwide is-layout-flex wp-container-core-columns-is-layout-c45ee707 wp-block-columns-is-layout-flex\" style=\"margin-bottom:var(--wp--preset--spacing--side-padding);padding-top:var(--wp--preset--spacing--side-padding)\">\n<div class=\"wp-block-column is-vertically-aligned-center is-layout-flow wp-block-column-is-layout-flow\">\n<h3 class=\"wp-block-heading\" style=\"margin-bottom:var(--wp--preset--spacing--h-3-bottom)\">S\u00e4g hejd\u00e5 till kl\u00e4mda fingrar<\/h3>\n\n\n\n<p><strong><em>Med Evolve viktplattor i uretan<\/em><\/strong><\/p>\n\n\n\n<p>Evolve Urethane Weight Plates \u00e4r utformade f\u00f6r att g\u00f6ra lastning och lossning s\u00e4krare och effektivare f\u00f6r gymbes\u00f6kare. Setet inneh\u00e5ller en 140 cm l\u00e5ng skivst\u00e5ng och fj\u00e4derkrage, vilket garanterar en s\u00e4ker och p\u00e5litlig tr\u00e4ningsupplevelse. Den strukturerade ytan och den rundade formen g\u00f6r ocks\u00e5 att plattorna inte fastnar i varandra eller p\u00e5 andra ytor. Plattorna \u00e4r l\u00e4tta att b\u00e4ra med sig och kan anv\u00e4ndas f\u00f6r en m\u00e4ngd olika \u00f6vningar. Oavsett om du g\u00f6r marklyft eller utfall g\u00f6r de fyra handtagen det enkelt att transportera och anv\u00e4nda dina viktskivor, vilket g\u00f6r din tr\u00e4ning mer effektiv och \u00e4ndam\u00e5lsenlig.<\/p>\n<\/div>\n\n\n\n<div class=\"wp-block-column is-vertically-aligned-center is-layout-flow wp-block-column-is-layout-flow\">\n<div class=\"wp-block-columns is-layout-flex wp-container-core-columns-is-layout-9d6595d7 wp-block-columns-is-layout-flex\">\n<div class=\"wp-block-column is-layout-flow wp-block-column-is-layout-flow\">\n<figure class=\"wp-block-image size-full is-style-rounded\"><img decoding=\"async\" src=\"https:\/\/evolve-fitness.eu\/wp-content\/uploads\/2023\/08\/iskirpta-stanga-su-uretanu.png\" alt=\"\" class=\"wp-image-806\"\/><\/figure>\n<\/div>\n<\/div>\n<\/div>\n<\/div>\n<\/section>\n<\/section>\n","protected":false},"excerpt":{"rendered":"<p>Lyft ditt gym med Evolve Urethane Studio Pump Set, perfekt f\u00f6r kommersiellt bruk. Detta anpassningsbara set inneh\u00e5ller en 140 cm skivst\u00e5ng, fj\u00e4derkrage och h\u00e5llbara betongvikter, alla belagda med slagt\u00e5lig uretan. Plattorna har en strukturerad yta som ger ett s\u00e4kert grepp, skyddar golvet och minskar ljudet fr\u00e5n tr\u00e4ningen. Precisionsgjutning s\u00e4kerst\u00e4ller balans, vilket g\u00f6r dem idealiska f\u00f6r b\u00e5de hemmabruk och professionella gym. Uppgradera ditt gyms utrustning och varum\u00e4rkesimage med Evolve.<\/p>\n","protected":false},"featured_media":90251,"template":"","meta":{"_acf_changed":false,"inline_featured_image":false},"product_cat":[1001,2191,392],"product_tag":[],"class_list":{"0":"post-19310","1":"product","2":"type-product","3":"status-publish","4":"has-post-thumbnail","6":"product_cat-fria-vikter","7":"product_cat-baruppsattningar","8":"product_cat-studio-sv","10":"first","11":"instock","12":"shipping-taxable","13":"purchasable","14":"product-type-simple"},"acf":[],"_links":{"self":[{"href":"https:\/\/store.evolve-fitness.eu\/sv\/wp-json\/wp\/v2\/product\/19310","targetHints":{"allow":["GET"]}}],"collection":[{"href":"https:\/\/store.evolve-fitness.eu\/sv\/wp-json\/wp\/v2\/product"}],"about":[{"href":"https:\/\/store.evolve-fitness.eu\/sv\/wp-json\/wp\/v2\/types\/product"}],"wp:featuredmedia":[{"embeddable":true,"href":"https:\/\/store.evolve-fitness.eu\/sv\/wp-json\/wp\/v2\/media\/90251"}],"wp:attachment":[{"href":"https:\/\/store.evolve-fitness.eu\/sv\/wp-json\/wp\/v2\/media?parent=19310"}],"wp:term":[{"taxonomy":"product_cat","embeddable":true,"href":"https:\/\/store.evolve-fitness.eu\/sv\/wp-json\/wp\/v2\/product_cat?post=19310"},{"taxonomy":"product_tag","embeddable":true,"href":"https:\/\/store.evolve-fitness.eu\/sv\/wp-json\/wp\/v2\/product_tag?post=19310"}],"curies":[{"name":"wp","href":"https:\/\/api.w.org\/{rel}","templated":true}]}}