{"id":18031,"date":"2023-09-25T07:41:07","date_gmt":"2023-09-25T07:41:07","guid":{"rendered":"https:\/\/store.evolve-fitness.eu\/product\/evolve-indoor-golvplattor-med-fin-toppfinish-100-x-100-x-15-cm-5-cm\/"},"modified":"2026-04-17T12:00:50","modified_gmt":"2026-04-17T12:00:50","slug":"evolve-indoor-golvplattor-med-fin-toppfinish-100-x-100-x-15-cm-5-cm","status":"publish","type":"product","link":"https:\/\/store.evolve-fitness.eu\/sv\/produkt\/evolve-indoor-golvplattor-med-fin-toppfinish-100-x-100-x-15-cm-5-cm\/","title":{"rendered":"Evolve Indoor Golvplattor med fin toppfinish 100 x 100 x 1,5 cm &#8211; 5 cm"},"content":{"rendered":"\n<section class=\"wp-block-group alignfull black-content has-white-color has-darkgray-background-color has-text-color has-background is-layout-constrained wp-block-group-is-layout-constrained\" style=\"padding-top:var(--wp--preset--spacing--section-bottom);padding-bottom:var(--wp--preset--spacing--section-bottom)\">\n<div class=\"wp-block-columns alignwide is-layout-flex wp-container-core-columns-is-layout-c45ee707 wp-block-columns-is-layout-flex\" style=\"margin-bottom:var(--wp--preset--spacing--side-padding);padding-top:var(--wp--preset--spacing--side-padding)\">\n<div class=\"wp-block-column is-vertically-aligned-center is-layout-flow wp-block-column-is-layout-flow\">\n<h3 class=\"wp-block-heading\"><strong>Avancerad 20 mm toppskiktsteknik<\/strong><\/h3>\n\n\n\n<p><strong><em><strong><em>Konstruerad f\u00f6r \u00f6verl\u00e4gsen h\u00e5llbarhet och s\u00e4kerhet<\/em><\/strong><\/em><\/strong><\/p>\n\n\n\n<p style=\"margin-bottom:var(--wp--preset--spacing--tb-section-padding)\">Det innovativa 20 mm toppskiktet p\u00e5 Evolve Indoor Floor Tiles skiljer dem fr\u00e5n m\u00e4ngden och ger o\u00f6vertr\u00e4ffad motst\u00e5ndskraft mot slitage fr\u00e5n tung utrustning och tr\u00e4ning med h\u00f6g belastning. Det avancerade skiktet absorberar st\u00f6tar, minskar buller och f\u00f6rb\u00e4ttrar greppet, vilket ger en s\u00e4krare och bekv\u00e4mare tr\u00e4ningsupplevelse. Oavsett om du sl\u00e4pper vikter eller tr\u00e4nar dynamiska r\u00f6relser \u00e4r dessa plattor byggda f\u00f6r att hantera allt med l\u00e4tthet.  <br\/><br\/>Tack vare denna bel\u00e4ggning blir gummiytan helt sl\u00e4t, vilket f\u00f6rhindrar att den smulas s\u00f6nder med tiden och g\u00f6r den l\u00e4ttare att reng\u00f6ra och underh\u00e5lla.<\/p>\n<\/div>\n\n\n\n<div class=\"wp-block-column is-vertically-aligned-center is-layout-flow wp-block-column-is-layout-flow\">\n<figure class=\"wp-block-image size-large\"><img loading=\"lazy\" decoding=\"async\" width=\"1024\" height=\"512\" src=\"https:\/\/store.evolve-fitness.eu\/wp-content\/uploads\/2023\/09\/2-6-1024x512.jpg\" alt=\"\" class=\"wp-image-127026\" srcset=\"https:\/\/store.evolve-fitness.eu\/wp-content\/uploads\/2023\/09\/2-6-1024x512.jpg 1024w, https:\/\/store.evolve-fitness.eu\/wp-content\/uploads\/2023\/09\/2-6-300x150.jpg 300w, https:\/\/store.evolve-fitness.eu\/wp-content\/uploads\/2023\/09\/2-6-768x384.jpg 768w, https:\/\/store.evolve-fitness.eu\/wp-content\/uploads\/2023\/09\/2-6-1536x768.jpg 1536w, https:\/\/store.evolve-fitness.eu\/wp-content\/uploads\/2023\/09\/2-6-2048x1024.jpg 2048w, https:\/\/store.evolve-fitness.eu\/wp-content\/uploads\/2023\/09\/2-6-600x300.jpg 600w\" sizes=\"auto, (max-width: 1024px) 100vw, 1024px\" \/><\/figure>\n<\/div>\n<\/div>\n\n\n\n<div class=\"wp-block-columns alignwide are-vertically-aligned-center mobile-reverse is-layout-flex wp-container-core-columns-is-layout-e8158c2f wp-block-columns-is-layout-flex\" style=\"padding-top:var(--wp--preset--spacing--side-padding)\">\n<div class=\"wp-block-column is-vertically-aligned-center is-layout-flow wp-block-column-is-layout-flow\">\n<figure class=\"wp-block-image size-large\"><img decoding=\"async\" src=\"https:\/\/evolve-fitness.eu\/wp-content\/uploads\/2023\/09\/1-4-576x1024.jpg\" alt=\"\" class=\"wp-image-171242\"\/><\/figure>\n<\/div>\n\n\n\n<div class=\"wp-block-column is-vertically-aligned-center is-layout-flow wp-block-column-is-layout-flow\">\n<h3 class=\"wp-block-heading\" style=\"margin-bottom:var(--wp--preset--spacing--h-3-bottom)\"><strong>M\u00e5ngsidig l\u00f6sning f\u00f6r sportgolv<\/strong><\/h3>\n\n\n\n<p><strong><em><strong><em>Utformad f\u00f6r fitness och atletisk excellens<\/em><\/strong><\/em><\/strong><\/p>\n\n\n\n<p style=\"margin-bottom:var(--wp--preset--spacing--tb-section-padding)\">Evolve Indoor Floor Tiles \u00e4r det ultimata valet f\u00f6r att skapa en funktionell och m\u00e5ngsidig sportmilj\u00f6. Den robusta konstruktionen och den halkskyddade ytan g\u00f6r dem l\u00e4mpliga f\u00f6r en m\u00e4ngd olika aktiviteter, t.ex. tyngdlyftning, konditionstr\u00e4ning, yoga och lagsporter. Dessa plattor \u00e4r l\u00e4tta att installera och underh\u00e5lla och \u00e4r ett p\u00e5litligt golvalternativ som st\u00f6der idrottare p\u00e5 alla fitnessniv\u00e5er och erbjuder komfort, s\u00e4kerhet och prestanda i alla milj\u00f6er.  <\/p>\n<\/div>\n<\/div>\n<\/section>\n","protected":false},"excerpt":{"rendered":"<p>Evolve Indoor Floor Tiles \u00e4r golvl\u00f6sningar av h\u00f6gsta kvalitet som \u00e4r utformade f\u00f6r att klara de tuffaste gymmilj\u00f6erna och samtidigt garantera s\u00e4kerhet och h\u00e5llbarhet med ett specialiserat toppskikt p\u00e5 20 mm. Dessa plattor \u00e4r idealiska f\u00f6r tunga till\u00e4mpningar och erbjuder exceptionell slagt\u00e5lighet, ljudd\u00e4mpning och komfort f\u00f6r olika sport- och fitnessaktiviteter. Det \u00e4r mycket l\u00e4tt att underh\u00e5lla och reng\u00f6ra.  <\/p>\n","protected":false},"featured_media":88741,"template":"","meta":{"_acf_changed":false,"inline_featured_image":false},"product_cat":[550,831,837],"product_tag":[],"class_list":{"0":"post-18031","1":"product","2":"type-product","3":"status-publish","4":"has-post-thumbnail","6":"product_cat-startsida","7":"product_cat-plattformar-och-golv","8":"product_cat-golv","10":"first","11":"instock","12":"shipping-taxable","13":"purchasable","14":"product-type-variable"},"acf":[],"_links":{"self":[{"href":"https:\/\/store.evolve-fitness.eu\/sv\/wp-json\/wp\/v2\/product\/18031","targetHints":{"allow":["GET"]}}],"collection":[{"href":"https:\/\/store.evolve-fitness.eu\/sv\/wp-json\/wp\/v2\/product"}],"about":[{"href":"https:\/\/store.evolve-fitness.eu\/sv\/wp-json\/wp\/v2\/types\/product"}],"wp:featuredmedia":[{"embeddable":true,"href":"https:\/\/store.evolve-fitness.eu\/sv\/wp-json\/wp\/v2\/media\/88741"}],"wp:attachment":[{"href":"https:\/\/store.evolve-fitness.eu\/sv\/wp-json\/wp\/v2\/media?parent=18031"}],"wp:term":[{"taxonomy":"product_cat","embeddable":true,"href":"https:\/\/store.evolve-fitness.eu\/sv\/wp-json\/wp\/v2\/product_cat?post=18031"},{"taxonomy":"product_tag","embeddable":true,"href":"https:\/\/store.evolve-fitness.eu\/sv\/wp-json\/wp\/v2\/product_tag?post=18031"}],"curies":[{"name":"wp","href":"https:\/\/api.w.org\/{rel}","templated":true}]}}