{"id":17954,"date":"2023-09-21T14:31:29","date_gmt":"2023-09-21T14:31:29","guid":{"rendered":"https:\/\/store.evolve-fitness.eu\/product\/evolve-kraftoverforing\/"},"modified":"2026-04-23T12:00:30","modified_gmt":"2026-04-23T12:00:30","slug":"evolve-kraftoverforing","status":"publish","type":"product","link":"https:\/\/store.evolve-fitness.eu\/sv\/produkt\/evolve-kraftoverforing\/","title":{"rendered":"Evolve kraft\u00f6verf\u00f6ring"},"content":{"rendered":"\n<section class=\"wp-block-group alignfull has-lightgray-background-color has-background is-layout-constrained wp-block-group-is-layout-constrained\">\n<div class=\"wp-block-columns alignwide is-layout-flex wp-container-core-columns-is-layout-2edb0647 wp-block-columns-is-layout-flex\" style=\"margin-top:0;margin-bottom:0\">\n<div class=\"wp-block-column is-layout-flow wp-block-column-is-layout-flow\" style=\"flex-basis:33.33%\"><\/div>\n\n\n\n<div class=\"wp-block-column is-layout-flow wp-block-column-is-layout-flow\" style=\"flex-basis:66.66%\"><\/div>\n<\/div>\n<\/section>\n\n<section class=\"wp-block-group alignfull black-content has-white-color has-darkgray-background-color has-text-color has-background is-layout-constrained wp-block-group-is-layout-constrained\" style=\"padding-top:var(--wp--preset--spacing--section-bottom);padding-bottom:var(--wp--preset--spacing--section-bottom)\">\n<section class=\"wp-block-group alignfull black-content has-white-color has-darkgray-background-color has-text-color has-background is-layout-constrained wp-block-group-is-layout-constrained\" style=\"margin-bottom:0;padding-top:var(--wp--preset--spacing--tb-padding);padding-bottom:var(--wp--preset--spacing--tb-padding)\">\n<div class=\"wp-block-columns alignwide mobile-reverse is-layout-flex wp-container-core-columns-is-layout-7a02faa9 wp-block-columns-is-layout-flex\" style=\"margin-bottom:var(--wp--preset--spacing--tb-section-padding)\">\n<div class=\"wp-block-column is-vertically-aligned-center is-layout-flow wp-block-column-is-layout-flow\">\n<h3 class=\"wp-block-heading\" style=\"margin-bottom:var(--wp--preset--spacing--h-3-bottom)\"><strong><strong><strong><strong><strong><strong><strong>Maximera din tr\u00e4ning med Evolve Powerbands<\/strong><\/strong><\/strong><\/strong><\/strong><\/strong><\/strong><\/h3>\n\n\n\n<p><strong><em><strong><strong><strong><strong><strong>M\u00e5ngsidighet och h\u00e5llbarhet f\u00f6r alla tr\u00e4ningsniv\u00e5er<\/strong><\/strong><\/strong><\/strong><\/strong><\/em><\/strong><\/p>\n\n\n\n<p>F\u00f6rb\u00e4ttra din tr\u00e4ningsrutin med v\u00e5ra m\u00e5ngsidiga Evolve Powerbands. Dessa multifunktionella band har sex olika motst\u00e5ndsniv\u00e5er, fr\u00e5n X-Light till XX-Heavy, som tillgodoser olika tr\u00e4ningsbehov. De \u00e4r tillverkade av h\u00f6gkvalitativ latex och har enast\u00e5ende elasticitet och h\u00e5llbarhet, och beh\u00e5ller sin form \u00e4ven efter l\u00e5ngvarig anv\u00e4ndning. Oavsett om du vill l\u00e4gga till motst\u00e5nd i dina \u00f6vningar, hj\u00e4lpa till med pull-ups eller f\u00f6rb\u00e4ttra din flexibilitet \u00e4r dessa 208 cm l\u00e5nga powerband den perfekta tr\u00e4ningskompisen.<\/p>\n<\/div>\n\n\n\n<div class=\"wp-block-column is-vertically-aligned-center is-layout-flow wp-block-column-is-layout-flow\">\n<figure class=\"wp-block-video\"><video autoplay=\"\" controls=\"\" loop=\"\" muted=\"\" src=\"https:\/\/evolve-fitness.eu\/wp-content\/uploads\/2024\/07\/EV-BD-PB-220-4.mp4\"><\/video><\/figure>\n<\/div>\n<\/div>\n\n\n\n<div class=\"wp-block-columns alignwide mobile-reverse is-layout-flex wp-container-core-columns-is-layout-035fa626 wp-block-columns-is-layout-flex\" style=\"margin-bottom:var(--wp--preset--spacing--side-padding);padding-top:var(--wp--preset--spacing--tb-padding);padding-bottom:var(--wp--preset--spacing--tb-padding)\">\n<div class=\"wp-block-column is-vertically-aligned-center is-layout-flow wp-block-column-is-layout-flow\">\n<figure class=\"wp-block-video\"><video autoplay=\"\" controls=\"\" loop=\"\" muted=\"\" src=\"https:\/\/evolve-fitness.eu\/wp-content\/uploads\/2023\/09\/EV-BD-PB-220-2.mp4\"><\/video><\/figure>\n<\/div>\n\n\n\n<div class=\"wp-block-column is-vertically-aligned-center is-layout-flow wp-block-column-is-layout-flow\">\n<h3 class=\"wp-block-heading\" style=\"margin-bottom:var(--wp--preset--spacing--h-3-bottom)\"><strong><strong><strong><strong><strong><strong><strong><strong><strong>Evolve kraftband<\/strong><\/strong><\/strong><\/strong><\/strong><\/strong><\/strong><\/strong><\/strong><\/h3>\n\n\n\n<p><strong><em><strong><strong><strong><strong><strong><strong>\u00d6verl\u00e4gsen motst\u00e5ndstr\u00e4ning till hands<\/strong><\/strong><\/strong><\/strong><\/strong><\/strong><\/em><\/strong><\/p>\n\n\n\n<p>Uppt\u00e4ck den ultimata tr\u00e4ningskompisen med Evolve Powerbands, utformade f\u00f6r att h\u00f6ja din tr\u00e4ningsregim. Dessa band finns i sex olika motst\u00e5ndsniv\u00e5er, fr\u00e5n X-Light till XX-Heavy, f\u00f6r att passa alla tr\u00e4ningsm\u00e5l. De \u00e4r tillverkade av premiumlatex och garanterar utm\u00e4rkt elasticitet och l\u00e5ngvarig prestanda, och beh\u00e5ller sin form \u00e4ven vid intensiv anv\u00e4ndning. Dessa 208 cm powerband \u00e4r idealiska f\u00f6r att l\u00e4gga till motst\u00e5nd i tr\u00e4ningspass, hj\u00e4lpa till med pull-ups eller f\u00f6rb\u00e4ttra flexibiliteten och erbjuder o\u00f6vertr\u00e4ffad m\u00e5ngsidighet. F\u00f6r\u00e4ndra din tr\u00e4ningsresa med de h\u00e5llbara och anpassningsbara Evolve Powerbands idag!<\/p>\n<\/div>\n<\/div>\n<\/section>\n<\/section>\n","protected":false},"excerpt":{"rendered":"<p>F\u00f6rb\u00e4ttra din tr\u00e4ningsrutin med v\u00e5ra m\u00e5ngsidiga Evolve Powerbands, ett fantastiskt alternativ till traditionella vikter. Dessa multifunktionella band har sex olika motst\u00e5ndsniv\u00e5er, fr\u00e5n X-Light till XX-Heavy, som tillgodoser olika tr\u00e4ningsbehov. De \u00e4r tillverkade av h\u00f6gkvalitativ latex och har enast\u00e5ende elasticitet och h\u00e5llbarhet, och beh\u00e5ller sin form \u00e4ven efter l\u00e5ngvarig anv\u00e4ndning. Oavsett om du vill l\u00e4gga till motst\u00e5nd i dina \u00f6vningar, hj\u00e4lpa till med pull-ups eller f\u00f6rb\u00e4ttra din flexibilitet \u00e4r dessa 208 cm l\u00e5nga powerband den perfekta tr\u00e4ningskompisen. F\u00f6rb\u00e4ttra din tr\u00e4ning med Evolve Powerbands redan idag!<\/p>\n","protected":false},"featured_media":89620,"template":"","meta":{"_acf_changed":false,"inline_featured_image":false},"product_cat":[550,623,625,392],"product_tag":[],"class_list":{"0":"post-17954","1":"product","2":"type-product","3":"status-publish","4":"has-post-thumbnail","6":"product_cat-startsida","7":"product_cat-korsvis-funktionell","8":"product_cat-funktionell-utrustning","9":"product_cat-studio-sv","11":"first","12":"instock","13":"shipping-taxable","14":"purchasable","15":"product-type-variable"},"acf":[],"_links":{"self":[{"href":"https:\/\/store.evolve-fitness.eu\/sv\/wp-json\/wp\/v2\/product\/17954","targetHints":{"allow":["GET"]}}],"collection":[{"href":"https:\/\/store.evolve-fitness.eu\/sv\/wp-json\/wp\/v2\/product"}],"about":[{"href":"https:\/\/store.evolve-fitness.eu\/sv\/wp-json\/wp\/v2\/types\/product"}],"wp:featuredmedia":[{"embeddable":true,"href":"https:\/\/store.evolve-fitness.eu\/sv\/wp-json\/wp\/v2\/media\/89620"}],"wp:attachment":[{"href":"https:\/\/store.evolve-fitness.eu\/sv\/wp-json\/wp\/v2\/media?parent=17954"}],"wp:term":[{"taxonomy":"product_cat","embeddable":true,"href":"https:\/\/store.evolve-fitness.eu\/sv\/wp-json\/wp\/v2\/product_cat?post=17954"},{"taxonomy":"product_tag","embeddable":true,"href":"https:\/\/store.evolve-fitness.eu\/sv\/wp-json\/wp\/v2\/product_tag?post=17954"}],"curies":[{"name":"wp","href":"https:\/\/api.w.org\/{rel}","templated":true}]}}