{"id":17946,"date":"2023-09-21T14:21:13","date_gmt":"2023-09-21T14:21:13","guid":{"rendered":"https:\/\/store.evolve-fitness.eu\/product\/evolve-soft-plyo-box-3-i-1\/"},"modified":"2026-04-04T12:00:13","modified_gmt":"2026-04-04T12:00:13","slug":"evolve-soft-plyo-box-3-i-1","status":"publish","type":"product","link":"https:\/\/store.evolve-fitness.eu\/sv\/produkt\/evolve-soft-plyo-box-3-i-1\/","title":{"rendered":"Evolve Soft Plyo Box 3-i-1"},"content":{"rendered":"\n<section class=\"wp-block-group alignfull black-content has-white-color has-darkgray-background-color has-text-color has-background is-layout-constrained wp-block-group-is-layout-constrained\" style=\"padding-top:var(--wp--preset--spacing--section-bottom);padding-bottom:var(--wp--preset--spacing--section-bottom)\">\n<div class=\"wp-block-columns alignwide is-layout-flex wp-container-core-columns-is-layout-c45ee707 wp-block-columns-is-layout-flex\" style=\"margin-bottom:var(--wp--preset--spacing--side-padding);padding-top:var(--wp--preset--spacing--side-padding)\">\n<div class=\"wp-block-column is-vertically-aligned-center is-layout-flow wp-block-column-is-layout-flow\">\n<figure class=\"wp-block-video\"><video height=\"864\" style=\"aspect-ratio: 1154 \/ 864;\" width=\"1154\" autoplay=\"\" controls=\"\" loop=\"\" muted=\"\" src=\"https:\/\/evolve-fitness.eu\/wp-content\/uploads\/2023\/09\/EV-PF-SP-300.mp4\"><\/video><\/figure>\n<\/div>\n\n\n\n<div class=\"wp-block-column is-vertically-aligned-center is-layout-constrained wp-block-column-is-layout-constrained\">\n<h3 class=\"wp-block-heading\" style=\"margin-bottom:var(--wp--preset--spacing--h-3-bottom)\">Soft Plyo Box 3-i-1  <\/h3>\n\n\n\n<p><strong><em><strong><em>M\u00e5ngsidig tr\u00e4ningsutrustning<\/em><\/strong><\/em><\/strong><\/p>\n\n\n\n<p style=\"margin-bottom:var(--wp--preset--spacing--tb-section-padding)\">Erbjuder tre justerbara h\u00f6jder (51 cm, 61 cm, 76 cm) i en l\u00e5da! Den \u00e4r utformad f\u00f6r en m\u00e4ngd olika \u00f6vningar som box jumps, pushups och lunges. Produkten har en skumk\u00e4rna med h\u00f6g densitet och ett PVC-\u00f6verdrag med h\u00f6g rivh\u00e5llfasthet och ett elegant kolfiberutseende. Denna plyo box \u00e4r idealisk f\u00f6r b\u00e5de kommersiell anv\u00e4ndning och hemmabruk, och s\u00e4kerst\u00e4ller ledv\u00e4nlig tr\u00e4ning som skyddar dina h\u00f6fter, kn\u00e4n och fotleder med sin halkfria yta.<\/p>\n\n\n\n<h3 class=\"wp-block-heading\" style=\"margin-bottom:var(--wp--preset--spacing--h-3-bottom)\">distinkt kolfiberlook<\/h3>\n\n\n\n<p><em><strong>Estetisk tilltalande funktionalitet<\/strong><\/em><\/p>\n\n\n\n<p>Den eleganta designen, som uppn\u00e5s genom ett PVC-\u00f6verdrag med h\u00f6g rivh\u00e5llfasthet, f\u00f6rb\u00e4ttrar inte bara utrustningens visuella aspekt utan bidrar ocks\u00e5 till dess h\u00e5llbarhet. Carbonlooken ger den ett modernt och professionellt utseende, vilket g\u00f6r den l\u00e4mplig f\u00f6r b\u00e5de hemmagym och kommersiella fitnesscenter, och den halkfria ytan garanterar s\u00e4kerhet \u00e4ven under intensiva tr\u00e4ningspass.<\/p>\n<\/div>\n<\/div>\n\n\n\n<div class=\"wp-block-columns alignwide is-layout-flex wp-container-core-columns-is-layout-c45ee707 wp-block-columns-is-layout-flex\" style=\"margin-bottom:var(--wp--preset--spacing--side-padding);padding-top:var(--wp--preset--spacing--side-padding)\">\n<div class=\"wp-block-column is-vertically-aligned-center is-layout-flow wp-block-column-is-layout-flow\">\n<h3 class=\"wp-block-heading\" style=\"margin-bottom:var(--wp--preset--spacing--h-3-bottom)\">din kropp \u00e4r allt du beh\u00f6ver<\/h3>\n\n\n\n<p>Perfekt f\u00f6r kroppsvikts\u00f6vningar<\/p>\n\n\n\n<p>Evolve Soft Drop Pad Set \u00e4r perfekt f\u00f6r att f\u00f6rb\u00e4ttra dina tr\u00e4ningsrutiner med kroppsvikt genom att erbjuda komfort och minska st\u00f6tar. H\u00e4r \u00e4r n\u00e5gra av de b\u00e4sta \u00f6vningarna som kan utf\u00f6ras med dessa kuddar:<\/p>\n\n\n\n<ol class=\"wp-block-list\">\n<li><strong>Armh\u00e4vningar<\/strong>: Minskar belastningen p\u00e5 handleden med extra d\u00e4mpning.<\/li>\n\n\n\n<li><strong>Burpees<\/strong>: Mjukar upp landningen och minimerar buller och st\u00f6tar.<\/li>\n\n\n\n<li><strong>Plankor och variationer<\/strong>: Ger en stabil och bekv\u00e4m yta f\u00f6r underarmarna.<\/li>\n\n\n\n<li><strong>Bergskl\u00e4ttring<\/strong>: Minskar belastningen p\u00e5 lederna och m\u00f6jligg\u00f6r mjukare r\u00f6relser.<\/li>\n\n\n\n<li><strong>Utfallssteg<\/strong>: D\u00e4mpar kn\u00e4na under djupa utfall f\u00f6r b\u00e4ttre komfort och form.<\/li>\n<\/ol>\n\n\n\n<p>Dessa kuddar ger en s\u00e4krare och bekv\u00e4mare tr\u00e4ningsupplevelse.<\/p>\n<\/div>\n\n\n\n<div class=\"wp-block-column is-vertically-aligned-center is-layout-flow wp-block-column-is-layout-flow\">\n<div class=\"wp-block-columns is-layout-flex wp-container-core-columns-is-layout-9d6595d7 wp-block-columns-is-layout-flex\">\n<div class=\"wp-block-column is-layout-flow wp-block-column-is-layout-flow\">\n<figure class=\"wp-block-video\"><video height=\"788\" style=\"aspect-ratio: 940 \/ 788;\" width=\"940\" autoplay=\"\" controls=\"\" loop=\"\" muted=\"\" src=\"https:\/\/evolve-fitness.eu\/wp-content\/uploads\/2024\/07\/5.mp4\"><\/video><\/figure>\n<\/div>\n<\/div>\n<\/div>\n<\/div>\n\n\n\n<div class=\"wp-block-columns alignwide is-layout-flex wp-container-core-columns-is-layout-c45ee707 wp-block-columns-is-layout-flex\" style=\"margin-bottom:var(--wp--preset--spacing--side-padding);padding-top:var(--wp--preset--spacing--side-padding)\">\n<div class=\"wp-block-column is-vertically-aligned-center is-layout-flow wp-block-column-is-layout-flow\">\n<figure class=\"wp-block-image size-large\"><img decoding=\"async\" src=\"https:\/\/evolve-fitness.eu\/wp-content\/uploads\/2024\/01\/EV-PF-SP-300-51-76-1024x683.webp\" alt=\"EV-PF-SP-300\" class=\"wp-image-9784\"\/><\/figure>\n<\/div>\n\n\n\n<div class=\"wp-block-column is-vertically-aligned-center is-layout-flow wp-block-column-is-layout-flow\">\n<h3 class=\"wp-block-heading\" style=\"margin-bottom:var(--wp--preset--spacing--h-3-bottom)\"><strong>f\u00f6rdelen med tre olika h\u00f6jder i en och samma l\u00e5da<\/strong><\/h3>\n\n\n\n<p><strong><em><strong>F\u00f6rb\u00e4ttrar dess anv\u00e4ndbarhet f\u00f6r en rad olika \u00f6vningar<\/strong><\/em><\/strong><\/p>\n\n\n\n<p>Denna m\u00e5ngsidighet g\u00f6r det m\u00f6jligt f\u00f6r anv\u00e4ndare att gradvis \u00f6ka sv\u00e5righetsgraden p\u00e5 sina tr\u00e4ningspass, vilket tillgodoser olika konditionsniv\u00e5er. Det \u00e4r s\u00e4rskilt f\u00f6rdelaktigt vid plyometrisk tr\u00e4ning och bidrar till att f\u00f6rb\u00e4ttra kraft, hastighet och vertikalt hopp. De olika h\u00f6jdalternativen g\u00f6r den l\u00e4mplig f\u00f6r en bred publik, fr\u00e5n nyb\u00f6rjare till avancerade idrottare.<\/p>\n<\/div>\n<\/div>\n<\/section>\n","protected":false},"excerpt":{"rendered":"<p>Vi introducerar Evolve Soft Plyo Box 3-i-1: din ultimata tr\u00e4ningskompis!<\/p>\n<p>Tre h\u00f6jder, en box: Med justerbara h\u00f6jder p\u00e5 51 cm (20&#8243;), 61 cm (24&#8243;) och 76 cm (30&#8243;) \u00e4r denna m\u00e5ngsidiga plyo box perfekt f\u00f6r box jumps, pushups, lunges, dips och mycket mer.<\/p>\n<p>Byggd f\u00f6r h\u00e5llbarhet: Den \u00e4r konstruerad f\u00f6r kommersiell anv\u00e4ndning och \u00e4r idealisk f\u00f6r hemmagym, professionella fitnesscenter, milit\u00e4rbaser, hotell, vandrarhem och rehabiliteringscenter.<\/p>\n<p>Snygg design i kolfiber: Den moderna kolfiberutseendet ger stil till alla gym, och den halkfria ytan garanterar s\u00e4kerhet \u00e4ven under intensiva tr\u00e4ningspass.<\/p>\n<p>Ledv\u00e4nlig: Skumk\u00e4rnan med h\u00f6g densitet minskar p\u00e5verkan p\u00e5 lederna och skyddar h\u00f6fter, kn\u00e4n och vrister.<\/p>\n<p>Uppgradera din tr\u00e4ningsrutin med Evolve Soft Plyo Box 3-i-1 och utveckla dina tr\u00e4ningspass redan idag!<\/p>\n","protected":false},"featured_media":17948,"template":"","meta":{"_acf_changed":false,"inline_featured_image":false},"product_cat":[550,623,625],"product_tag":[],"class_list":{"0":"post-17946","1":"product","2":"type-product","3":"status-publish","4":"has-post-thumbnail","6":"product_cat-startsida","7":"product_cat-korsvis-funktionell","8":"product_cat-funktionell-utrustning","10":"first","11":"instock","12":"sale","13":"shipping-taxable","14":"purchasable","15":"product-type-simple"},"acf":[],"_links":{"self":[{"href":"https:\/\/store.evolve-fitness.eu\/sv\/wp-json\/wp\/v2\/product\/17946","targetHints":{"allow":["GET"]}}],"collection":[{"href":"https:\/\/store.evolve-fitness.eu\/sv\/wp-json\/wp\/v2\/product"}],"about":[{"href":"https:\/\/store.evolve-fitness.eu\/sv\/wp-json\/wp\/v2\/types\/product"}],"wp:featuredmedia":[{"embeddable":true,"href":"https:\/\/store.evolve-fitness.eu\/sv\/wp-json\/wp\/v2\/media\/17948"}],"wp:attachment":[{"href":"https:\/\/store.evolve-fitness.eu\/sv\/wp-json\/wp\/v2\/media?parent=17946"}],"wp:term":[{"taxonomy":"product_cat","embeddable":true,"href":"https:\/\/store.evolve-fitness.eu\/sv\/wp-json\/wp\/v2\/product_cat?post=17946"},{"taxonomy":"product_tag","embeddable":true,"href":"https:\/\/store.evolve-fitness.eu\/sv\/wp-json\/wp\/v2\/product_tag?post=17946"}],"curies":[{"name":"wp","href":"https:\/\/api.w.org\/{rel}","templated":true}]}}