{"id":17589,"date":"2023-09-21T14:10:38","date_gmt":"2023-09-21T14:10:38","guid":{"rendered":"https:\/\/store.evolve-fitness.eu\/product\/evolve-sats-med-mjuka-droppskydd\/"},"modified":"2026-02-10T12:00:59","modified_gmt":"2026-02-10T12:00:59","slug":"evolve-sats-med-mjuka-droppskydd","status":"publish","type":"product","link":"https:\/\/store.evolve-fitness.eu\/sv\/produkt\/evolve-sats-med-mjuka-droppskydd\/","title":{"rendered":"Evolve-sats med mjuka droppskydd"},"content":{"rendered":"\n<section class=\"wp-block-group alignfull black-content has-white-color has-darkgray-background-color has-text-color has-background is-layout-constrained wp-block-group-is-layout-constrained\" style=\"padding-top:var(--wp--preset--spacing--section-bottom);padding-bottom:var(--wp--preset--spacing--section-bottom)\">\n<div class=\"wp-block-columns alignwide mobile-reverse is-layout-flex wp-container-core-columns-is-layout-ca64bf2d wp-block-columns-is-layout-flex\" style=\"margin-bottom:var(--wp--preset--spacing--side-padding)\">\n<div class=\"wp-block-column is-vertically-aligned-center is-layout-flow wp-block-column-is-layout-flow\">\n<h3 class=\"wp-block-heading\" style=\"margin-bottom:var(--wp--preset--spacing--h-3-bottom)\"><strong><strong>Maximera din tr\u00e4ning med r\u00f6rlighet<\/strong><\/strong><\/h3>\n\n\n\n<p><strong><em><em>B\u00e4rbart skydd<\/em><\/em><\/strong><\/p>\n\n\n\n<p style=\"margin-bottom:var(--wp--preset--spacing--tb-section-padding)\">Evolve Soft Drop Pad Set erbjuder en mobil och effektiv l\u00f6sning f\u00f6r idrottare som vill minska buller och st\u00f6tar under tunga lyftpass. Dessa b\u00e4rbara dynor skyddar golv och utrustning och \u00e4r d\u00e4rf\u00f6r ett perfekt val f\u00f6r b\u00e5de hemmagym och kommersiella gym d\u00e4r utrymmesoptimering och ljudd\u00e4mpning \u00e4r avg\u00f6rande. <\/p>\n<\/div>\n\n\n\n<div class=\"wp-block-column is-vertically-aligned-center is-layout-flow wp-block-column-is-layout-flow\">\n<figure class=\"wp-block-video\"><video autoplay=\"\" controls=\"\" loop=\"\" muted=\"\" src=\"https:\/\/evolve-fitness.eu\/wp-content\/uploads\/2023\/09\/Evolve-Soft-Drop-Pad-Set-Video.mp4\"><\/video><\/figure>\n<\/div>\n<\/div>\n\n\n\n<div class=\"wp-block-columns alignwide is-layout-flex wp-container-core-columns-is-layout-c45ee707 wp-block-columns-is-layout-flex\" style=\"margin-bottom:var(--wp--preset--spacing--side-padding);padding-top:var(--wp--preset--spacing--side-padding)\">\n<div class=\"wp-block-column is-vertically-aligned-center is-layout-flow wp-block-column-is-layout-flow\">\n<figure class=\"wp-block-image size-large\"><img decoding=\"async\" src=\"https:\/\/evolve-fitness.eu\/wp-content\/uploads\/2023\/09\/Evolve-Soft-Drop-Pad-Set-EV-PF-DP-100-1024x683.jpg\" alt=\"EV-PF-DP-100\" class=\"wp-image-10846\"\/><\/figure>\n<\/div>\n\n\n\n<div class=\"wp-block-column is-vertically-aligned-center is-layout-flow wp-block-column-is-layout-flow\">\n<h3 class=\"wp-block-heading\" style=\"margin-bottom:var(--wp--preset--spacing--h-3-bottom)\"><strong><strong><strong>Innovativa material: Styrka och stil<\/strong><\/strong><\/strong><\/h3>\n\n\n\n<p><strong><em><em><em>Karbonkonstruktion f\u00f6r \u00f6verl\u00e4gsen kvalitet<\/em><\/em><\/em><\/strong><\/p>\n\n\n\n<p>Evolve Soft Drop Pad Set \u00e4r tillverkat av innovativa material och har en elegant kolfiberdesign som inte bara f\u00f6rb\u00e4ttrar h\u00e5llbarheten utan ocks\u00e5 ger en modern estetik till ditt tr\u00e4ningsutrymme. Dessa material v\u00e4ljs f\u00f6r sin f\u00f6rm\u00e5ga att absorbera st\u00f6tar effektivt, vilket garanterar dynornas livsl\u00e4ngd och s\u00e4kerheten f\u00f6r din utrustning. <\/p>\n<\/div>\n<\/div>\n\n\n\n<div class=\"wp-block-columns alignwide is-layout-flex wp-container-core-columns-is-layout-c45ee707 wp-block-columns-is-layout-flex\" style=\"margin-bottom:var(--wp--preset--spacing--side-padding);padding-top:var(--wp--preset--spacing--side-padding)\">\n<div class=\"wp-block-column is-vertically-aligned-center is-layout-flow wp-block-column-is-layout-flow\">\n<h3 class=\"wp-block-heading\" style=\"margin-bottom:var(--wp--preset--spacing--h-3-bottom)\"><strong><strong>Byggd f\u00f6r att h\u00e5lla: H\u00e5llbarhet m\u00f6ter design<\/strong><\/strong><\/h3>\n\n\n\n<p><strong><em><em>Konstruerad f\u00f6r uth\u00e5llighet<\/em><\/em><\/strong><\/p>\n\n\n\n<p>Evolve Soft Drop Pad Set utm\u00e4rker sig genom sin exceptionella h\u00e5llbarhet och \u00e4r konstruerat f\u00f6r att klara p\u00e5frestningarna vid tung anv\u00e4ndning i alla tr\u00e4ningsmilj\u00f6er. Dessa dynor \u00e4r tillverkade av h\u00f6gkvalitativa material och \u00e4r utformade f\u00f6r att t\u00e5la intensiva tr\u00e4ningspass, vilket garanterar l\u00e5ngvarig prestanda och tillf\u00f6rlitlighet. Idealisk f\u00f6r dem som s\u00f6ker en h\u00e5llbar l\u00f6sning f\u00f6r att skydda golv och utrustning.  <\/p>\n<\/div>\n\n\n\n<div class=\"wp-block-column is-vertically-aligned-center is-layout-flow wp-block-column-is-layout-flow\">\n<figure class=\"wp-block-video\"><video height=\"1200\" style=\"aspect-ratio: 1600 \/ 1200;\" width=\"1600\" autoplay=\"\" controls=\"\" loop=\"\" muted=\"\" src=\"https:\/\/evolve-fitness.eu\/wp-content\/uploads\/2024\/01\/Evolve-Soft-Drop-Pad-Set-2.mp4\"><\/video><\/figure>\n<\/div>\n<\/div>\n\n\n\n<div class=\"wp-block-columns alignwide is-layout-flex wp-container-core-columns-is-layout-c45ee707 wp-block-columns-is-layout-flex\" style=\"margin-bottom:var(--wp--preset--spacing--side-padding);padding-top:var(--wp--preset--spacing--side-padding)\">\n<div class=\"wp-block-column is-vertically-aligned-center is-layout-flow wp-block-column-is-layout-flow\">\n<figure class=\"wp-block-image size-large\"><img decoding=\"async\" src=\"https:\/\/evolve-fitness.eu\/wp-content\/uploads\/2023\/09\/Evolve-Soft-Drop-Pad-Set-Plate-EV-PF-DP-100-1024x683.jpg\" alt=\"EV-PF-DP-100\" class=\"wp-image-10850\"\/><\/figure>\n<\/div>\n\n\n\n<div class=\"wp-block-column is-vertically-aligned-center is-layout-flow wp-block-column-is-layout-flow\">\n<h3 class=\"wp-block-heading\" style=\"margin-bottom:var(--wp--preset--spacing--h-3-bottom)\"><strong><strong><strong><strong><strong>S\u00f6ml\u00f6s integration<\/strong><\/strong><\/strong><\/strong><\/strong><\/h3>\n\n\n\n<p><strong><em><strong><strong><strong><strong><strong><strong>Estetik och funktionalitet<\/strong><\/strong><\/strong><\/strong><\/strong><\/strong>litet<em>harmonierar med Evolves Carbon-serie<\/em><\/em><\/strong><\/p>\n\n\n\n<p>F\u00f6r en s\u00f6ml\u00f6s integrering i din tr\u00e4ningsanl\u00e4ggning \u00e4r Evolve Soft Drop Pad Set utformat f\u00f6r att komplettera annan Evolve-utrustning, inklusive st\u00e4nger, fria vikter och f\u00f6rem\u00e5l fr\u00e5n carbon-serien. Den sammanh\u00e4ngande designen ger ett enhetligt utseende och en enhetlig k\u00e4nsla i hela tr\u00e4ningsutrymmet, vilket f\u00f6rb\u00e4ttrar b\u00e5de funktionalitet och estetik. <\/p>\n<\/div>\n<\/div>\n<\/section>\n","protected":false},"excerpt":{"rendered":"<p>Vi introducerar Evolve Soft Drop Pad Set &#8211; din ultimata l\u00f6sning f\u00f6r buller- och golvskydd<\/p>\n<p>\u00c4r du tr\u00f6tt p\u00e5 det st\u00e4ndiga skramlandet och golvskadorna som uppst\u00e5r n\u00e4r du tappar vikter och skivst\u00e4nger i ditt gym? Du beh\u00f6ver inte leta l\u00e4ngre \u00e4n till Evolve Soft Drop Pad Set. Dessa dynor \u00e4r utformade f\u00f6r att revolutionera din tr\u00e4ningslokal och \u00e4r konstruerade f\u00f6r att minska buller, skydda ditt golv och ge en touch av modern stil till ditt gym.<\/p>\n","protected":false},"featured_media":17620,"template":"","meta":{"_acf_changed":false,"inline_featured_image":false},"product_cat":[623,625],"product_tag":[],"class_list":{"0":"post-17589","1":"product","2":"type-product","3":"status-publish","4":"has-post-thumbnail","6":"product_cat-korsvis-funktionell","7":"product_cat-funktionell-utrustning","9":"first","10":"instock","11":"shipping-taxable","12":"purchasable","13":"product-type-simple"},"acf":[],"_links":{"self":[{"href":"https:\/\/store.evolve-fitness.eu\/sv\/wp-json\/wp\/v2\/product\/17589","targetHints":{"allow":["GET"]}}],"collection":[{"href":"https:\/\/store.evolve-fitness.eu\/sv\/wp-json\/wp\/v2\/product"}],"about":[{"href":"https:\/\/store.evolve-fitness.eu\/sv\/wp-json\/wp\/v2\/types\/product"}],"wp:featuredmedia":[{"embeddable":true,"href":"https:\/\/store.evolve-fitness.eu\/sv\/wp-json\/wp\/v2\/media\/17620"}],"wp:attachment":[{"href":"https:\/\/store.evolve-fitness.eu\/sv\/wp-json\/wp\/v2\/media?parent=17589"}],"wp:term":[{"taxonomy":"product_cat","embeddable":true,"href":"https:\/\/store.evolve-fitness.eu\/sv\/wp-json\/wp\/v2\/product_cat?post=17589"},{"taxonomy":"product_tag","embeddable":true,"href":"https:\/\/store.evolve-fitness.eu\/sv\/wp-json\/wp\/v2\/product_tag?post=17589"}],"curies":[{"name":"wp","href":"https:\/\/api.w.org\/{rel}","templated":true}]}}