{"id":17363,"date":"2023-09-21T13:38:01","date_gmt":"2023-09-21T13:38:01","guid":{"rendered":"https:\/\/store.evolve-fitness.eu\/product\/evolve-plyo-box-i-tra-3-i-1\/"},"modified":"2026-04-21T12:00:19","modified_gmt":"2026-04-21T12:00:19","slug":"evolve-plyo-box-i-tra-3-i-1","status":"publish","type":"product","link":"https:\/\/store.evolve-fitness.eu\/sv\/produkt\/evolve-plyo-box-i-tra-3-i-1\/","title":{"rendered":"Evolve Plyo-box i tr\u00e4 3-i-1"},"content":{"rendered":"\n<section class=\"wp-block-group alignfull black-content has-white-color has-darkgray-background-color has-text-color has-background is-layout-constrained wp-block-group-is-layout-constrained\" style=\"padding-top:var(--wp--preset--spacing--section-bottom);padding-bottom:var(--wp--preset--spacing--section-bottom)\">\n<div class=\"wp-block-columns alignwide mobile-reverse is-layout-flex wp-container-core-columns-is-layout-ca64bf2d wp-block-columns-is-layout-flex\" style=\"margin-bottom:var(--wp--preset--spacing--side-padding)\">\n<div class=\"wp-block-column is-vertically-aligned-center is-layout-flow wp-block-column-is-layout-flow\">\n<h3 class=\"wp-block-heading\" style=\"margin-bottom:var(--wp--preset--spacing--h-3-bottom)\"><strong><strong>tre h\u00f6jdalternativ: 51 cm, 61 cm och 76 cm<\/strong><\/strong><\/h3>\n\n\n\n<p><strong><em><strong>L\u00e4mplig f\u00f6r anv\u00e4ndare p\u00e5 alla niv\u00e5er<\/strong><\/em><\/strong><\/p>\n\n\n\n<p style=\"margin-bottom:var(--wp--preset--spacing--tb-section-padding)\">Evolve Plyo Box 3-i-1 i tr\u00e4 \u00e4r ett m\u00e5ngsidigt tr\u00e4ningsredskap utformat f\u00f6r plyometriska \u00f6vningar. Dess fr\u00e4msta funktion \u00e4r m\u00f6jligheten att justera till tre olika h\u00f6jdinst\u00e4llningar, vilket ger varierade intensitetsniv\u00e5er f\u00f6r tr\u00e4ningspass. Denna justerbarhet g\u00f6r den l\u00e4mplig f\u00f6r ett brett spektrum av konditionsniv\u00e5er, fr\u00e5n nyb\u00f6rjare till avancerade idrottare. L\u00e5dan \u00e4r tillverkad av robust tr\u00e4, vilket garanterar h\u00e5llbarhet och stabilitet under anv\u00e4ndning. Den \u00e4r s\u00e4rskilt utformad f\u00f6r \u00f6vningar som syftar till att f\u00f6rb\u00e4ttra kraft, snabbhet och smidighet, vilket g\u00f6r den till ett popul\u00e4rt val f\u00f6r funktionell tr\u00e4ning och crossfit-rutiner.<\/p>\n<\/div>\n\n\n\n<div class=\"wp-block-column is-vertically-aligned-center is-layout-flow wp-block-column-is-layout-flow\">\n<figure class=\"wp-block-image size-large\"><img decoding=\"async\" src=\"https:\/\/evolve-fitness.eu\/wp-content\/uploads\/2023\/09\/A7_09543-1024x683.jpg\" alt=\"EV-PF-WP-300\" class=\"wp-image-10228\"\/><\/figure>\n<\/div>\n<\/div>\n\n\n\n<div class=\"wp-block-columns alignwide mobile-reverse is-layout-flex wp-container-core-columns-is-layout-ca64bf2d wp-block-columns-is-layout-flex\" style=\"margin-bottom:var(--wp--preset--spacing--side-padding)\">\n<div class=\"wp-block-column is-vertically-aligned-center is-layout-flow wp-block-column-is-layout-flow\">\n<figure class=\"wp-block-image size-large\"><img decoding=\"async\" src=\"https:\/\/evolve-fitness.eu\/wp-content\/uploads\/2023\/09\/A7_09525-1024x683.jpg\" alt=\"EV-PF-WP-300\" class=\"wp-image-10230\"\/><\/figure>\n<\/div>\n\n\n\n<div class=\"wp-block-column is-vertically-aligned-center is-layout-flow wp-block-column-is-layout-flow\">\n<h3 class=\"wp-block-heading\" style=\"margin-bottom:var(--wp--preset--spacing--h-3-bottom)\"><strong>S\u00e4kerheten f\u00f6rst<\/strong><\/h3>\n\n\n\n<p><strong><em>Byggd f\u00f6r ditt skydd<\/em><\/strong><\/p>\n\n\n\n<p>Evolve Plyo Box 3-i-1 i tr\u00e4 \u00e4r konstruerad med s\u00e4kerhet och h\u00e5llbarhet i \u00e5tanke. Den har rundade h\u00f6rn, som \u00e4r s\u00e4rskilt utformade f\u00f6r att minimera risken f\u00f6r skador under tr\u00e4ningspasset. Denna s\u00e4kerhetsaspekt \u00e4r avg\u00f6rande f\u00f6r plyometriska \u00f6vningar som involverar hopp och dynamiska r\u00f6relser. Boxen \u00e4r tillverkad av h\u00f6gkvalitativt tr\u00e4, vilket garanterar b\u00e5de styrka och l\u00e5ng livsl\u00e4ngd, vilket g\u00f6r den till en p\u00e5litlig utrustning f\u00f6r intensiva tr\u00e4ningsrutiner.<\/p>\n<\/div>\n<\/div>\n<\/section>\n\n<section class=\"wp-block-group alignfull has-lightgray-background-color has-background is-layout-constrained wp-block-group-is-layout-constrained\">\n<div class=\"wp-block-columns alignwide is-layout-flex wp-container-core-columns-is-layout-2edb0647 wp-block-columns-is-layout-flex\" style=\"margin-top:0;margin-bottom:0\">\n<div class=\"wp-block-column is-layout-flow wp-block-column-is-layout-flow\" style=\"flex-basis:33.33%\"><\/div>\n\n\n\n<div class=\"wp-block-column is-layout-flow wp-block-column-is-layout-flow\" style=\"flex-basis:66.66%\"><\/div>\n<\/div>\n<\/section>\n","protected":false},"excerpt":{"rendered":"<p>Evolve Plyo Box 3-i-1 i tr\u00e4 \u00e4r ett m\u00e5ngsidigt tr\u00e4ningsredskap med justerbara h\u00f6jder p\u00e5 51 cm, 61 cm och 76 cm. Med en vikt p\u00e5 23 kg ger den stabilitet och s\u00e4kerhet f\u00f6r olika tr\u00e4ningspass. Den robusta konstruktionen har inv\u00e4ndiga st\u00f6dpaneler och rundade kanter f\u00f6r \u00f6kad h\u00e5llbarhet och s\u00e4kerhet. Den \u00e4r l\u00e4tt att montera och har inbyggda handtag, vilket g\u00f6r den b\u00e5de praktisk och b\u00e4rbar och till den perfekta tr\u00e4ningskompisen f\u00f6r alla niv\u00e5er.<\/p>\n","protected":false},"featured_media":17411,"template":"","meta":{"_acf_changed":false,"inline_featured_image":false},"product_cat":[2408,623,625],"product_tag":[],"class_list":{"0":"post-17363","1":"product","2":"type-product","3":"status-publish","4":"has-post-thumbnail","6":"product_cat-hyrox-redskap","7":"product_cat-korsvis-funktionell","8":"product_cat-funktionell-utrustning","10":"first","11":"instock","12":"shipping-taxable","13":"purchasable","14":"product-type-simple"},"acf":[],"_links":{"self":[{"href":"https:\/\/store.evolve-fitness.eu\/sv\/wp-json\/wp\/v2\/product\/17363","targetHints":{"allow":["GET"]}}],"collection":[{"href":"https:\/\/store.evolve-fitness.eu\/sv\/wp-json\/wp\/v2\/product"}],"about":[{"href":"https:\/\/store.evolve-fitness.eu\/sv\/wp-json\/wp\/v2\/types\/product"}],"wp:featuredmedia":[{"embeddable":true,"href":"https:\/\/store.evolve-fitness.eu\/sv\/wp-json\/wp\/v2\/media\/17411"}],"wp:attachment":[{"href":"https:\/\/store.evolve-fitness.eu\/sv\/wp-json\/wp\/v2\/media?parent=17363"}],"wp:term":[{"taxonomy":"product_cat","embeddable":true,"href":"https:\/\/store.evolve-fitness.eu\/sv\/wp-json\/wp\/v2\/product_cat?post=17363"},{"taxonomy":"product_tag","embeddable":true,"href":"https:\/\/store.evolve-fitness.eu\/sv\/wp-json\/wp\/v2\/product_tag?post=17363"}],"curies":[{"name":"wp","href":"https:\/\/api.w.org\/{rel}","templated":true}]}}