{"id":17231,"date":"2023-09-21T13:03:11","date_gmt":"2023-09-21T13:03:11","guid":{"rendered":"https:\/\/store.evolve-fitness.eu\/product\/evolve-pilatesboll-25-cm\/"},"modified":"2025-03-07T09:40:27","modified_gmt":"2025-03-07T09:40:27","slug":"evolve-pilatesboll-25-cm","status":"publish","type":"product","link":"https:\/\/store.evolve-fitness.eu\/sv\/produkt\/evolve-pilatesboll-25-cm\/","title":{"rendered":"Evolve Pilates Boll &#8211; 25cm"},"content":{"rendered":"\n<section class=\"wp-block-group alignfull has-lightgray-background-color has-background is-layout-constrained wp-block-group-is-layout-constrained\">\n<div class=\"wp-block-columns alignwide is-layout-flex wp-container-core-columns-is-layout-2edb0647 wp-block-columns-is-layout-flex\" style=\"margin-top:0;margin-bottom:0\">\n<div class=\"wp-block-column is-layout-flow wp-block-column-is-layout-flow\" style=\"flex-basis:33.33%\"><\/div>\n\n\n\n<div class=\"wp-block-column is-layout-flow wp-block-column-is-layout-flow\" style=\"flex-basis:66.66%\"><\/div>\n<\/div>\n<\/section>\n","protected":false},"excerpt":{"rendered":"<p>F\u00f6rb\u00e4ttra din tr\u00e4ning med Evolve Pilates Ball &#8211; 25 cm. Uppt\u00e4ck den ultimata tr\u00e4ningskompisen &#8211; v\u00e5r 25 cm l\u00e5nga pilatesboll. St\u00e4rk din core, f\u00f6rb\u00e4ttra balansen och \u00f6ka flexibiliteten. Den \u00e4r tillverkad av slitstark PVC och \u00e4r perfekt f\u00f6r alla tr\u00e4ningsniv\u00e5er. Kompakt, m\u00e5ngsidig och designad f\u00f6r framg\u00e5ng. Lyft dina tr\u00e4ningspass idag med Evolve.<\/p>\n","protected":false},"featured_media":90226,"template":"","meta":{"_acf_changed":false,"inline_featured_image":false},"product_cat":[392],"product_tag":[],"class_list":{"0":"post-17231","1":"product","2":"type-product","3":"status-publish","4":"has-post-thumbnail","6":"product_cat-studio-sv","8":"first","9":"instock","10":"shipping-taxable","11":"purchasable","12":"product-type-simple"},"acf":[],"_links":{"self":[{"href":"https:\/\/store.evolve-fitness.eu\/sv\/wp-json\/wp\/v2\/product\/17231","targetHints":{"allow":["GET"]}}],"collection":[{"href":"https:\/\/store.evolve-fitness.eu\/sv\/wp-json\/wp\/v2\/product"}],"about":[{"href":"https:\/\/store.evolve-fitness.eu\/sv\/wp-json\/wp\/v2\/types\/product"}],"wp:featuredmedia":[{"embeddable":true,"href":"https:\/\/store.evolve-fitness.eu\/sv\/wp-json\/wp\/v2\/media\/90226"}],"wp:attachment":[{"href":"https:\/\/store.evolve-fitness.eu\/sv\/wp-json\/wp\/v2\/media?parent=17231"}],"wp:term":[{"taxonomy":"product_cat","embeddable":true,"href":"https:\/\/store.evolve-fitness.eu\/sv\/wp-json\/wp\/v2\/product_cat?post=17231"},{"taxonomy":"product_tag","embeddable":true,"href":"https:\/\/store.evolve-fitness.eu\/sv\/wp-json\/wp\/v2\/product_tag?post=17231"}],"curies":[{"name":"wp","href":"https:\/\/api.w.org\/{rel}","templated":true}]}}