{"id":16910,"date":"2023-09-21T08:50:34","date_gmt":"2023-09-21T08:50:34","guid":{"rendered":"https:\/\/store.evolve-fitness.eu\/product\/evolve-nbr-studiomatta-180-x-60-x-1-cm\/"},"modified":"2025-03-07T09:35:55","modified_gmt":"2025-03-07T09:35:55","slug":"evolve-nbr-studiomatta-180-x-60-x-1-cm","status":"publish","type":"product","link":"https:\/\/store.evolve-fitness.eu\/sv\/produkt\/evolve-nbr-studiomatta-180-x-60-x-1-cm\/","title":{"rendered":"Evolve NBR Studiomatta 180 x 60 x 1 cm"},"content":{"rendered":"\n<section class=\"wp-block-group alignfull has-darkgray-background-color has-background is-layout-constrained wp-block-group-is-layout-constrained\">\n<div class=\"wp-block-columns alignwide is-layout-flex wp-container-core-columns-is-layout-2edb0647 wp-block-columns-is-layout-flex\" style=\"margin-top:0;margin-bottom:0\">\n<div class=\"wp-block-column is-layout-flow wp-block-column-is-layout-flow\" style=\"flex-basis:33.33%\"><\/div>\n\n\n\n<div class=\"wp-block-column is-layout-flow wp-block-column-is-layout-flow\" style=\"flex-basis:66.66%\"><\/div>\n<\/div>\n\n\n\n<section class=\"wp-block-group alignfull has-darkgray-background-color has-background is-layout-constrained wp-block-group-is-layout-constrained\">\n<div class=\"wp-block-columns alignwide is-layout-flex wp-container-core-columns-is-layout-2edb0647 wp-block-columns-is-layout-flex\" style=\"margin-top:0;margin-bottom:0\">\n<div class=\"wp-block-column is-layout-flow wp-block-column-is-layout-flow\" style=\"flex-basis:33.33%\"><\/div>\n\n\n\n<div class=\"wp-block-column is-layout-flow wp-block-column-is-layout-flow\" style=\"flex-basis:66.66%\"><\/div>\n<\/div>\n\n\n\n<section class=\"wp-block-group alignfull black-content has-white-color has-darkgray-background-color has-text-color has-background is-layout-constrained wp-block-group-is-layout-constrained\" style=\"padding-top:var(--wp--preset--spacing--section-bottom);padding-bottom:var(--wp--preset--spacing--section-bottom)\">\n<div class=\"wp-block-columns alignwide is-layout-flex wp-container-core-columns-is-layout-c45ee707 wp-block-columns-is-layout-flex\" style=\"margin-bottom:var(--wp--preset--spacing--side-padding);padding-top:var(--wp--preset--spacing--side-padding)\">\n<div class=\"wp-block-column is-vertically-aligned-center is-layout-flow wp-block-column-is-layout-flow\">\n<figure class=\"wp-block-video\"><video autoplay=\"\" controls=\"\" loop=\"\" muted=\"\" src=\"https:\/\/evolve-fitness.eu\/wp-content\/uploads\/2023\/12\/1-3.mp4\"><\/video><\/figure>\n<\/div>\n\n\n\n<div class=\"wp-block-column is-vertically-aligned-center is-layout-constrained wp-block-column-is-layout-constrained\">\n<h3 class=\"wp-block-heading\" style=\"margin-bottom:var(--wp--preset--spacing--h-3-bottom)\">Studiomatta av h\u00f6g kvalitet  <\/h3>\n\n\n\n<p><strong><em>Utformad f\u00f6r olika \u00f6vningar som yoga, aerobics, pilates och stretching<\/em><\/strong><\/p>\n\n\n\n<p style=\"margin-bottom:var(--wp--preset--spacing--tb-section-padding)\">Evolve NBR Studio Mat erbjuder komfort och stabilitet med sin tjocklek p\u00e5 1 cm. Mattan \u00e4r tillverkad av h\u00f6gdensitetsmaterial som g\u00f6r den slitstark, svettfri och l\u00e4tt att reng\u00f6ra. Mat utm\u00e4rker sig genom sin robusta konstruktion och genomt\u00e4nkta design. Evolve NBR Studio Mat-mattan \u00e4r tillverkad av ett t\u00e4tt, h\u00f6gkvalitativt material som garanterar l\u00e5ng livsl\u00e4ngd och motst\u00e5ndskraft mot slitage.<\/p>\n<\/div>\n<\/div>\n\n\n\n<div class=\"wp-block-columns alignwide is-layout-flex wp-container-core-columns-is-layout-c45ee707 wp-block-columns-is-layout-flex\" style=\"margin-bottom:var(--wp--preset--spacing--side-padding);padding-top:var(--wp--preset--spacing--side-padding)\">\n<div class=\"wp-block-column is-vertically-aligned-center is-layout-flow wp-block-column-is-layout-flow\">\n<h3 class=\"wp-block-heading\" style=\"margin-bottom:var(--wp--preset--spacing--h-3-bottom)\">H\u00e5llbar och l\u00e4tt<\/h3>\n\n\n\n<p><em><strong>Levereras med integrerade \u00f6ljetter f\u00f6r praktisk f\u00f6rvaring<\/strong><\/em><\/p>\n\n\n\n<p>Den har halkfria egenskaper, rundade h\u00f6rn, optimal st\u00f6td\u00e4mpning och en hygienisk struktur med slutna celler som \u00e4r vattent\u00e4t. Mattan \u00e4r ocks\u00e5 l\u00e4tt och v\u00e4ger bara 1,2 kg.<\/p>\n<\/div>\n\n\n\n<div class=\"wp-block-column is-vertically-aligned-center is-layout-flow wp-block-column-is-layout-flow\">\n<div class=\"wp-block-columns is-layout-flex wp-container-core-columns-is-layout-9d6595d7 wp-block-columns-is-layout-flex\">\n<div class=\"wp-block-column is-layout-flow wp-block-column-is-layout-flow\">\n<figure class=\"wp-block-image size-large\"><img decoding=\"async\" src=\"https:\/\/evolve-fitness.eu\/wp-content\/uploads\/2023\/12\/A7_05507-683x1024.jpg\" alt=\"\" class=\"wp-image-7892\"\/><\/figure>\n<\/div>\n<\/div>\n<\/div>\n<\/div>\n\n\n\n<div class=\"wp-block-columns alignwide is-layout-flex wp-container-core-columns-is-layout-c45ee707 wp-block-columns-is-layout-flex\" style=\"margin-bottom:var(--wp--preset--spacing--side-padding);padding-top:var(--wp--preset--spacing--side-padding)\">\n<div class=\"wp-block-column is-vertically-aligned-center is-layout-flow wp-block-column-is-layout-flow\">\n<figure class=\"wp-block-image size-large\"><img decoding=\"async\" src=\"https:\/\/evolve-fitness.eu\/wp-content\/uploads\/2023\/12\/A7_05548-1024x683.jpg\" alt=\"\" class=\"wp-image-7895\"\/><\/figure>\n<\/div>\n\n\n\n<div class=\"wp-block-column is-vertically-aligned-center is-layout-flow wp-block-column-is-layout-flow\">\n<h3 class=\"wp-block-heading\" style=\"margin-bottom:var(--wp--preset--spacing--h-3-bottom)\"><strong>Speciellt utformad yta<\/strong><\/h3>\n\n\n\n<p><strong><em>Hygienisk yta och enkla f\u00f6rvaringsl\u00f6sningar<\/em><\/strong><\/p>\n\n\n\n<p>Dess hygieniska egenskaper, inklusive vattent\u00e4thet och l\u00e4ttrengjord yta, g\u00f6r den till ett idealiskt val f\u00f6r frekvent anv\u00e4ndning i olika milj\u00f6er. Den l\u00e4tta vikten och de integrerade f\u00f6rvaringsl\u00f6sningarna g\u00f6r det till ett praktiskt alternativ f\u00f6r b\u00e5de hem och studio.<\/p>\n<\/div>\n<\/div>\n\n\n\n<div class=\"wp-block-columns alignwide is-layout-flex wp-container-core-columns-is-layout-c45ee707 wp-block-columns-is-layout-flex\" style=\"margin-bottom:var(--wp--preset--spacing--side-padding);padding-top:var(--wp--preset--spacing--side-padding)\">\n<div class=\"wp-block-column is-vertically-aligned-center is-layout-flow wp-block-column-is-layout-flow\">\n<h3 class=\"wp-block-heading\" style=\"margin-bottom:var(--wp--preset--spacing--h-3-bottom)\">anpassad logotypdesign<\/h3>\n\n\n\n<p><strong><em>M\u00f6jlighet att trycka f\u00f6retagets logotyp eller design direkt p\u00e5 mattan<\/em><\/strong><\/p>\n\n\n\n<p>Genom att f\u00f6rse Evolve NBR Studio Mat med anpassade designalternativ kan den anpassas b\u00e4ttre till f\u00f6retagets varum\u00e4rke eller personliga estetiska preferenser. En s\u00e5dan anpassning skulle g\u00f6ra mattan mer tilltalande f\u00f6r f\u00f6retags wellnessprogram, gym som vill st\u00e4rka sin varum\u00e4rkesidentitet eller privatpersoner som vill ha en matta som \u00e5terspeglar deras personliga stil.<\/p>\n<\/div>\n\n\n\n<div class=\"wp-block-column is-vertically-aligned-center is-layout-flow wp-block-column-is-layout-flow\">\n<div class=\"wp-block-columns is-layout-flex wp-container-core-columns-is-layout-9d6595d7 wp-block-columns-is-layout-flex\">\n<div class=\"wp-block-column is-layout-flow wp-block-column-is-layout-flow\">\n<figure class=\"wp-block-image size-full\"><img decoding=\"async\" src=\"https:\/\/evolve-fitness.eu\/wp-content\/uploads\/2023\/09\/Evolve-Customized-Mats_PNG-1.png\" alt=\"\" class=\"wp-image-7905\"\/><\/figure>\n<\/div>\n<\/div>\n<\/div>\n<\/div>\n<\/section>\n<\/section>\n<\/section>\n","protected":false},"excerpt":{"rendered":"<p>Vi presenterar Evolve NBR Studio Mat &#8211; 180 cm mattor, det ultimata valet f\u00f6r dina tr\u00e4ningsbehov. Denna 1 cm tjocka fitnessmatta ger enast\u00e5ende komfort och stabilitet, perfekt f\u00f6r yoga, aerobics, pilates, stretching och mycket mer. Det h\u00f6gdensitetsmaterialet \u00e4r slitstarkt, svettavvisande och l\u00e4tt att reng\u00f6ra. Med halkskydd, rundade h\u00f6rn och optimal st\u00f6td\u00e4mpning garanterar den maximal s\u00e4kerhet under dina tr\u00e4ningspass. Dessutom g\u00f6r den hygieniska slutna cellstrukturen och vattent\u00e4theten underh\u00e5llet enkelt. Denna kommersiella matta \u00e4r byggd f\u00f6r att h\u00e5lla, till skillnad fr\u00e5n andra p\u00e5 marknaden, och levereras med integrerade \u00f6ljetter f\u00f6r enkel f\u00f6rvaring. F\u00f6rb\u00e4ttra dina tr\u00e4ningsrutiner med Evolve Fitness Mat, som bara v\u00e4ger 1,2 kg. Upplev livsl\u00e4ngd och komfort som aldrig f\u00f6rr.<\/p>\n<p>\n","protected":false},"featured_media":16915,"template":"","meta":{"_acf_changed":false,"inline_featured_image":false},"product_cat":[2408,392],"product_tag":[],"class_list":{"0":"post-16910","1":"product","2":"type-product","3":"status-publish","4":"has-post-thumbnail","6":"product_cat-hyrox-redskap","7":"product_cat-studio-sv","9":"first","10":"instock","11":"sale","12":"shipping-taxable","13":"purchasable","14":"product-type-simple"},"acf":[],"_links":{"self":[{"href":"https:\/\/store.evolve-fitness.eu\/sv\/wp-json\/wp\/v2\/product\/16910","targetHints":{"allow":["GET"]}}],"collection":[{"href":"https:\/\/store.evolve-fitness.eu\/sv\/wp-json\/wp\/v2\/product"}],"about":[{"href":"https:\/\/store.evolve-fitness.eu\/sv\/wp-json\/wp\/v2\/types\/product"}],"wp:featuredmedia":[{"embeddable":true,"href":"https:\/\/store.evolve-fitness.eu\/sv\/wp-json\/wp\/v2\/media\/16915"}],"wp:attachment":[{"href":"https:\/\/store.evolve-fitness.eu\/sv\/wp-json\/wp\/v2\/media?parent=16910"}],"wp:term":[{"taxonomy":"product_cat","embeddable":true,"href":"https:\/\/store.evolve-fitness.eu\/sv\/wp-json\/wp\/v2\/product_cat?post=16910"},{"taxonomy":"product_tag","embeddable":true,"href":"https:\/\/store.evolve-fitness.eu\/sv\/wp-json\/wp\/v2\/product_tag?post=16910"}],"curies":[{"name":"wp","href":"https:\/\/api.w.org\/{rel}","templated":true}]}}