{"id":16440,"date":"2023-09-26T13:15:06","date_gmt":"2023-09-26T13:15:06","guid":{"rendered":"https:\/\/store.evolve-fitness.eu\/product\/lopband-evolve-prime-series-med-215%e2%80%b2-full-hd-konsol\/"},"modified":"2026-04-14T12:00:35","modified_gmt":"2026-04-14T12:00:35","slug":"lopband-evolve-prime-series-med-215%e2%80%b2-full-hd-konsol","status":"publish","type":"product","link":"https:\/\/store.evolve-fitness.eu\/sv\/produkt\/lopband-evolve-prime-series-med-215%e2%80%b2-full-hd-konsol\/","title":{"rendered":"L\u00f6pband Evolve Prime Series med 21,5\u2032 full HD-konsol"},"content":{"rendered":"\n<section class=\"wp-block-group alignfull black-content has-white-color has-darkgray-background-color has-text-color has-background is-layout-constrained wp-block-group-is-layout-constrained\" style=\"padding-top:var(--wp--preset--spacing--section-bottom);padding-bottom:var(--wp--preset--spacing--section-bottom)\">\n<div class=\"wp-block-columns alignwide mobile-reverse is-layout-flex wp-container-core-columns-is-layout-ca64bf2d wp-block-columns-is-layout-flex\" style=\"margin-bottom:var(--wp--preset--spacing--side-padding)\">\n<div class=\"wp-block-column is-vertically-aligned-center is-layout-flow wp-block-column-is-layout-flow\">\n<h3 class=\"wp-block-heading\" style=\"margin-bottom:var(--wp--preset--spacing--h-3-bottom)\"><strong><strong>F\u00f6rnya din kardioupplevelse<\/strong><\/strong><\/h3>\n\n\n\n<p><strong><em><strong>Lyft ditt gym med det kommersiella l\u00f6pbandet Evolve CT 215 F<\/strong><\/em><\/strong><\/p>\n\n\n\n<p style=\"margin-bottom:var(--wp--preset--spacing--tb-section-padding)\">Uppt\u00e4ck fitnessens utveckling med det kommersiella l\u00f6pbandet Evolve CT 215 F. Detta kraftpaket erbjuder en uppslukande kardioupplevelse och omdefinierar tr\u00e4ningen f\u00f6r b\u00e5de gym\u00e4gare och fitnessentusiaster. Utforska dess utm\u00e4rkande egenskaper och f\u00f6rdelar, utformade f\u00f6r att maximera prestanda och engagemang.<br\/><\/p>\n<\/div>\n\n\n\n<div class=\"wp-block-column is-vertically-aligned-center is-layout-flow wp-block-column-is-layout-flow\">\n<figure class=\"wp-block-image size-large is-style-default\"><img loading=\"lazy\" decoding=\"async\" width=\"1024\" height=\"682\" src=\"https:\/\/store.evolve-fitness.eu\/wp-content\/uploads\/2024\/06\/EV-CT-215X-26-1024x682.jpg\" alt=\"\" class=\"wp-image-77858\" srcset=\"https:\/\/store.evolve-fitness.eu\/wp-content\/uploads\/2024\/06\/EV-CT-215X-26-1024x682.jpg 1024w, https:\/\/store.evolve-fitness.eu\/wp-content\/uploads\/2024\/06\/EV-CT-215X-26-300x200.jpg 300w, https:\/\/store.evolve-fitness.eu\/wp-content\/uploads\/2024\/06\/EV-CT-215X-26-768x512.jpg 768w, https:\/\/store.evolve-fitness.eu\/wp-content\/uploads\/2024\/06\/EV-CT-215X-26-600x400.jpg 600w, https:\/\/store.evolve-fitness.eu\/wp-content\/uploads\/2024\/06\/EV-CT-215X-26.jpg 1280w\" sizes=\"auto, (max-width: 1024px) 100vw, 1024px\" \/><\/figure>\n<\/div>\n<\/div>\n\n\n\n<div class=\"wp-block-columns alignwide mobile-reverse is-layout-flex wp-container-core-columns-is-layout-ca64bf2d wp-block-columns-is-layout-flex\" style=\"margin-bottom:var(--wp--preset--spacing--side-padding)\">\n<div class=\"wp-block-column is-vertically-aligned-center is-layout-flow wp-block-column-is-layout-flow\">\n<figure class=\"wp-block-image size-full\"><img decoding=\"async\" src=\"https:\/\/evolve.adoras.lt\/wp-content\/uploads\/2023\/08\/EV-CT-215X-1.png\" alt=\"\" class=\"wp-image-1139\"\/><\/figure>\n<\/div>\n\n\n\n<div class=\"wp-block-column is-vertically-aligned-center is-layout-flow wp-block-column-is-layout-flow\">\n<h3 class=\"wp-block-heading\" style=\"margin-bottom:var(--wp--preset--spacing--h-3-bottom)\"><strong>Smidig kraft och stabilt st\u00f6d<\/strong><\/h3>\n\n\n\n<p><strong><em><strong><strong>Innovativ X-Style-ram och aluminiumskenor<\/strong><\/strong><\/em><\/strong><\/p>\n\n\n\n<p>Upplev optimal prestanda med l\u00f6pbandets kraftfulla v\u00e4xelstr\u00f6msmotor, med 7 hk toppeffekt och 3 hk kontinuerlig effekt. L\u00f6pbandets unika X-style-ram, tillverkad med innovation i \u00e5tanke, ger b\u00e5de strukturell stabilitet och estetisk tilltalande till din tr\u00e4ningsanl\u00e4ggning. Aluminiumskenorna kompletterar denna design och ger den en modern touch samtidigt som de garanterar l\u00e5ngvarig tillf\u00f6rlitlighet. Denna kombination av ram och skena prioriterar b\u00e5de form och funktion och erbjuder en \u00f6verl\u00e4gsen tr\u00e4ningsupplevelse som \u00e5terspeglar innovation och excellens.<\/p>\n<\/div>\n<\/div>\n\n\n\n<div class=\"wp-block-columns alignwide is-layout-flex wp-container-core-columns-is-layout-c45ee707 wp-block-columns-is-layout-flex\" style=\"margin-bottom:var(--wp--preset--spacing--side-padding);padding-top:var(--wp--preset--spacing--side-padding)\">\n<div class=\"wp-block-column is-vertically-aligned-center is-layout-flow wp-block-column-is-layout-flow\">\n<h3 class=\"wp-block-heading\" style=\"margin-bottom:var(--wp--preset--spacing--h-3-bottom)\"><strong>21,5&#8243; Full HD-peksk\u00e4rm<\/strong><\/h3>\n\n\n\n<p><strong><em><strong>O\u00e4ndlig underh\u00e5llning, insiktsfulla m\u00e4tningar<\/strong><\/em><\/strong><\/p>\n\n\n\n<p style=\"margin-bottom:var(--wp--preset--spacing--tb-section-padding)\">Engagera anv\u00e4ndarna med den fantastiska 21,5&#8243; FULL HD-konsolen, ett nav f\u00f6r underh\u00e5llning och insikt. Visa upp underh\u00e5llningsm\u00f6jligheter via WiFi, Bluetooth och videor i Full HD 2K-uppl\u00f6sning. \u00d6vervaka viktiga m\u00e4tv\u00e4rden som tid, distans, kalorier, hastighet, hj\u00e4rtfrekvens och lutning, vilket ger anv\u00e4ndarna motivation och kunskap.<\/p>\n<\/div>\n\n\n\n<div class=\"wp-block-column is-vertically-aligned-center is-layout-flow wp-block-column-is-layout-flow\">\n<figure class=\"wp-block-video\"><video autoplay=\"\" controls=\"\" loop=\"\" muted=\"\" src=\"https:\/\/evolve.adoras.lt\/wp-content\/uploads\/2023\/08\/EV-CT-215F-11.mp4\"><\/video><\/figure>\n<\/div>\n<\/div>\n\n\n\n<div class=\"wp-block-columns alignwide is-layout-flex wp-container-core-columns-is-layout-c45ee707 wp-block-columns-is-layout-flex\" style=\"margin-bottom:var(--wp--preset--spacing--side-padding);padding-top:var(--wp--preset--spacing--side-padding)\">\n<div class=\"wp-block-column is-vertically-aligned-center is-layout-flow wp-block-column-is-layout-flow\">\n<figure class=\"wp-block-image alignright size-full is-resized is-style-rounded\"><img decoding=\"async\" src=\"https:\/\/evolve.adoras.lt\/wp-content\/uploads\/2023\/08\/5576a1_adc0ea7c3a404329b0c0a8527ed81f49mv2.jpg\" alt=\"\" class=\"wp-image-1115\" style=\"width:740px;height:494px\"\/><\/figure>\n<\/div>\n\n\n\n<div class=\"wp-block-column is-vertically-aligned-center is-layout-flow wp-block-column-is-layout-flow\">\n<h3 class=\"wp-block-heading\" style=\"margin-bottom:var(--wp--preset--spacing--h-3-bottom)\"><strong><strong>F\u00f6renklad annonshantering<\/strong><\/strong><\/h3>\n\n\n\n<p><strong><em><strong><strong>Optimera engagemanget genom annonser p\u00e5 sk\u00e4rmen<\/strong><\/strong><\/em><\/strong><\/p>\n\n\n\n<p>Utnyttja kraften i sk\u00e4rmannonser f\u00f6r att maximera effekten av ditt gyms erbjudanden och kampanjer. Lyft fram era tj\u00e4nster och exklusiva erbjudanden direkt till anv\u00e4ndarna, \u00f6ka engagemanget och st\u00e4rk varum\u00e4rkesk\u00e4nnedomen.<\/p>\n<\/div>\n<\/div>\n\n\n\n<div class=\"wp-block-columns alignwide are-vertically-aligned-center mobile-reverse is-layout-flex wp-container-core-columns-is-layout-e8158c2f wp-block-columns-is-layout-flex\" style=\"padding-top:var(--wp--preset--spacing--side-padding)\">\n<div class=\"wp-block-column is-vertically-aligned-center is-layout-flow wp-block-column-is-layout-flow\">\n<h3 class=\"wp-block-heading\" style=\"margin-bottom:var(--wp--preset--spacing--h-3-bottom)\"><strong>S\u00e4kerhet och komfort i varje steg<\/strong><\/h3>\n\n\n\n<p><strong><em><strong>L\u00f6pband, b\u00e4lte och humaniserad design<\/strong><\/em><\/strong><\/p>\n\n\n\n<p style=\"margin-bottom:var(--wp--preset--spacing--tb-section-padding)\">Prioritera anv\u00e4ndars\u00e4kerhet och komfort med avancerade funktioner. L\u00f6pbandets halkfria m\u00f6nster och ergonomiska utformning fr\u00e4mjar en korrekt h\u00e5llning och minskar belastningen. Dra nytta av ett specialiserat l\u00f6pband som f\u00f6rhindrar deformation och l\u00e5g energif\u00f6rbrukning, vilket f\u00f6rb\u00e4ttrar b\u00e5de livsl\u00e4ngd och prestanda.<\/p>\n<\/div>\n\n\n\n<div class=\"wp-block-column is-vertically-aligned-center is-layout-flow wp-block-column-is-layout-flow\">\n<figure class=\"wp-block-image size-large\"><img decoding=\"async\" src=\"https:\/\/evolve.adoras.lt\/wp-content\/uploads\/2023\/08\/Ploteriuojami-tekstai-1024x902.png\" alt=\"\" class=\"wp-image-1142\"\/><\/figure>\n<\/div>\n<\/div>\n\n\n\n<div class=\"wp-block-columns alignwide are-vertically-aligned-center mobile-reverse is-layout-flex wp-container-core-columns-is-layout-e8158c2f wp-block-columns-is-layout-flex\" style=\"padding-top:var(--wp--preset--spacing--side-padding)\">\n<div class=\"wp-block-column is-vertically-aligned-center is-layout-flow wp-block-column-is-layout-flow\">\n<figure class=\"wp-block-video\"><video autoplay=\"\" controls=\"\" loop=\"\" muted=\"\" src=\"https:\/\/evolve.adoras.lt\/wp-content\/uploads\/2023\/08\/Pink-Aesthetic-Whitening-Serum-Benefits-Instagram-Post.mp4\"><\/video><\/figure>\n<\/div>\n\n\n\n<div class=\"wp-block-column is-vertically-aligned-center is-layout-flow wp-block-column-is-layout-flow\">\n<h3 class=\"wp-block-heading\" style=\"margin-bottom:var(--wp--preset--spacing--h-3-bottom)\"><strong>Lutning, hastighet och <strong>anv\u00e4ndarfokuserad design<\/strong><\/strong><\/h3>\n\n\n\n<p><strong><em><strong><strong>Anpassningsbarhet och prestandaanpassning<\/strong><\/strong><\/em><\/strong><\/p>\n\n\n\n<p>Finjustera tr\u00e4ningspassen till individuella fitnessambitioner med justerbara lutningsniv\u00e5er, upp till 15%. Anpassad f\u00f6r olika tr\u00e4ningsrutiner med en topphastighet p\u00e5 20 km\/h. En fj\u00e4drande ram klarar anv\u00e4ndarvikter upp till 180 kg, vilket g\u00f6r l\u00f6pbandet till ett m\u00e5ngsidigt val f\u00f6r en m\u00e5ngsidig tr\u00e4ningsgrupp.<\/p>\n<\/div>\n<\/div>\n\n\n\n<figure class=\"wp-block-video\"><video height=\"1000\" style=\"aspect-ratio: 1000 \/ 1000;\" width=\"1000\" autoplay=\"\" controls=\"\" loop=\"\" muted=\"\" src=\"https:\/\/evolve-fitness.eu\/wp-content\/uploads\/2023\/11\/Ultra-site-apps.mp4\"><\/video><\/figure>\n<\/section>\n\n<section class=\"wp-block-group alignfull black-content has-white-color has-darkgray-background-color has-text-color has-background is-layout-constrained wp-block-group-is-layout-constrained\" style=\"padding-top:var(--wp--preset--spacing--section-bottom);padding-bottom:var(--wp--preset--spacing--section-bottom)\">\n<div class=\"wp-block-columns alignwide mobile-reverse is-layout-flex wp-container-core-columns-is-layout-ca64bf2d wp-block-columns-is-layout-flex\" style=\"margin-bottom:var(--wp--preset--spacing--side-padding)\">\n<div class=\"wp-block-column is-vertically-aligned-center is-layout-flow wp-block-column-is-layout-flow\">\n<h3 class=\"wp-block-heading\" style=\"margin-bottom:var(--wp--preset--spacing--h-3-bottom)\"><strong><strong>Engagera, st\u00e4rka och utveckla<\/strong><\/strong><\/h3>\n\n\n\n<p><strong><em><strong><strong>Touchknapp med flera feedbackfunktioner och f\u00f6rb\u00e4ttrad s\u00e4kerhet<\/strong><\/strong><\/em><\/strong><\/p>\n\n\n\n<p style=\"margin-bottom:var(--wp--preset--spacing--tb-section-padding)\">F\u00f6rb\u00e4ttra anv\u00e4ndarinteraktionen med touchknappen med flera \u00e5terkopplingar, som ger exakt engagemang genom vibrationer och ljud\u00e5terkoppling. Uppmuntra till s\u00e4ker tr\u00e4ning med auto-stop-funktionen, som ser till att l\u00f6pbandet stannar n\u00e4r inga steg tas, vilket \u00f6kar anv\u00e4ndars\u00e4kerheten.<\/p>\n<\/div>\n\n\n\n<div class=\"wp-block-column is-vertically-aligned-center is-layout-flow wp-block-column-is-layout-flow\">\n<figure class=\"wp-block-image size-large is-style-default\"><img loading=\"lazy\" decoding=\"async\" width=\"1024\" height=\"683\" src=\"https:\/\/store.evolve-fitness.eu\/wp-content\/uploads\/2024\/06\/EV-CT-215X-Evolve-Prime-Series-Treadmill-with-full-HD-Console-2-1024x683.jpg\" alt=\"\" class=\"wp-image-77883\" srcset=\"https:\/\/store.evolve-fitness.eu\/wp-content\/uploads\/2024\/06\/EV-CT-215X-Evolve-Prime-Series-Treadmill-with-full-HD-Console-2-1024x683.jpg 1024w, https:\/\/store.evolve-fitness.eu\/wp-content\/uploads\/2024\/06\/EV-CT-215X-Evolve-Prime-Series-Treadmill-with-full-HD-Console-2-300x200.jpg 300w, https:\/\/store.evolve-fitness.eu\/wp-content\/uploads\/2024\/06\/EV-CT-215X-Evolve-Prime-Series-Treadmill-with-full-HD-Console-2-768x512.jpg 768w, https:\/\/store.evolve-fitness.eu\/wp-content\/uploads\/2024\/06\/EV-CT-215X-Evolve-Prime-Series-Treadmill-with-full-HD-Console-2-1536x1024.jpg 1536w, https:\/\/store.evolve-fitness.eu\/wp-content\/uploads\/2024\/06\/EV-CT-215X-Evolve-Prime-Series-Treadmill-with-full-HD-Console-2-600x400.jpg 600w, https:\/\/store.evolve-fitness.eu\/wp-content\/uploads\/2024\/06\/EV-CT-215X-Evolve-Prime-Series-Treadmill-with-full-HD-Console-2.jpg 1980w\" sizes=\"auto, (max-width: 1024px) 100vw, 1024px\" \/><\/figure>\n<\/div>\n<\/div>\n\n\n\n<div class=\"wp-block-columns alignwide mobile-reverse is-layout-flex wp-container-core-columns-is-layout-ca64bf2d wp-block-columns-is-layout-flex\" style=\"margin-bottom:var(--wp--preset--spacing--side-padding)\">\n<div class=\"wp-block-column is-vertically-aligned-center is-layout-flow wp-block-column-is-layout-flow\">\n<figure class=\"wp-block-image alignright size-large is-resized is-style-default\"><img loading=\"lazy\" decoding=\"async\" width=\"683\" height=\"1024\" src=\"https:\/\/store.evolve-fitness.eu\/wp-content\/uploads\/2024\/06\/EV-CT-215X-Evolve-Prime-Series-Treadmill-with-full-HD-Console-3-1-683x1024.jpg\" alt=\"\" class=\"wp-image-77933\" style=\"width:907px;height:auto\" srcset=\"https:\/\/store.evolve-fitness.eu\/wp-content\/uploads\/2024\/06\/EV-CT-215X-Evolve-Prime-Series-Treadmill-with-full-HD-Console-3-1-683x1024.jpg 683w, https:\/\/store.evolve-fitness.eu\/wp-content\/uploads\/2024\/06\/EV-CT-215X-Evolve-Prime-Series-Treadmill-with-full-HD-Console-3-1-200x300.jpg 200w, https:\/\/store.evolve-fitness.eu\/wp-content\/uploads\/2024\/06\/EV-CT-215X-Evolve-Prime-Series-Treadmill-with-full-HD-Console-3-1-768x1152.jpg 768w, https:\/\/store.evolve-fitness.eu\/wp-content\/uploads\/2024\/06\/EV-CT-215X-Evolve-Prime-Series-Treadmill-with-full-HD-Console-3-1-1024x1536.jpg 1024w, https:\/\/store.evolve-fitness.eu\/wp-content\/uploads\/2024\/06\/EV-CT-215X-Evolve-Prime-Series-Treadmill-with-full-HD-Console-3-1-600x900.jpg 600w, https:\/\/store.evolve-fitness.eu\/wp-content\/uploads\/2024\/06\/EV-CT-215X-Evolve-Prime-Series-Treadmill-with-full-HD-Console-3-1.jpg 1320w\" sizes=\"auto, (max-width: 683px) 100vw, 683px\" \/><\/figure>\n<\/div>\n\n\n\n<div class=\"wp-block-column is-vertically-aligned-center is-layout-flow wp-block-column-is-layout-flow\">\n<h3 class=\"wp-block-heading\" style=\"margin-bottom:var(--wp--preset--spacing--h-3-bottom)\"><strong><strong><strong>Integration av innovation och underh\u00e5llning<\/strong><\/strong><\/strong><\/h3>\n\n\n\n<p><strong><em><strong><strong>Berika tr\u00e4ningspass med virtuellt engagemang<\/strong><\/strong><\/em><\/strong><\/p>\n\n\n\n<p>Omfamna framtiden inom fitnessinnovation med l\u00f6pbandet Evolve CT 215 X. F\u00f6rdjupa dig i verklighetstrogna virtuella tr\u00e4ningspass som efterliknar globala rutter f\u00f6r ett f\u00e4ngslande l\u00f6par\u00e4ventyr. \u00d6ka ditt gyms synlighet genom att anpassa annonserna p\u00e5 sk\u00e4rmen och effektivt lyfta fram dina tj\u00e4nster och exklusiva erbjudanden.<\/p>\n<\/div>\n<\/div>\n\n\n\n<div class=\"wp-block-columns alignwide mobile-reverse is-layout-flex wp-container-core-columns-is-layout-ca64bf2d wp-block-columns-is-layout-flex\" style=\"margin-bottom:var(--wp--preset--spacing--side-padding)\">\n<div class=\"wp-block-column is-vertically-aligned-center is-layout-flow wp-block-column-is-layout-flow\">\n<h3 class=\"wp-block-heading\" style=\"margin-bottom:var(--wp--preset--spacing--h-3-bottom)\"><strong><strong><strong><strong>Tr\u00e5dl\u00f6s laddning av mobiltelefoner<\/strong><\/strong><\/strong><\/strong><\/h3>\n\n\n\n<p><strong><em><strong><strong><strong>O\u00f6vertr\u00e4ffad bekv\u00e4mlighet f\u00f6r moderna tr\u00e4ningspass<\/strong><\/strong><\/strong><\/em><\/strong><\/p>\n\n\n\n<p>H\u00e5ll dig uppkopplad och laddad under din tr\u00e4ningsresa med Evolve CT 215 X Commercial l\u00f6pbandets innovativa tr\u00e5dl\u00f6sa laddningsfunktion f\u00f6r mobiltelefoner. N\u00e4r du tar ut dina gr\u00e4nser p\u00e5 l\u00f6pbandet kan du h\u00e5lla din mobila enhet str\u00f6mf\u00f6rs\u00f6rjd utan problem. Detta banbrytande till\u00e4gg s\u00e4kerst\u00e4ller att dina tr\u00e4ningspass inte avbryts, s\u00e5 att du kan anv\u00e4nda dina favoritappar, l\u00e5tar och inneh\u00e5ll samtidigt som din enhet \u00e4r redo f\u00f6r action. Upplev fusionen av fitness och teknik n\u00e4r du tr\u00e5dl\u00f6st laddar din telefon, omdefinierar bekv\u00e4mlighet f\u00f6r den moderna fitnessentusiasten.<\/p>\n<\/div>\n\n\n\n<div class=\"wp-block-column is-vertically-aligned-center is-layout-flow wp-block-column-is-layout-flow\">\n<figure class=\"wp-block-image alignright size-full is-style-default\"><img loading=\"lazy\" decoding=\"async\" width=\"1980\" height=\"1320\" src=\"https:\/\/store.evolve-fitness.eu\/wp-content\/uploads\/2024\/06\/EV-CT-215X-Evolve-Prime-Series-Treadmill-with-full-HD-Console-7.jpg\" alt=\"\" class=\"wp-image-77908\" srcset=\"https:\/\/store.evolve-fitness.eu\/wp-content\/uploads\/2024\/06\/EV-CT-215X-Evolve-Prime-Series-Treadmill-with-full-HD-Console-7.jpg 1980w, https:\/\/store.evolve-fitness.eu\/wp-content\/uploads\/2024\/06\/EV-CT-215X-Evolve-Prime-Series-Treadmill-with-full-HD-Console-7-300x200.jpg 300w, https:\/\/store.evolve-fitness.eu\/wp-content\/uploads\/2024\/06\/EV-CT-215X-Evolve-Prime-Series-Treadmill-with-full-HD-Console-7-1024x683.jpg 1024w, https:\/\/store.evolve-fitness.eu\/wp-content\/uploads\/2024\/06\/EV-CT-215X-Evolve-Prime-Series-Treadmill-with-full-HD-Console-7-768x512.jpg 768w, https:\/\/store.evolve-fitness.eu\/wp-content\/uploads\/2024\/06\/EV-CT-215X-Evolve-Prime-Series-Treadmill-with-full-HD-Console-7-1536x1024.jpg 1536w, https:\/\/store.evolve-fitness.eu\/wp-content\/uploads\/2024\/06\/EV-CT-215X-Evolve-Prime-Series-Treadmill-with-full-HD-Console-7-600x400.jpg 600w\" sizes=\"auto, (max-width: 1980px) 100vw, 1980px\" \/><\/figure>\n<\/div>\n<\/div>\n\n\n\n<div class=\"wp-block-columns alignwide is-layout-flex wp-container-core-columns-is-layout-c45ee707 wp-block-columns-is-layout-flex\" style=\"margin-bottom:var(--wp--preset--spacing--side-padding);padding-top:var(--wp--preset--spacing--side-padding)\">\n<div class=\"wp-block-column is-vertically-aligned-center is-layout-flow wp-block-column-is-layout-flow\">\n<figure class=\"wp-block-video\"><video autoplay=\"\" controls=\"\" loop=\"\" muted=\"\" src=\"https:\/\/evolve.adoras.lt\/wp-content\/uploads\/2023\/08\/215x-Kopa-Gym.mp4\"><\/video><\/figure>\n<\/div>\n\n\n\n<div class=\"wp-block-column is-vertically-aligned-center is-layout-flow wp-block-column-is-layout-flow\">\n<h3 class=\"wp-block-heading\" style=\"margin-bottom:var(--wp--preset--spacing--h-3-bottom)\"><strong><strong>Ge kraft \u00e5t tr\u00e4ningsresan<\/strong><\/strong><\/h3>\n\n\n\n<p><strong><em><strong><strong>Komplett fitnesspaket f\u00f6r din anl\u00e4ggning<\/strong><\/strong><\/em><\/strong><\/p>\n\n\n\n<p style=\"margin-bottom:var(--wp--preset--spacing--tb-section-padding)\">Det kommersiella l\u00f6pbandet Evolve CT 215 X \u00e4r din ultimata konditionshj\u00e4lpare. Med toppmodern innovation, anpassningsbara funktioner och ett orubbligt s\u00e4kerhetsengagemang erbjuder den en helt\u00e4ckande l\u00f6sning f\u00f6r gym\u00e4gare som vill h\u00f6ja attraktionskraften och prestandan i sitt fitnesscenter.<\/p>\n<\/div>\n<\/div>\n<\/section>\n","protected":false},"excerpt":{"rendered":"<p>Upplev toppen av den senaste tr\u00e4ningstekniken med det kommersiella l\u00f6pbandet Evolve CT 215 X. Detta l\u00f6pband \u00e4r utformat f\u00f6r att omdefiniera konditionstr\u00e4ning och har en kraftfull AC-motor, en innovativ X-ram med aluminiumskenor och en m\u00e4nniskocentrerad design som optimerar komfort och prestanda. Engagera anv\u00e4ndarna med den fantastiska 21,5-tums FULL HD-peksk\u00e4rmskonsolen, som erbjuder underh\u00e5llning, insiktsfulla m\u00e4tv\u00e4rden och en s\u00f6ml\u00f6s anslutning till virtuella tr\u00e4ningspass. St\u00e5 ut med den inbyggda sk\u00e4rmsl\u00e4ckaren som g\u00f6r att du kan anpassa annonser och marknadsf\u00f6ra ditt gyms erbjudanden direkt till anv\u00e4ndarna. Och det \u00e4r inte allt &#8211; det h\u00e4r avancerade l\u00f6pbandet har ocks\u00e5 en tr\u00e5dl\u00f6s mobilladdare som g\u00f6r anv\u00e4ndarnas tr\u00e4ningsrutiner \u00e4nnu bekv\u00e4mare och effektivare. F\u00f6rh\u00f6j din fitnessanl\u00e4ggnings attraktionskraft och prestanda med Evolve CT 215 X, en sann f\u00f6rkroppsligande av innovation och excellens i v\u00e4rlden av fitnessutrustning.<\/p>\n","protected":false},"featured_media":11557,"template":"","meta":{"_acf_changed":false,"inline_featured_image":false},"product_cat":[550,546,549,826],"product_tag":[],"class_list":{"0":"post-16440","1":"product","2":"type-product","3":"status-publish","4":"has-post-thumbnail","6":"product_cat-startsida","7":"product_cat-cardio-utrustning","8":"product_cat-kommersiell-konditionsutrustning","9":"product_cat-prime-series-konditionstraning","11":"first","12":"instock","13":"shipping-taxable","14":"purchasable","15":"product-type-simple"},"acf":[],"_links":{"self":[{"href":"https:\/\/store.evolve-fitness.eu\/sv\/wp-json\/wp\/v2\/product\/16440","targetHints":{"allow":["GET"]}}],"collection":[{"href":"https:\/\/store.evolve-fitness.eu\/sv\/wp-json\/wp\/v2\/product"}],"about":[{"href":"https:\/\/store.evolve-fitness.eu\/sv\/wp-json\/wp\/v2\/types\/product"}],"wp:featuredmedia":[{"embeddable":true,"href":"https:\/\/store.evolve-fitness.eu\/sv\/wp-json\/wp\/v2\/media\/11557"}],"wp:attachment":[{"href":"https:\/\/store.evolve-fitness.eu\/sv\/wp-json\/wp\/v2\/media?parent=16440"}],"wp:term":[{"taxonomy":"product_cat","embeddable":true,"href":"https:\/\/store.evolve-fitness.eu\/sv\/wp-json\/wp\/v2\/product_cat?post=16440"},{"taxonomy":"product_tag","embeddable":true,"href":"https:\/\/store.evolve-fitness.eu\/sv\/wp-json\/wp\/v2\/product_tag?post=16440"}],"curies":[{"name":"wp","href":"https:\/\/api.w.org\/{rel}","templated":true}]}}