{"id":16351,"date":"2024-01-30T15:37:45","date_gmt":"2024-01-30T15:37:45","guid":{"rendered":"https:\/\/store.evolve-fitness.eu\/product\/evolve-ultra-series-plattbelastad-brostpress\/"},"modified":"2024-12-02T15:06:18","modified_gmt":"2024-12-02T15:06:18","slug":"evolve-ultra-series-plattbelastad-brostpress","status":"publish","type":"product","link":"https:\/\/store.evolve-fitness.eu\/sv\/produkt\/evolve-ultra-series-plattbelastad-brostpress\/","title":{"rendered":"Evolve Ultra Series plattbelastad br\u00f6stpress"},"content":{"rendered":"\n<section class=\"wp-block-group alignfull black-content has-white-color has-darkgray-background-color has-text-color has-background is-layout-constrained wp-block-group-is-layout-constrained\" style=\"padding-top:var(--wp--preset--spacing--section-bottom);padding-bottom:var(--wp--preset--spacing--section-bottom)\">\n<section class=\"wp-block-group alignfull black-content has-white-color has-darkgray-background-color has-text-color has-background is-layout-constrained wp-block-group-is-layout-constrained\" style=\"padding-top:var(--wp--preset--spacing--section-bottom);padding-bottom:var(--wp--preset--spacing--section-bottom)\">\n<div class=\"wp-block-columns alignwide mobile-reverse is-layout-flex wp-container-core-columns-is-layout-ca64bf2d wp-block-columns-is-layout-flex\" style=\"margin-bottom:var(--wp--preset--spacing--side-padding)\">\n<div class=\"wp-block-column is-vertically-aligned-center is-layout-flow wp-block-column-is-layout-flow\">\n<h3 class=\"wp-block-heading\" style=\"margin-bottom:var(--wp--preset--spacing--h-3-bottom)\"><strong><strong><strong><strong><strong><strong><strong><strong><strong>Riktad muskelp\u00e5verkan<\/strong><\/strong><\/strong><\/strong><\/strong><\/strong><\/strong><\/strong><\/strong><\/h3>\n\n\n\n<p><strong><em>Muskelgrupper som ber\u00f6rs<\/em><\/strong><\/p>\n\n\n\n<p>Evolve Ultra Series Plate Loaded Chest Press \u00e4r byggd f\u00f6r att tr\u00e4na dina br\u00f6stmuskler, inklusive pectoralis major och minor, deltoids och triceps. Dess utformning m\u00f6jligg\u00f6r ett naturligt r\u00f6relseomf\u00e5ng, vilket s\u00e4kerst\u00e4ller att varje repetition engagerar de riktade musklerna f\u00f6r effektiv tillv\u00e4xt och styrka.<\/p>\n\n\n\n<p><\/p>\n\n\n\n<h3 class=\"wp-block-heading\" style=\"margin-bottom:var(--wp--preset--spacing--h-3-bottom)\"><strong><strong><strong><strong><strong>Bekv\u00e4m design<\/strong><\/strong><\/strong><\/strong><\/strong><\/h3>\n\n\n\n<p><strong><strong><strong><em>Ergonomiska dynor och handtag<\/em><\/strong><\/strong><\/strong><\/p>\n\n\n\n<p style=\"margin-bottom:var(--wp--preset--spacing--tb-section-padding)\">Denna br\u00f6stpress \u00e4r utformad med anv\u00e4ndarkomfort i \u00e5tanke och har ergonomiska dynor och handtag f\u00f6r korrekt kroppsinriktning och st\u00f6d. Den justerbara sitsen och ryggst\u00f6det passar anv\u00e4ndare i alla storlekar och minskar risken f\u00f6r \u00f6veranstr\u00e4ngning eller skador under tr\u00e4ningspasset.<\/p>\n<\/div>\n\n\n\n<div class=\"wp-block-column is-vertically-aligned-center is-layout-flow wp-block-column-is-layout-flow\">\n<figure class=\"wp-block-video\"><video autoplay=\"\" controls=\"\" loop=\"\" muted=\"\" src=\"https:\/\/evolve-fitness.eu\/wp-content\/uploads\/2023\/09\/EV-PL-UL-010.mp4\"><\/video><\/figure>\n<\/div>\n<\/div>\n\n\n\n<div class=\"wp-block-columns alignwide mobile-reverse is-layout-flex wp-container-core-columns-is-layout-ca64bf2d wp-block-columns-is-layout-flex\" style=\"margin-bottom:var(--wp--preset--spacing--side-padding)\">\n<div class=\"wp-block-column is-vertically-aligned-center is-layout-flow wp-block-column-is-layout-flow\">\n<figure class=\"wp-block-image size-large\"><img decoding=\"async\" src=\"https:\/\/evolve-fitness.eu\/wp-content\/uploads\/2023\/09\/EV-PL-UL-010-2-683x1024.jpg\" alt=\"EV-PL-UL-010\" class=\"wp-image-166485\"\/><\/figure>\n<\/div>\n\n\n\n<div class=\"wp-block-column is-vertically-aligned-center is-layout-flow wp-block-column-is-layout-flow\">\n<h3 class=\"wp-block-heading\" style=\"margin-bottom:var(--wp--preset--spacing--h-3-bottom)\"><strong><strong><strong><strong><strong><strong><strong><strong><strong>Justerbart motst\u00e5nd<\/strong><\/strong><\/strong><\/strong><\/strong><\/strong><\/strong><\/strong><\/strong><\/h3>\n\n\n\n<p><strong><em>Anpassningsbara viktplattor<\/em><\/strong><\/p>\n\n\n\n<p>Du kan anpassa dina tr\u00e4ningspass med denna maskin genom att justera viktplattorna. Denna funktion g\u00f6r den l\u00e4mplig f\u00f6r anv\u00e4ndare med olika konditionsniv\u00e5er och tr\u00e4ningsm\u00e5l, oavsett om du fokuserar p\u00e5 uth\u00e5llighet, hypertrofi eller styrka.<\/p>\n<\/div>\n<\/div>\n\n\n\n<div class=\"wp-block-columns alignwide mobile-reverse is-layout-flex wp-container-core-columns-is-layout-ca64bf2d wp-block-columns-is-layout-flex\" style=\"margin-bottom:var(--wp--preset--spacing--side-padding)\">\n<div class=\"wp-block-column is-vertically-aligned-center is-layout-flow wp-block-column-is-layout-flow\">\n<h3 class=\"wp-block-heading\" style=\"margin-bottom:var(--wp--preset--spacing--h-3-bottom)\"><strong><strong><strong><strong><strong><strong><strong><strong><strong>H\u00e5llbarhet och stabilitet<\/strong><\/strong><\/strong><\/strong><\/strong><\/strong><\/strong><\/strong><\/strong><\/h3>\n\n\n\n<p><strong><em>H\u00f6gkvalitativ konstruktion<\/em><\/strong><\/p>\n\n\n\n<p>Evolve Ultra Series Plate Loaded Chest Press \u00e4r tillverkad av h\u00f6gkvalitativa material och \u00e4r h\u00e5llbar och stabil, vilket g\u00f6r den l\u00e4mplig f\u00f6r b\u00e5de hemmabruk och kommersiella gym. Den robusta ramen garanterar s\u00e4kerhet och tillf\u00f6rlitlighet under intensiva tr\u00e4ningspass.<\/p>\n<\/div>\n\n\n\n<div class=\"wp-block-column is-vertically-aligned-center is-layout-flow wp-block-column-is-layout-flow\">\n<figure class=\"wp-block-image size-large\"><img decoding=\"async\" src=\"https:\/\/evolve-fitness.eu\/wp-content\/uploads\/2023\/09\/EV-PL-UL-010-1-683x1024.jpg\" alt=\"\" class=\"wp-image-166510\"\/><\/figure>\n<\/div>\n<\/div>\n\n\n\n<div class=\"wp-block-columns alignwide mobile-reverse is-layout-flex wp-container-core-columns-is-layout-ca64bf2d wp-block-columns-is-layout-flex\" style=\"margin-bottom:var(--wp--preset--spacing--side-padding)\">\n<div class=\"wp-block-column is-vertically-aligned-center is-layout-flow wp-block-column-is-layout-flow\">\n<figure class=\"wp-block-image size-large\"><img decoding=\"async\" src=\"https:\/\/evolve-fitness.eu\/wp-content\/uploads\/2023\/09\/EV-PL-UL-010-4-1024x683.jpg\" alt=\"\" class=\"wp-image-166535\"\/><\/figure>\n<\/div>\n\n\n\n<div class=\"wp-block-column is-vertically-aligned-center is-layout-flow wp-block-column-is-layout-flow\">\n<h3 class=\"wp-block-heading\" style=\"margin-bottom:var(--wp--preset--spacing--h-3-bottom)\"><strong><strong><strong><strong><strong><strong><strong><strong>Kompakt fotavtryck<\/strong><\/strong><\/strong><\/strong><\/strong><\/strong><\/strong><\/strong><\/h3>\n\n\n\n<p><strong><em><strong><strong><strong><strong><strong>Rymdbesparande design<\/strong><\/strong><\/strong><\/strong><\/strong><\/em><\/strong><\/p>\n\n\n\n<p>Trots sin funktionalitet har denna maskin en kompakt design, vilket g\u00f6r den l\u00e4mplig f\u00f6r sm\u00e5 tr\u00e4ningsutrymmen. Den eleganta designen maximerar effektiviteten utan att ta upp f\u00f6r mycket golvyta.<\/p>\n<\/div>\n<\/div>\n<\/section>\n<\/section>\n","protected":false},"excerpt":{"rendered":"<p>F\u00f6rh\u00f6j ditt gyms erbjudanden med Evolve Ultra Series Plate Loaded Chest Press UL-010. Denna br\u00f6stpress \u00e4r utformad f\u00f6r kommersiella fitnessanl\u00e4ggningar och har en robust st\u00e5lram med rostskydd, 6 inbyggda f\u00f6rvaringspinnar f\u00f6r viktskivor och halkfria handtag f\u00f6r \u00f6kad s\u00e4kerhet. Dess ergonomiska design, unilaterala armr\u00f6relser och anpassningsbara f\u00e4rger g\u00f6r den till ett f\u00f6rstahandsval. Med 2 \u00e5rs garanti \u00e4r den det perfekta tillskottet f\u00f6r gym som vill ha h\u00e5llbar utrustning av h\u00f6g kvalitet. Uppgradera ditt gyms tr\u00e4ningsutrustning med denna exceptionella br\u00f6stpress.<\/p>\n","protected":false},"featured_media":61615,"template":"","meta":{"_acf_changed":false,"inline_featured_image":false},"product_cat":[550,773,774],"product_tag":[],"class_list":{"0":"post-16351","1":"product","2":"type-product","3":"status-publish","4":"has-post-thumbnail","6":"product_cat-startsida","7":"product_cat-platbelastade-maskiner","8":"product_cat-ultra-series-platbelastad","10":"first","11":"instock","12":"shipping-taxable","13":"purchasable","14":"product-type-simple"},"acf":[],"_links":{"self":[{"href":"https:\/\/store.evolve-fitness.eu\/sv\/wp-json\/wp\/v2\/product\/16351","targetHints":{"allow":["GET"]}}],"collection":[{"href":"https:\/\/store.evolve-fitness.eu\/sv\/wp-json\/wp\/v2\/product"}],"about":[{"href":"https:\/\/store.evolve-fitness.eu\/sv\/wp-json\/wp\/v2\/types\/product"}],"wp:featuredmedia":[{"embeddable":true,"href":"https:\/\/store.evolve-fitness.eu\/sv\/wp-json\/wp\/v2\/media\/61615"}],"wp:attachment":[{"href":"https:\/\/store.evolve-fitness.eu\/sv\/wp-json\/wp\/v2\/media?parent=16351"}],"wp:term":[{"taxonomy":"product_cat","embeddable":true,"href":"https:\/\/store.evolve-fitness.eu\/sv\/wp-json\/wp\/v2\/product_cat?post=16351"},{"taxonomy":"product_tag","embeddable":true,"href":"https:\/\/store.evolve-fitness.eu\/sv\/wp-json\/wp\/v2\/product_tag?post=16351"}],"curies":[{"name":"wp","href":"https:\/\/api.w.org\/{rel}","templated":true}]}}