{"id":16176,"date":"2024-01-31T11:31:36","date_gmt":"2024-01-31T11:31:36","guid":{"rendered":"https:\/\/store.evolve-fitness.eu\/product\/evolve-digital-strength-series-selectorized-pec-fly-rear-delt\/"},"modified":"2025-11-29T13:35:30","modified_gmt":"2025-11-29T13:35:30","slug":"evolve-digital-strength-series-selectorized-pec-fly-rear-delt","status":"publish","type":"product","link":"https:\/\/store.evolve-fitness.eu\/sv\/produkt\/evolve-digital-strength-series-selectorized-pec-fly-rear-delt\/","title":{"rendered":"Evolve Digital Strength Series Selectorized Pec Fly \/ Rear Delt"},"content":{"rendered":"\n<section class=\"wp-block-group alignfull black-content has-white-color has-darkgray-background-color has-text-color has-background is-layout-constrained wp-block-group-is-layout-constrained\" style=\"padding-top:var(--wp--preset--spacing--section-bottom);padding-bottom:var(--wp--preset--spacing--section-bottom)\">\n<div class=\"wp-block-columns alignwide mobile-reverse is-layout-flex wp-container-core-columns-is-layout-ca64bf2d wp-block-columns-is-layout-flex\" style=\"margin-bottom:var(--wp--preset--spacing--side-padding)\">\n<div class=\"wp-block-column is-vertically-aligned-center is-layout-flow wp-block-column-is-layout-flow\">\n<h3 class=\"wp-block-heading\" style=\"margin-bottom:var(--wp--preset--spacing--h-3-bottom)\">Inledning<\/h3>\n\n\n\n<p><strong><em><strong><em><strong><strong><strong><strong><strong><strong>V\u00e4lkommen till n\u00e4sta generations presentation av GYM-utrustning<\/strong><\/strong><\/strong><\/strong><\/strong><\/strong><\/em><\/strong><\/em><\/strong><\/p>\n\n\n\n<p style=\"margin-bottom:var(--wp--preset--spacing--tb-section-padding)\">Uppt\u00e4ck de innovativa funktionerna i Evolve DIGITAL SERIES i v\u00e5r senaste videopresentation. Vi f\u00f6rdjupar oss i de unika aspekterna av denna avancerade br\u00f6st- och axelpressmaskin och visar upp dess digitala gr\u00e4nssnitt, justerbara motst\u00e5nd, ergonomiska design och robusta konstruktion. F\u00f6r en verkligt uppslukande upplevelse <strong>rekommenderar vi att du st\u00e4nger av ljudet<\/strong>.<\/p>\n<\/div>\n\n\n\n<div class=\"wp-block-column is-vertically-aligned-center is-layout-flow wp-block-column-is-layout-flow\">\n<figure class=\"wp-block-video\"><video height=\"600\" style=\"aspect-ratio: 680 \/ 600;\" width=\"680\" autoplay=\"\" controls=\"\" loop=\"\" muted=\"\" src=\"https:\/\/evolve-fitness.eu\/wp-content\/uploads\/2023\/12\/Digital-Strength-Line-Chest-Press-1-minute-LQ.mp4\"><\/video><\/figure>\n<\/div>\n<\/div>\n\n\n\n<div class=\"wp-block-columns alignwide is-layout-flex wp-container-core-columns-is-layout-c45ee707 wp-block-columns-is-layout-flex\" style=\"margin-bottom:var(--wp--preset--spacing--side-padding);padding-top:var(--wp--preset--spacing--side-padding)\">\n<div class=\"wp-block-column is-vertically-aligned-center is-layout-flow wp-block-column-is-layout-flow\">\n<figure class=\"wp-block-image size-large\"><img decoding=\"async\" src=\"https:\/\/evolve-fitness.eu\/wp-content\/uploads\/2023\/12\/A7_05212-1024x683.jpg\" alt=\"\" class=\"wp-image-9079\"\/><\/figure>\n<\/div>\n\n\n\n<div class=\"wp-block-column is-vertically-aligned-center is-layout-flow wp-block-column-is-layout-flow\">\n<h3 class=\"wp-block-heading\" style=\"margin-bottom:var(--wp--preset--spacing--h-3-bottom)\"><strong><strong><strong><strong><em>Huvuddrag<\/em><\/strong><\/strong><\/strong><\/strong><\/h3>\n\n\n\n<ul class=\"wp-block-list\">\n<li>Dubbel r\u00f6relse hj\u00e4lper till att v\u00e4lja optimal tr\u00e4ningsposition, spara utrymme och snabbt \u00e4ndra \u00f6vningarna<\/li>\n\n\n\n<li>L\u00e5rkuddar och fotst\u00f6d ger komfort och stabilitet<\/li>\n<\/ul>\n<\/div>\n<\/div>\n\n\n\n<div class=\"wp-block-columns alignwide is-layout-flex wp-container-core-columns-is-layout-c45ee707 wp-block-columns-is-layout-flex\" style=\"margin-bottom:var(--wp--preset--spacing--side-padding);padding-top:var(--wp--preset--spacing--side-padding)\">\n<div class=\"wp-block-column is-vertically-aligned-center is-layout-flow wp-block-column-is-layout-flow\">\n<h3 class=\"wp-block-heading\" style=\"margin-bottom:var(--wp--preset--spacing--h-3-bottom)\">Adaptivt digitalt motst\u00e5nd<\/h3>\n\n\n\n<p><strong><em>Den elektriska motorn ger stabilt digitalt motst\u00e5nd<\/em><\/strong><\/p>\n\n\n\n<p style=\"margin-bottom:var(--wp--preset--spacing--tb-section-padding)\">Evolve Digital Gym Equipment har avancerade elmotorer som \u00e4r en integrerad del av dess banbrytande design. Dessa motorer \u00e4r konstruerade f\u00f6r effektivitet, h\u00e5llbarhet och smidig drift, vilket garanterar en s\u00f6ml\u00f6s tr\u00e4ningsupplevelse. De anv\u00e4nder sofistikerade algoritmer och sensorer f\u00f6r att justera motst\u00e5ndsniv\u00e5erna automatiskt och tillgodose anv\u00e4ndarens specifika fitnessbehov och framsteg. Denna anpassningsf\u00f6rm\u00e5ga g\u00f6r utrustningen m\u00e5ngsidig och l\u00e4mplig f\u00f6r ett brett spektrum av \u00f6vningar, fr\u00e5n skonsamma rehabiliterande r\u00f6relser till intensiv styrketr\u00e4ning. Dessutom \u00e4r motorerna konstruerade f\u00f6r att vara energieffektiva, vilket bidrar till utrustningens milj\u00f6v\u00e4nlighet. Integrationen av dessa elmotorer med digitala gr\u00e4nssnitt g\u00f6r att anv\u00e4ndarna kan f\u00f6lja sin prestation, s\u00e4tta upp m\u00e5l och f\u00e5 personliga tr\u00e4ningsrekommendationer, vilket g\u00f6r Evolve gymutrustning till enast\u00e5ende inom omr\u00e5det f\u00f6r tr\u00e4ningsteknik.<\/p>\n<\/div>\n\n\n\n<div class=\"wp-block-column is-vertically-aligned-center is-layout-flow wp-block-column-is-layout-flow\">\n<figure class=\"wp-block-image size-full\"><img decoding=\"async\" src=\"https:\/\/evolve-fitness.eu\/wp-content\/uploads\/2023\/12\/motor.png\" alt=\"\" class=\"wp-image-9077\"\/><\/figure>\n<\/div>\n<\/div>\n\n\n\n<div class=\"wp-block-columns alignwide is-layout-flex wp-container-core-columns-is-layout-c45ee707 wp-block-columns-is-layout-flex\" style=\"margin-bottom:var(--wp--preset--spacing--side-padding);padding-top:var(--wp--preset--spacing--side-padding)\">\n<div class=\"wp-block-column is-vertically-aligned-center is-layout-flow wp-block-column-is-layout-flow\">\n<figure class=\"wp-block-image size-large\"><img decoding=\"async\" src=\"https:\/\/evolve-fitness.eu\/wp-content\/uploads\/2023\/12\/A7_05146-1024x683.jpg\" alt=\"\" class=\"wp-image-8962\"\/><\/figure>\n<\/div>\n\n\n\n<div class=\"wp-block-column is-vertically-aligned-center is-layout-flow wp-block-column-is-layout-flow\">\n<h3 class=\"wp-block-heading\" style=\"margin-bottom:var(--wp--preset--spacing--h-3-bottom)\"><strong><strong><strong>Digitalt gr\u00e4nssnitt<\/strong><\/strong><\/strong><\/h3>\n\n\n\n<p><strong><em>Evolve DIGITAL SERIES har ett avancerat digitalt gr\u00e4nssnitt<\/em><\/strong><\/p>\n\n\n\n<p style=\"margin-bottom:var(--wp--preset--spacing--tb-section-padding)\">Sk\u00e4rmen ger feedback i realtid om din tr\u00e4ning. Det h\u00e4r gr\u00e4nssnittet visar viktiga m\u00e4tv\u00e4rden som repetitioner, setl\u00e4ngd och muskelengagemang, s\u00e5 att du kan f\u00f6lja dina framsteg och justera ditt tr\u00e4ningspass f\u00f6r maximal effektivitet. Den anv\u00e4ndarv\u00e4nliga designen s\u00e4kerst\u00e4ller att b\u00e5de nyb\u00f6rjare och erfarna anv\u00e4ndare enkelt kan navigera och anv\u00e4nda denna funktion f\u00f6r en optimerad tr\u00e4ningsupplevelse.<\/p>\n\n\n\n<p><strong><em>Motst\u00e5ndsjustering och flexibilitet som ingen annan enhet<\/em><\/strong><\/p>\n\n\n\n<p style=\"margin-bottom:var(--wp--preset--spacing--tb-section-padding)\">Maskinen \u00e4r anpassad f\u00f6r m\u00e5nga olika konditionsniv\u00e5er och har justerbara motst\u00e5ndsniv\u00e5er. Denna flexibilitet g\u00f6r det m\u00f6jligt f\u00f6r anv\u00e4ndare att gradvis \u00f6ka intensiteten i sitt tr\u00e4ningspass, vilket g\u00f6r den idealisk f\u00f6r progressiv styrketr\u00e4ning. Den s\u00f6ml\u00f6sa justeringsmekanismen s\u00e4kerst\u00e4ller en smidig \u00f6verg\u00e5ng mellan olika motst\u00e5ndsniv\u00e5er, s\u00e5 att anv\u00e4ndarna kan fokusera p\u00e5 sin form och teknik utan avbrott.<\/p>\n<\/div>\n<\/div>\n\n\n\n<div class=\"wp-block-columns alignwide is-layout-flex wp-container-core-columns-is-layout-c45ee707 wp-block-columns-is-layout-flex\" style=\"margin-bottom:var(--wp--preset--spacing--side-padding);padding-top:var(--wp--preset--spacing--side-padding)\">\n<div class=\"wp-block-column is-vertically-aligned-center is-layout-flow wp-block-column-is-layout-flow\">\n<h3 class=\"wp-block-heading\" style=\"margin-bottom:var(--wp--preset--spacing--h-3-bottom)\"><strong><strong><strong><strong><strong><strong><strong><strong><strong><strong>Tr\u00e4ningsl\u00e4ge<\/strong><\/strong><\/strong><\/strong><\/strong><\/strong><\/strong><\/strong><\/strong><\/strong> &#8211; StandarD<\/h3>\n\n\n\n<p><strong><em>Koncentrisk vikt = Excentrisk vikt<\/em><\/strong><\/p>\n\n\n\n<p style=\"margin-bottom:var(--wp--preset--spacing--tb-section-padding)\">Detta \u00e4r det traditionella l\u00e4get d\u00e4r motst\u00e5ndet f\u00f6rblir konstant under hela \u00f6vningen, vilket ger en stadig och j\u00e4mn utmaning.<\/p>\n<\/div>\n\n\n\n<div class=\"wp-block-column is-vertically-aligned-center is-layout-flow wp-block-column-is-layout-flow\">\n<figure class=\"wp-block-image size-large\"><img decoding=\"async\" src=\"https:\/\/evolve-fitness.eu\/wp-content\/uploads\/2023\/12\/A7_05151-1024x683.jpg\" alt=\"\" class=\"wp-image-8973\"\/><\/figure>\n<\/div>\n<\/div>\n\n\n\n<div class=\"wp-block-columns alignwide is-layout-flex wp-container-core-columns-is-layout-c45ee707 wp-block-columns-is-layout-flex\" style=\"margin-bottom:var(--wp--preset--spacing--side-padding);padding-top:var(--wp--preset--spacing--side-padding)\">\n<div class=\"wp-block-column is-vertically-aligned-center is-layout-flow wp-block-column-is-layout-flow\">\n<figure class=\"wp-block-image size-large\"><img decoding=\"async\" src=\"https:\/\/evolve-fitness.eu\/wp-content\/uploads\/2023\/12\/A7_05153-1-1024x683.jpg\" alt=\"\" class=\"wp-image-8975\"\/><\/figure>\n<\/div>\n\n\n\n<div class=\"wp-block-column is-vertically-aligned-center is-layout-flow wp-block-column-is-layout-flow\">\n<h3 class=\"wp-block-heading\" style=\"margin-bottom:var(--wp--preset--spacing--h-3-bottom)\"><strong><strong><strong><strong><strong><strong><strong><strong><strong><strong><strong><strong><strong><strong>Tr\u00e4ningsl\u00e4ge<\/strong><\/strong><\/strong><\/strong><\/strong><\/strong><\/strong><\/strong><\/strong><\/strong> &#8211; <\/strong><\/strong><\/strong><\/strong>excentrisk<\/h3>\n\n\n\n<p><strong><em>Koncentrisk vikt &lt; Excentrisk vikt<\/em><\/strong><\/p>\n\n\n\n<p style=\"margin-bottom:var(--wp--preset--spacing--tb-section-padding)\">I detta l\u00e4ge \u00f6kar motst\u00e5ndet under den excentriska (s\u00e4nkande) fasen av \u00f6vningen, vilket f\u00f6rb\u00e4ttrar muskelstyrka och tillv\u00e4xt genom att fokusera p\u00e5 f\u00f6rl\u00e4ngningen av muskeln. Ger musklerna st\u00f6rre stimulans, och muskeltillv\u00e4xteffektiviteten \u00e4r h\u00f6gre.<\/p>\n<\/div>\n<\/div>\n\n\n\n<div class=\"wp-block-columns alignwide is-layout-flex wp-container-core-columns-is-layout-c45ee707 wp-block-columns-is-layout-flex\" style=\"margin-bottom:var(--wp--preset--spacing--side-padding);padding-top:var(--wp--preset--spacing--side-padding)\">\n<div class=\"wp-block-column is-vertically-aligned-center is-layout-flow wp-block-column-is-layout-flow\">\n<h3 class=\"wp-block-heading\" style=\"margin-bottom:var(--wp--preset--spacing--h-3-bottom)\"><strong><strong><strong><strong><strong><strong><strong><strong><strong><strong><strong><strong><strong><strong><strong><strong><strong><strong><strong><strong>Tr\u00e4ningsl\u00e4ge<\/strong><\/strong><\/strong><\/strong><\/strong><\/strong><\/strong><\/strong><\/strong><\/strong> &#8211;  <\/strong><\/strong><\/strong><\/strong><\/strong><\/strong><\/strong><\/strong><\/strong><\/strong>isokinetisk<\/h3>\n\n\n\n<p><strong><em>Hastighet = Motst\u00e5nd<\/em><\/strong><\/p>\n\n\n\n<p style=\"margin-bottom:var(--wp--preset--spacing--tb-section-padding)\">Detta l\u00e4ge h\u00e5ller r\u00f6relsens hastighet konstant, oavsett vilken kraft som appliceras. Det \u00e4r s\u00e4rskilt anv\u00e4ndbart f\u00f6r rehabilitering och f\u00f6r att s\u00e4kerst\u00e4lla kontrollerad muskelaktivering.<\/p>\n<\/div>\n\n\n\n<div class=\"wp-block-column is-vertically-aligned-center is-layout-flow wp-block-column-is-layout-flow\">\n<figure class=\"wp-block-image size-large\"><img decoding=\"async\" src=\"https:\/\/evolve-fitness.eu\/wp-content\/uploads\/2023\/12\/A7_05154-1024x683.jpg\" alt=\"\" class=\"wp-image-8977\"\/><\/figure>\n<\/div>\n<\/div>\n\n\n\n<div class=\"wp-block-columns alignwide is-layout-flex wp-container-core-columns-is-layout-c45ee707 wp-block-columns-is-layout-flex\" style=\"margin-bottom:var(--wp--preset--spacing--side-padding);padding-top:var(--wp--preset--spacing--side-padding)\">\n<div class=\"wp-block-column is-vertically-aligned-center is-layout-flow wp-block-column-is-layout-flow\">\n<figure class=\"wp-block-image size-large\"><img decoding=\"async\" src=\"https:\/\/evolve-fitness.eu\/wp-content\/uploads\/2023\/12\/A7_05156-1024x683.jpg\" alt=\"\" class=\"wp-image-8979\"\/><\/figure>\n<\/div>\n\n\n\n<div class=\"wp-block-column is-vertically-aligned-center is-layout-flow wp-block-column-is-layout-flow\">\n<h3 class=\"wp-block-heading\" style=\"margin-bottom:var(--wp--preset--spacing--h-3-bottom)\"><strong><strong><strong><strong><strong><strong><strong><strong><strong><strong><strong><strong><strong><strong>Tr\u00e4ningsl\u00e4ge<\/strong><\/strong><\/strong><\/strong><\/strong><\/strong><\/strong><\/strong><\/strong><\/strong> &#8211; <\/strong><\/strong><\/strong><\/strong>elastisk<\/h3>\n\n\n\n<p><strong><em>Sladd &gt; Motst\u00e5nd<\/em><\/strong><\/p>\n\n\n\n<p style=\"margin-bottom:var(--wp--preset--spacing--tb-section-padding)\">Ju l\u00e4ngre utdragslinan \u00e4r, desto st\u00f6rre \u00e4r motst\u00e5ndet. Detta l\u00e4ge simulerar upplevelsen av elastiskt motst\u00e5nd, som att arbeta med motst\u00e5ndsband, vilket ger en unik utmaning och variation i tr\u00e4ningspasset. Mer effektiv f\u00f6r explosiv tr\u00e4ning.<\/p>\n<\/div>\n<\/div>\n\n\n\n<div class=\"wp-block-columns alignwide is-layout-flex wp-container-core-columns-is-layout-c45ee707 wp-block-columns-is-layout-flex\" style=\"margin-bottom:var(--wp--preset--spacing--side-padding);padding-top:var(--wp--preset--spacing--side-padding)\">\n<div class=\"wp-block-column is-vertically-aligned-center is-layout-flow wp-block-column-is-layout-flow\">\n<h3 class=\"wp-block-heading\" style=\"margin-bottom:var(--wp--preset--spacing--h-3-bottom)\"><strong><strong><strong><strong>Ergonomisk utformning<\/strong><\/strong><\/strong><\/strong><\/h3>\n\n\n\n<p><strong><em>Den ergonomiska designen prioriterar anv\u00e4ndarkomfort och s\u00e4kerhet<\/em><\/strong><\/p>\n\n\n\n<p style=\"margin-bottom:var(--wp--preset--spacing--tb-section-padding)\">Utrustningen \u00e4r konstruerad f\u00f6r att anpassas till kroppens naturliga r\u00f6relser, vilket minskar risken f\u00f6r skador och s\u00e4kerst\u00e4ller effektiv muskelaktivering. De konturerade s\u00e4tena och strategiskt placerade handtagen f\u00f6rb\u00e4ttrar stabiliteten och kontrollen under tr\u00e4ningspasset, vilket g\u00f6r det till ett bekv\u00e4mt och s\u00e4kert val f\u00f6r alla anv\u00e4ndare.<\/p>\n<\/div>\n\n\n\n<div class=\"wp-block-column is-vertically-aligned-center is-layout-flow wp-block-column-is-layout-flow\">\n<figure class=\"wp-block-image size-large\"><img decoding=\"async\" src=\"https:\/\/evolve-fitness.eu\/wp-content\/uploads\/2023\/12\/A7_05070-1024x683.jpg\" alt=\"\" class=\"wp-image-8994\"\/><\/figure>\n<\/div>\n<\/div>\n\n\n\n<div class=\"wp-block-columns alignwide is-layout-flex wp-container-core-columns-is-layout-c45ee707 wp-block-columns-is-layout-flex\" style=\"margin-bottom:var(--wp--preset--spacing--side-padding);padding-top:var(--wp--preset--spacing--side-padding)\">\n<div class=\"wp-block-column is-vertically-aligned-center is-layout-flow wp-block-column-is-layout-flow\">\n<figure class=\"wp-block-image size-large\"><img decoding=\"async\" src=\"https:\/\/evolve-fitness.eu\/wp-content\/uploads\/2023\/12\/Box-1024x683.png\" alt=\"\" class=\"wp-image-10394\"\/><\/figure>\n<\/div>\n\n\n\n<div class=\"wp-block-column is-vertically-aligned-center is-layout-flow wp-block-column-is-layout-flow\">\n<h3 class=\"wp-block-heading\" style=\"margin-bottom:var(--wp--preset--spacing--h-3-bottom)\"><strong><strong><strong><strong><strong><strong><strong><strong><strong><strong>Robust konstruktion<\/strong><\/strong><\/strong><\/strong><\/strong><\/strong><\/strong><\/strong><\/strong><\/strong><\/h3>\n\n\n\n<p><strong><em>Byggd f\u00f6r att klara p\u00e5frestningarna under intensiva tr\u00e4ningspass<\/em><\/strong><\/p>\n\n\n\n<p style=\"margin-bottom:var(--wp--preset--spacing--tb-section-padding)\">H\u00f6gkvalitativa material och robust konstruktion garanterar l\u00e5ng livsl\u00e4ngd och tillf\u00f6rlitlighet. Denna design garanterar inte bara anv\u00e4ndarnas s\u00e4kerhet utan ger ocks\u00e5 en konsekvent prestanda \u00f6ver tid, vilket g\u00f6r den till en v\u00e4rdefull investering f\u00f6r gym och professionella fitnesscenter.<\/p>\n<\/div>\n<\/div>\n<\/section>\n","protected":false},"excerpt":{"rendered":"<p>Evolve toppmodern utrustning kombinerar robust design och digital innovation f\u00f6r att erbjuda en o\u00f6vertr\u00e4ffad tr\u00e4ningsupplevelse.(EV-SC-DS-431) Dess avancerade biomekanik s\u00e4kerst\u00e4ller optimalt muskelengagemang, medan det digitala gr\u00e4nssnittet ger feedback i realtid f\u00f6r att f\u00f6lja dina framsteg. Perfekt f\u00f6r b\u00e5de nyb\u00f6rjare och erfarna idrottare. Den m\u00f6jligg\u00f6r en rad olika \u00f6vningar f\u00f6r att rikta in sig p\u00e5 och st\u00e4rka br\u00f6st- och axelmusklerna som ingen annan utrustning. Upplev den perfekta blandningen av teknik och prestanda med Evolve DIGITAL SERIES, din partner f\u00f6r att uppn\u00e5 maximal fysisk kondition.<\/p>\n","protected":false},"featured_media":91580,"template":"","meta":{"_acf_changed":false,"inline_featured_image":false},"product_cat":[550,783],"product_tag":[],"class_list":{"0":"post-16176","1":"product","2":"type-product","3":"status-publish","4":"has-post-thumbnail","6":"product_cat-startsida","7":"product_cat-digital-strength-selectorized-maskiner","9":"first","10":"outofstock","11":"shipping-taxable","12":"purchasable","13":"product-type-simple"},"acf":[],"_links":{"self":[{"href":"https:\/\/store.evolve-fitness.eu\/sv\/wp-json\/wp\/v2\/product\/16176","targetHints":{"allow":["GET"]}}],"collection":[{"href":"https:\/\/store.evolve-fitness.eu\/sv\/wp-json\/wp\/v2\/product"}],"about":[{"href":"https:\/\/store.evolve-fitness.eu\/sv\/wp-json\/wp\/v2\/types\/product"}],"wp:featuredmedia":[{"embeddable":true,"href":"https:\/\/store.evolve-fitness.eu\/sv\/wp-json\/wp\/v2\/media\/91580"}],"wp:attachment":[{"href":"https:\/\/store.evolve-fitness.eu\/sv\/wp-json\/wp\/v2\/media?parent=16176"}],"wp:term":[{"taxonomy":"product_cat","embeddable":true,"href":"https:\/\/store.evolve-fitness.eu\/sv\/wp-json\/wp\/v2\/product_cat?post=16176"},{"taxonomy":"product_tag","embeddable":true,"href":"https:\/\/store.evolve-fitness.eu\/sv\/wp-json\/wp\/v2\/product_tag?post=16176"}],"curies":[{"name":"wp","href":"https:\/\/api.w.org\/{rel}","templated":true}]}}