{"id":16150,"date":"2024-01-29T14:06:08","date_gmt":"2024-01-29T14:06:08","guid":{"rendered":"https:\/\/store.evolve-fitness.eu\/product\/evolve-ultra-series-platta-laddad-utfallssteg\/"},"modified":"2024-05-24T13:25:06","modified_gmt":"2024-05-24T13:25:06","slug":"evolve-ultra-series-platta-laddad-utfallssteg","status":"publish","type":"product","link":"https:\/\/store.evolve-fitness.eu\/sv\/produkt\/evolve-ultra-series-platta-laddad-utfallssteg\/","title":{"rendered":"Evolve Ultra Series Plattbelastad utfall"},"content":{"rendered":"\n<section class=\"wp-block-group alignfull black-content has-white-color has-darkgray-background-color has-text-color has-background is-layout-constrained wp-block-group-is-layout-constrained\" style=\"padding-top:var(--wp--preset--spacing--section-bottom);padding-bottom:var(--wp--preset--spacing--section-bottom)\">\n<h3 class=\"wp-block-heading has-text-align-center\"><strong><strong><strong>EVOLVE PL\u00c5TBELASTAD ULTRASERIE<\/strong><\/strong><\/strong><\/h3>\n\n\n\n<p>Evolve Plate Loaded Ultra Series \u00e4r sinnebilden f\u00f6r kvalitet och erbjuder f\u00f6rstklassig kvalitet till b\u00e4sta m\u00f6jliga pris. F\u00f6rb\u00e4ttra din styrketr\u00e4ning med utrustning som kombinerar lyx, prestanda och prisv\u00e4rdhet. Utforska det kompletta sortimentet idag och upplev fitness som aldrig f\u00f6rr.<\/p>\n\n\n\n<section class=\"wp-block-group alignfull black-content has-white-color has-darkgray-background-color has-text-color has-background is-layout-constrained wp-block-group-is-layout-constrained\" style=\"padding-top:var(--wp--preset--spacing--section-bottom);padding-bottom:var(--wp--preset--spacing--section-bottom)\">\n<div class=\"wp-block-columns alignwide mobile-reverse is-layout-flex wp-container-core-columns-is-layout-ca64bf2d wp-block-columns-is-layout-flex\" style=\"margin-bottom:var(--wp--preset--spacing--side-padding)\">\n<div class=\"wp-block-column is-vertically-aligned-center is-layout-flow wp-block-column-is-layout-flow\">\n<h3 class=\"wp-block-heading\" style=\"margin-bottom:var(--wp--preset--spacing--h-3-bottom)\"><strong><strong><strong><strong><strong>Tjock kl\u00e4dsel<\/strong><\/strong><\/strong><\/strong><\/strong><\/h3>\n\n\n\n<p><strong><em><strong><strong><strong>H\u00f6gsta komfort och h\u00e5llbarhet<\/strong><\/strong><\/strong><\/em><\/strong><\/p>\n\n\n\n<p style=\"margin-bottom:var(--wp--preset--spacing--tb-section-padding)\">V\u00e5r tjocka kl\u00e4dsel ger o\u00f6vertr\u00e4ffad komfort under dina tr\u00e4ningspass samtidigt som den garanterar l\u00e5ngvarig h\u00e5llbarhet. Denna funktion g\u00f6r dina tr\u00e4ningspass till ett n\u00f6je att uth\u00e4rda.<\/p>\n\n\n\n<h3 class=\"wp-block-heading\" style=\"margin-bottom:var(--wp--preset--spacing--h-3-bottom)\"><strong><strong><strong><strong><strong><strong><strong>Riktad muskelp\u00e5verkan<\/strong><\/strong><\/strong><\/strong><\/strong><\/strong><\/strong><\/h3>\n\n\n\n<p><strong><em><strong><strong><strong><strong><strong>Unilateral armr\u00f6relse (tillg\u00e4nglig p\u00e5 vissa maskiner)<\/strong><\/strong><\/strong><\/strong><\/strong><\/em><\/strong><\/p>\n\n\n\n<p>F\u00f6r dem som s\u00f6ker m\u00e5ngsidighet erbjuder utvalda maskiner i Ultra-serien <strong>unilateral armr\u00f6relse<\/strong>. Detta g\u00f6r att du kan rikta in dig p\u00e5 specifika muskelgrupper p\u00e5 ett effektivt s\u00e4tt, s\u00e5 att du kan anpassa ditt tr\u00e4ningsprogram.<\/p>\n<\/div>\n\n\n\n<div class=\"wp-block-column is-vertically-aligned-center is-layout-flow wp-block-column-is-layout-flow\">\n<figure class=\"wp-block-image size-full is-resized is-style-rounded\"><img loading=\"lazy\" decoding=\"async\" width=\"810\" height=\"810\" src=\"https:\/\/store.evolve-fitness.eu\/wp-content\/uploads\/2024\/01\/Dizainas-be-pavadinimo-17.png\" alt=\"\" class=\"wp-image-61129\" style=\"aspect-ratio:0.9107648725212465;width:826px;height:auto\" srcset=\"https:\/\/store.evolve-fitness.eu\/wp-content\/uploads\/2024\/01\/Dizainas-be-pavadinimo-17.png 810w, https:\/\/store.evolve-fitness.eu\/wp-content\/uploads\/2024\/01\/Dizainas-be-pavadinimo-17-300x300.png 300w, https:\/\/store.evolve-fitness.eu\/wp-content\/uploads\/2024\/01\/Dizainas-be-pavadinimo-17-150x150.png 150w, https:\/\/store.evolve-fitness.eu\/wp-content\/uploads\/2024\/01\/Dizainas-be-pavadinimo-17-768x768.png 768w, https:\/\/store.evolve-fitness.eu\/wp-content\/uploads\/2024\/01\/Dizainas-be-pavadinimo-17-600x600.png 600w, https:\/\/store.evolve-fitness.eu\/wp-content\/uploads\/2024\/01\/Dizainas-be-pavadinimo-17-100x100.png 100w\" sizes=\"auto, (max-width: 810px) 100vw, 810px\" \/><\/figure>\n<\/div>\n<\/div>\n\n\n\n<div class=\"wp-block-columns alignwide mobile-reverse is-layout-flex wp-container-core-columns-is-layout-ca64bf2d wp-block-columns-is-layout-flex\" style=\"margin-bottom:var(--wp--preset--spacing--side-padding)\">\n<div class=\"wp-block-column is-vertically-aligned-center is-layout-flow wp-block-column-is-layout-flow\">\n<figure class=\"wp-block-image alignleft size-full is-resized is-style-rounded\"><img loading=\"lazy\" decoding=\"async\" width=\"810\" height=\"810\" src=\"https:\/\/store.evolve-fitness.eu\/wp-content\/uploads\/2024\/05\/Dizainas-be-pavadinimo-67.png\" alt=\"\" class=\"wp-image-62548\" style=\"aspect-ratio:0.7496823379923762;object-fit:cover;width:942px;height:auto\" srcset=\"https:\/\/store.evolve-fitness.eu\/wp-content\/uploads\/2024\/05\/Dizainas-be-pavadinimo-67.png 810w, https:\/\/store.evolve-fitness.eu\/wp-content\/uploads\/2024\/05\/Dizainas-be-pavadinimo-67-300x300.png 300w, https:\/\/store.evolve-fitness.eu\/wp-content\/uploads\/2024\/05\/Dizainas-be-pavadinimo-67-150x150.png 150w, https:\/\/store.evolve-fitness.eu\/wp-content\/uploads\/2024\/05\/Dizainas-be-pavadinimo-67-768x768.png 768w, https:\/\/store.evolve-fitness.eu\/wp-content\/uploads\/2024\/05\/Dizainas-be-pavadinimo-67-600x600.png 600w, https:\/\/store.evolve-fitness.eu\/wp-content\/uploads\/2024\/05\/Dizainas-be-pavadinimo-67-100x100.png 100w\" sizes=\"auto, (max-width: 810px) 100vw, 810px\" \/><\/figure>\n<\/div>\n\n\n\n<div class=\"wp-block-column is-vertically-aligned-center is-layout-flow wp-block-column-is-layout-flow\">\n<h3 class=\"wp-block-heading\" style=\"margin-bottom:var(--wp--preset--spacing--h-3-bottom)\"><strong><strong><strong><strong>Justerbar sittposition<\/strong><\/strong><\/strong><\/strong><\/h3>\n\n\n\n<p><strong><strong>Enkel anpassning i livfullt gult<\/strong><\/strong><\/p>\n\n\n\n<p style=\"margin-bottom:var(--wp--preset--spacing--tb-section-padding)\">V\u00e5ra maskiner har en <strong>justerbar sittposition<\/strong> med justeringsrattar och handtag i ljust, l\u00e4tt\u00f6versk\u00e5dligt gult. Den anv\u00e4ndarv\u00e4nliga designen g\u00f6r det enkelt att anpassa tr\u00e4ningen s\u00e5 att den passar dina \u00f6nskem\u00e5l.<\/p>\n\n\n\n<h3 class=\"wp-block-heading\" style=\"margin-bottom:var(--wp--preset--spacing--h-3-bottom)\"><strong><strong><strong><strong><strong><strong><strong><strong>Kompromissl\u00f6s h\u00e5llbarhet<\/strong><\/strong><\/strong><\/strong><\/strong><\/strong><\/strong><\/strong><\/h3>\n\n\n\n<p><strong><em><strong><strong><strong><strong><strong>Bultar och muttrar i rostfritt st\u00e5l<\/strong><\/strong><\/strong><\/strong><\/strong><\/em><\/strong><\/p>\n\n\n\n<p>Varje detalj \u00e4r viktig i Ultra-serien. D\u00e4rf\u00f6r \u00e4r alla bultar och muttrar tillverkade av <strong>rostfritt st\u00e5l<\/strong> f\u00f6r att garantera kompromissl\u00f6s h\u00e5llbarhet och l\u00e5ng livsl\u00e4ngd.<\/p>\n<\/div>\n<\/div>\n\n\n\n<div class=\"wp-block-columns alignwide mobile-reverse is-layout-flex wp-container-core-columns-is-layout-ca64bf2d wp-block-columns-is-layout-flex\" style=\"margin-bottom:var(--wp--preset--spacing--side-padding)\">\n<div class=\"wp-block-column is-vertically-aligned-center is-layout-flow wp-block-column-is-layout-flow\">\n<h3 class=\"wp-block-heading\" style=\"margin-bottom:var(--wp--preset--spacing--h-3-bottom)\"><strong><strong><strong><strong>Handtag med halkskydd<\/strong><\/strong><\/strong><\/strong><\/h3>\n\n\n\n<p><strong><em><strong><strong><strong><strong><strong><strong><strong>S\u00e4kert grepp f\u00f6r trygghet och f\u00f6rtroende<\/strong><\/strong><\/strong><\/strong><\/strong><\/strong><\/strong><\/em><\/strong><\/p>\n\n\n\n<p style=\"margin-bottom:var(--wp--preset--spacing--tb-section-padding)\">Vissa b\u00e4nkar i Econ-serien har en <strong>justerbar sittposition<\/strong>, s\u00e5 att du kan anpassa ditt tr\u00e4ningspass f\u00f6r maximal komfort och tr\u00e4ningsvariation.<\/p>\n\n\n\n<h3 class=\"wp-block-heading\" style=\"margin-bottom:var(--wp--preset--spacing--h-3-bottom)\"><strong><strong><strong><strong><strong><strong><strong>Slitstarka golvskydd<\/strong><\/strong><\/strong><\/strong><\/strong><\/strong><\/strong><\/h3>\n\n\n\n<p><strong><em><strong><strong><strong><strong>Bevara golvet i ditt gym<\/strong><\/strong><\/strong><\/strong><\/em><\/strong><\/p>\n\n\n\n<p>V\u00e5r utrustning \u00e4r utrustad med <strong>slitstarka golvskydd<\/strong> som skyddar ditt gym mot skador och repor, \u00e4ven under intensiva tr\u00e4ningspass.<\/p>\n\n\n\n<h3 class=\"wp-block-heading\" style=\"margin-bottom:var(--wp--preset--spacing--h-3-bottom)\"><strong><strong><strong><strong><strong>Organiserad och effektiv<\/strong><\/strong><\/strong><\/strong><\/strong><\/h3>\n\n\n\n<p><strong><em><strong><strong><strong><strong><strong><strong><strong><strong>Pinnar f\u00f6r f\u00f6rvaring av viktskivor<\/strong><\/strong><\/strong><\/strong><\/strong><\/strong><\/strong><\/strong><\/em><\/strong><\/p>\n\n\n\n<p style=\"margin-bottom:var(--wp--preset--spacing--tb-section-padding)\">H\u00e5ll dig organiserad och effektiv med <strong>Pegs f\u00f6r f\u00f6rvaring av viktskivor<\/strong>. H\u00e5ll dina tallrikar inom r\u00e4ckh\u00e5ll och effektivisera dina tr\u00e4ningspass.<\/p>\n<\/div>\n\n\n\n<div class=\"wp-block-column is-vertically-aligned-center is-layout-flow wp-block-column-is-layout-flow\">\n<figure class=\"wp-block-image size-full is-resized is-style-rounded\"><img loading=\"lazy\" decoding=\"async\" width=\"810\" height=\"810\" src=\"https:\/\/store.evolve-fitness.eu\/wp-content\/uploads\/2024\/05\/Dizainas-be-pavadinimo-69.png\" alt=\"\" class=\"wp-image-62598\" style=\"aspect-ratio:0.7496757457846952;object-fit:cover;width:866px;height:auto\" srcset=\"https:\/\/store.evolve-fitness.eu\/wp-content\/uploads\/2024\/05\/Dizainas-be-pavadinimo-69.png 810w, https:\/\/store.evolve-fitness.eu\/wp-content\/uploads\/2024\/05\/Dizainas-be-pavadinimo-69-300x300.png 300w, https:\/\/store.evolve-fitness.eu\/wp-content\/uploads\/2024\/05\/Dizainas-be-pavadinimo-69-150x150.png 150w, https:\/\/store.evolve-fitness.eu\/wp-content\/uploads\/2024\/05\/Dizainas-be-pavadinimo-69-768x768.png 768w, https:\/\/store.evolve-fitness.eu\/wp-content\/uploads\/2024\/05\/Dizainas-be-pavadinimo-69-600x600.png 600w, https:\/\/store.evolve-fitness.eu\/wp-content\/uploads\/2024\/05\/Dizainas-be-pavadinimo-69-100x100.png 100w\" sizes=\"auto, (max-width: 810px) 100vw, 810px\" \/><\/figure>\n<\/div>\n<\/div>\n\n\n\n<div class=\"wp-block-columns alignwide mobile-reverse is-layout-flex wp-container-core-columns-is-layout-ca64bf2d wp-block-columns-is-layout-flex\" style=\"margin-bottom:var(--wp--preset--spacing--side-padding)\">\n<div class=\"wp-block-column is-vertically-aligned-center is-layout-flow wp-block-column-is-layout-flow\">\n<figure class=\"wp-block-image size-full is-resized is-style-rounded\"><img loading=\"lazy\" decoding=\"async\" width=\"810\" height=\"810\" src=\"https:\/\/store.evolve-fitness.eu\/wp-content\/uploads\/2024\/05\/Dizainas-be-pavadinimo-68.png\" alt=\"\" class=\"wp-image-62573\" style=\"object-fit:cover;width:884px;height:auto\" srcset=\"https:\/\/store.evolve-fitness.eu\/wp-content\/uploads\/2024\/05\/Dizainas-be-pavadinimo-68.png 810w, https:\/\/store.evolve-fitness.eu\/wp-content\/uploads\/2024\/05\/Dizainas-be-pavadinimo-68-300x300.png 300w, https:\/\/store.evolve-fitness.eu\/wp-content\/uploads\/2024\/05\/Dizainas-be-pavadinimo-68-150x150.png 150w, https:\/\/store.evolve-fitness.eu\/wp-content\/uploads\/2024\/05\/Dizainas-be-pavadinimo-68-768x768.png 768w, https:\/\/store.evolve-fitness.eu\/wp-content\/uploads\/2024\/05\/Dizainas-be-pavadinimo-68-600x600.png 600w, https:\/\/store.evolve-fitness.eu\/wp-content\/uploads\/2024\/05\/Dizainas-be-pavadinimo-68-100x100.png 100w\" sizes=\"auto, (max-width: 810px) 100vw, 810px\" \/><\/figure>\n<\/div>\n\n\n\n<div class=\"wp-block-column is-vertically-aligned-center is-layout-flow wp-block-column-is-layout-flow\">\n<h3 class=\"wp-block-heading\" style=\"margin-bottom:var(--wp--preset--spacing--h-3-bottom)\"><strong><strong><strong><strong><strong><strong><strong>Slitstarka golvskydd<\/strong><\/strong><\/strong><\/strong><\/strong><\/strong><\/strong><\/h3>\n\n\n\n<p><strong><em><strong><strong><strong><strong>Bevara golvet i ditt gym<\/strong><\/strong><\/strong><\/strong><\/em><\/strong><\/p>\n\n\n\n<p>V\u00e5r utrustning \u00e4r utrustad med <strong>slitstarka golvskydd<\/strong> som skyddar ditt gym mot skador och repor, \u00e4ven under intensiva tr\u00e4ningspass.<\/p>\n\n\n\n<h3 class=\"wp-block-heading\" style=\"margin-bottom:var(--wp--preset--spacing--h-3-bottom)\"><strong><strong><strong><strong><strong><strong><strong><strong>Varaktig prestanda<\/strong><\/strong><\/strong><\/strong><\/strong><\/strong><\/strong><\/strong><\/h3>\n\n\n\n<p><strong><em><strong><strong><strong><strong><strong>Premiumkvalitet, kraftigt PU-l\u00e4der<\/strong><\/strong><\/strong><\/strong><\/strong><\/em><\/strong><\/p>\n\n\n\n<p>Upplev enast\u00e5ende komfort och prestanda med v\u00e5r <strong>kraftiga PU-l\u00e4derkl\u00e4dsel av premiumkvalitet<\/strong>. Den kombinerar h\u00e5llbarhet med visuell attraktionskraft och erbjuder det b\u00e4sta inom tr\u00e4ningslyx.<\/p>\n\n\n\n<h3 class=\"wp-block-heading\" style=\"margin-bottom:var(--wp--preset--spacing--h-3-bottom)\"><strong><strong><strong><strong><strong><strong><strong><strong><strong>Varaktig finish<\/strong><\/strong><\/strong><\/strong><\/strong><\/strong><\/strong><\/strong><\/strong><\/h3>\n\n\n\n<p><strong><em><strong><strong><strong><strong><strong><strong>Elektrostatisk sprutningsteknik f\u00f6r h\u00e4rdplastpulver<\/strong><\/strong><\/strong><\/strong><\/strong><\/strong><\/em><\/strong><\/p>\n\n\n\n<p>V\u00e5ra maskiner har <strong>elektrostatisk sprutteknik med h\u00e4rdplastpulver<\/strong> som s\u00e4kerst\u00e4ller en h\u00e5llbar finish. Denna avancerade bel\u00e4ggning bibeh\u00e5ller utrustningens visuella utseende \u00f6ver tid.<\/p>\n<\/div>\n<\/div>\n<\/section>\n<\/section>\n\n<p><\/p>\n","protected":false},"excerpt":{"rendered":"<p>Lyft ditt gym med Evolve Ultra Series Plate Loaded Lunge UL-230. Denna maskin i kommersiell kvalitet ger effektiv bicepstr\u00e4ning med sin h\u00e5llbara st\u00e5lram och justerbara benst\u00f6d. De halkfria handtagen och den bekv\u00e4ma stoppningen s\u00e4kerst\u00e4ller en korrekt h\u00e5llning under \u00f6vningarna. Du kan dessutom anpassa maskinens f\u00e4rger s\u00e5 att de matchar ditt gyms varum\u00e4rke. Med 2 \u00e5rs garanti och en maxbelastning p\u00e5 2 x 100 kg kombinerar Evolve Lunge h\u00e5llbarhet, stil och funktionalitet, vilket g\u00f6r den till det perfekta valet f\u00f6r fitnessanl\u00e4ggningar som letar efter toppkvalitet.  <\/p>\n","protected":false},"featured_media":61153,"template":"","meta":{"_acf_changed":false,"inline_featured_image":false},"product_cat":[550,773,774],"product_tag":[],"class_list":{"0":"post-16150","1":"product","2":"type-product","3":"status-publish","4":"has-post-thumbnail","6":"product_cat-startsida","7":"product_cat-platbelastade-maskiner","8":"product_cat-ultra-series-platbelastad","10":"first","11":"instock","12":"shipping-taxable","13":"purchasable","14":"product-type-simple"},"acf":[],"_links":{"self":[{"href":"https:\/\/store.evolve-fitness.eu\/sv\/wp-json\/wp\/v2\/product\/16150","targetHints":{"allow":["GET"]}}],"collection":[{"href":"https:\/\/store.evolve-fitness.eu\/sv\/wp-json\/wp\/v2\/product"}],"about":[{"href":"https:\/\/store.evolve-fitness.eu\/sv\/wp-json\/wp\/v2\/types\/product"}],"wp:featuredmedia":[{"embeddable":true,"href":"https:\/\/store.evolve-fitness.eu\/sv\/wp-json\/wp\/v2\/media\/61153"}],"wp:attachment":[{"href":"https:\/\/store.evolve-fitness.eu\/sv\/wp-json\/wp\/v2\/media?parent=16150"}],"wp:term":[{"taxonomy":"product_cat","embeddable":true,"href":"https:\/\/store.evolve-fitness.eu\/sv\/wp-json\/wp\/v2\/product_cat?post=16150"},{"taxonomy":"product_tag","embeddable":true,"href":"https:\/\/store.evolve-fitness.eu\/sv\/wp-json\/wp\/v2\/product_tag?post=16150"}],"curies":[{"name":"wp","href":"https:\/\/api.w.org\/{rel}","templated":true}]}}