{"id":15906,"date":"2024-01-26T15:52:11","date_gmt":"2024-01-26T15:52:11","guid":{"rendered":"https:\/\/store.evolve-fitness.eu\/product\/evolve-komplett-power-rack-system-230-270-cm-2\/"},"modified":"2025-03-27T07:15:17","modified_gmt":"2025-03-27T07:15:17","slug":"evolve-komplett-power-rack-system-230-270-cm-2","status":"publish","type":"product","link":"https:\/\/store.evolve-fitness.eu\/sv\/produkt\/evolve-komplett-power-rack-system-230-270-cm-2\/","title":{"rendered":"Evolve komplett power rack-system 230 &#8211; 270 cm"},"content":{"rendered":"","protected":false},"excerpt":{"rendered":"<p>Vi introducerar det fullt utrustade power rack-systemet Evolve, utformat f\u00f6r kommersiellt bruk och komplett med f\u00f6rvaringshyllor f\u00f6r inventarier och tillbeh\u00f6r. Detta 3 mm tjocka kraftpaket i st\u00e5l \u00e4r tillverkat med precision och h\u00e5llbarhet och ger en robust grund f\u00f6r styrketr\u00e4ning. F\u00f6rb\u00e4ttra ditt fitnessutrymme med integrerade f\u00f6rvaringsl\u00f6sningar och upplev en s\u00f6ml\u00f6s blandning av funktionalitet och stil. Evolve &#8211; d\u00e4r innovation m\u00f6ter prestanda i v\u00e4rlden av kommersiell gymutrustning.<\/p>\n","protected":false},"featured_media":97292,"template":"","meta":{"_acf_changed":false,"inline_featured_image":false},"product_cat":[550,623,721],"product_tag":[],"class_list":{"0":"post-15906","1":"product","2":"type-product","3":"status-publish","4":"has-post-thumbnail","6":"product_cat-startsida","7":"product_cat-korsvis-funktionell","8":"product_cat-kompletta-rigguppsattningar","10":"first","11":"outofstock","12":"shipping-taxable","13":"purchasable","14":"product-type-variable"},"acf":[],"_links":{"self":[{"href":"https:\/\/store.evolve-fitness.eu\/sv\/wp-json\/wp\/v2\/product\/15906","targetHints":{"allow":["GET"]}}],"collection":[{"href":"https:\/\/store.evolve-fitness.eu\/sv\/wp-json\/wp\/v2\/product"}],"about":[{"href":"https:\/\/store.evolve-fitness.eu\/sv\/wp-json\/wp\/v2\/types\/product"}],"wp:featuredmedia":[{"embeddable":true,"href":"https:\/\/store.evolve-fitness.eu\/sv\/wp-json\/wp\/v2\/media\/97292"}],"wp:attachment":[{"href":"https:\/\/store.evolve-fitness.eu\/sv\/wp-json\/wp\/v2\/media?parent=15906"}],"wp:term":[{"taxonomy":"product_cat","embeddable":true,"href":"https:\/\/store.evolve-fitness.eu\/sv\/wp-json\/wp\/v2\/product_cat?post=15906"},{"taxonomy":"product_tag","embeddable":true,"href":"https:\/\/store.evolve-fitness.eu\/sv\/wp-json\/wp\/v2\/product_tag?post=15906"}],"curies":[{"name":"wp","href":"https:\/\/api.w.org\/{rel}","templated":true}]}}