{"id":15804,"date":"2024-01-29T09:05:20","date_gmt":"2024-01-29T09:05:20","guid":{"rendered":"https:\/\/store.evolve-fitness.eu\/product\/evolve-lyftband\/"},"modified":"2026-04-22T12:00:57","modified_gmt":"2026-04-22T12:00:57","slug":"evolve-lyftband","status":"publish","type":"product","link":"https:\/\/store.evolve-fitness.eu\/sv\/produkt\/evolve-lyftband\/","title":{"rendered":"Evolve Lyftband"},"content":{"rendered":"\n<section class=\"wp-block-group alignfull black-content has-white-color has-darkgray-background-color has-text-color has-background is-layout-constrained wp-block-group-is-layout-constrained\" style=\"padding-top:var(--wp--preset--spacing--section-bottom);padding-bottom:var(--wp--preset--spacing--section-bottom)\">\n<div class=\"wp-block-columns alignwide mobile-reverse is-layout-flex wp-container-core-columns-is-layout-ca64bf2d wp-block-columns-is-layout-flex\" style=\"margin-bottom:var(--wp--preset--spacing--side-padding)\">\n<div class=\"wp-block-column is-vertically-aligned-center is-layout-flow wp-block-column-is-layout-flow\">\n<h3 class=\"wp-block-heading\" style=\"margin-bottom:var(--wp--preset--spacing--h-3-bottom)\"><strong>Evolve Lyftband<\/strong><\/h3>\n\n\n\n<p><strong><em>F\u00f6rb\u00e4ttrat st\u00f6d f\u00f6r styrketr\u00e4ning<\/em><\/strong><\/p>\n\n\n\n<p style=\"margin-bottom:var(--wp--preset--spacing--tb-section-padding)\">Evolve Lifting Belt \u00e4r utformat f\u00f6r idrottare som vill f\u00f6rb\u00e4ttra sin prestation vid styrketr\u00e4ning och lyft. Den ger en bra passform f\u00f6r olika kroppstyper och \u00f6kar s\u00e4kerheten och effektiviteten under tr\u00e4ningspasset. Oavsett om du lyfter tunga vikter eller \u00e4gnar dig \u00e5t intensiv tr\u00e4ning \u00e4r Evolve Lifting Belt ett viktigt tillbeh\u00f6r som hj\u00e4lper dig att uppn\u00e5 dina tr\u00e4ningsm\u00e5l.<\/p>\n<\/div>\n\n\n\n<div class=\"wp-block-column is-vertically-aligned-center is-layout-flow wp-block-column-is-layout-flow\">\n<figure class=\"wp-block-video\"><video autoplay=\"\" controls=\"\" loop=\"\" muted=\"\" src=\"https:\/\/evolve-fitness.eu\/wp-content\/uploads\/2024\/07\/belt.mp4\"><\/video><\/figure>\n<\/div>\n<\/div>\n\n\n\n<figure class=\"wp-block-image aligncenter size-full\"><img decoding=\"async\" src=\"https:\/\/evolve-fitness.eu\/wp-content\/uploads\/2024\/01\/EV-AC-LB-010-S-1.png\" alt=\"\" class=\"wp-image-150057\"\/><\/figure>\n\n\n\n<figure class=\"wp-block-image aligncenter size-full\"><img decoding=\"async\" src=\"https:\/\/evolve-fitness.eu\/wp-content\/uploads\/2024\/01\/EV-AC-LB-010-M-1.png\" alt=\"\" class=\"wp-image-150082\"\/><\/figure>\n\n\n\n<figure class=\"wp-block-image aligncenter size-full\"><img decoding=\"async\" src=\"https:\/\/evolve-fitness.eu\/wp-content\/uploads\/2024\/01\/EV-AC-LB-010-L-1.png\" alt=\"\" class=\"wp-image-150107\"\/><\/figure>\n<\/section>\n","protected":false},"excerpt":{"rendered":"<p>Evolve Lifting Belt \u00e4r utformat f\u00f6r idrottare som vill ha f\u00f6rb\u00e4ttrat st\u00f6d under sina styrketr\u00e4nings- och lyftpass. Denna produkt ing\u00e5r i Evolves sortiment av funktionella tr\u00e4ningsredskap. Finns i storlekarna: S, M och L.<\/p>\n","protected":false},"featured_media":93740,"template":"","meta":{"_acf_changed":false,"inline_featured_image":false},"product_cat":[623,625,734],"product_tag":[],"class_list":{"0":"post-15804","1":"product","2":"type-product","3":"status-publish","4":"has-post-thumbnail","6":"product_cat-korsvis-funktionell","7":"product_cat-funktionell-utrustning","8":"product_cat-tillbehor-sv","10":"first","11":"instock","12":"shipping-taxable","13":"purchasable","14":"product-type-variable"},"acf":[],"_links":{"self":[{"href":"https:\/\/store.evolve-fitness.eu\/sv\/wp-json\/wp\/v2\/product\/15804","targetHints":{"allow":["GET"]}}],"collection":[{"href":"https:\/\/store.evolve-fitness.eu\/sv\/wp-json\/wp\/v2\/product"}],"about":[{"href":"https:\/\/store.evolve-fitness.eu\/sv\/wp-json\/wp\/v2\/types\/product"}],"wp:featuredmedia":[{"embeddable":true,"href":"https:\/\/store.evolve-fitness.eu\/sv\/wp-json\/wp\/v2\/media\/93740"}],"wp:attachment":[{"href":"https:\/\/store.evolve-fitness.eu\/sv\/wp-json\/wp\/v2\/media?parent=15804"}],"wp:term":[{"taxonomy":"product_cat","embeddable":true,"href":"https:\/\/store.evolve-fitness.eu\/sv\/wp-json\/wp\/v2\/product_cat?post=15804"},{"taxonomy":"product_tag","embeddable":true,"href":"https:\/\/store.evolve-fitness.eu\/sv\/wp-json\/wp\/v2\/product_tag?post=15804"}],"curies":[{"name":"wp","href":"https:\/\/api.w.org\/{rel}","templated":true}]}}