{"id":15572,"date":"2024-01-29T07:33:44","date_gmt":"2024-01-29T07:33:44","guid":{"rendered":"https:\/\/store.evolve-fitness.eu\/product\/evolve-komplett-power-rack-system-230-270-cm\/"},"modified":"2025-03-27T07:12:29","modified_gmt":"2025-03-27T07:12:29","slug":"evolve-komplett-power-rack-system-230-270-cm","status":"publish","type":"product","link":"https:\/\/store.evolve-fitness.eu\/sv\/produkt\/evolve-komplett-power-rack-system-230-270-cm\/","title":{"rendered":"Evolve komplett power rack-system 230 &#8211; 270 cm"},"content":{"rendered":"","protected":false},"excerpt":{"rendered":"<p>Sl\u00e4pp loss kraften i din fitness med Evolves fullt utrustade power rack-system, med integrerade f\u00f6rvaringshyllor f\u00f6r smidig organisering av inventarier och tillbeh\u00f6r. Denna robusta styrketr\u00e4ningsl\u00f6sning \u00e4r idealisk f\u00f6r kommersiell anv\u00e4ndning och \u00e4r tillverkad med precision av 3 mm tjockt st\u00e5l. F\u00f6rh\u00f6j din gymupplevelse med effektiviteten och stilen hos Evolve.<\/p>\n","protected":false},"featured_media":97317,"template":"","meta":{"_acf_changed":false,"inline_featured_image":false},"product_cat":[550,623,721],"product_tag":[],"class_list":{"0":"post-15572","1":"product","2":"type-product","3":"status-publish","4":"has-post-thumbnail","6":"product_cat-startsida","7":"product_cat-korsvis-funktionell","8":"product_cat-kompletta-rigguppsattningar","10":"first","11":"outofstock","12":"shipping-taxable","13":"purchasable","14":"product-type-variable"},"acf":[],"_links":{"self":[{"href":"https:\/\/store.evolve-fitness.eu\/sv\/wp-json\/wp\/v2\/product\/15572","targetHints":{"allow":["GET"]}}],"collection":[{"href":"https:\/\/store.evolve-fitness.eu\/sv\/wp-json\/wp\/v2\/product"}],"about":[{"href":"https:\/\/store.evolve-fitness.eu\/sv\/wp-json\/wp\/v2\/types\/product"}],"wp:featuredmedia":[{"embeddable":true,"href":"https:\/\/store.evolve-fitness.eu\/sv\/wp-json\/wp\/v2\/media\/97317"}],"wp:attachment":[{"href":"https:\/\/store.evolve-fitness.eu\/sv\/wp-json\/wp\/v2\/media?parent=15572"}],"wp:term":[{"taxonomy":"product_cat","embeddable":true,"href":"https:\/\/store.evolve-fitness.eu\/sv\/wp-json\/wp\/v2\/product_cat?post=15572"},{"taxonomy":"product_tag","embeddable":true,"href":"https:\/\/store.evolve-fitness.eu\/sv\/wp-json\/wp\/v2\/product_tag?post=15572"}],"curies":[{"name":"wp","href":"https:\/\/api.w.org\/{rel}","templated":true}]}}