{"id":15431,"date":"2024-01-26T14:48:26","date_gmt":"2024-01-26T14:48:26","guid":{"rendered":"https:\/\/store.evolve-fitness.eu\/product\/evolve-hangande-pull-up-sfar-70-100-mm\/"},"modified":"2025-11-07T11:56:19","modified_gmt":"2025-11-07T11:56:19","slug":"evolve-hangande-pull-up-sfar-70-100-mm","status":"publish","type":"product","link":"https:\/\/store.evolve-fitness.eu\/sv\/produkt\/evolve-hangande-pull-up-sfar-70-100-mm\/","title":{"rendered":"Evolve h\u00e4ngande pull up-sf\u00e4r 70 &#8211; 100 mm"},"content":{"rendered":"","protected":false},"excerpt":{"rendered":"<p>F\u00f6rb\u00e4ttra dina pull-ups med Evolve Hanging Pull-Up Sphere set, med 70 mm och 100 mm bollar som \u00e4r utformade f\u00f6r att f\u00f6rb\u00e4ttra handgreppet under pull-ups. Dessa sf\u00e4rer \u00e4r s\u00e4rskilt utformade f\u00f6r sporter som kr\u00e4ver ett starkt grepp, t.ex. kl\u00e4ttring och tyngdlyftning, och \u00e4r ett unikt och effektivt s\u00e4tt att tr\u00e4na greppstyrka och underarmsmuskler. Evolve-banden, som f\u00e4sts med kraftiga j\u00e4rnkrokar, g\u00f6r det enkelt att f\u00e4sta dem p\u00e5 st\u00e5ngen. Genom att integrera dessa sf\u00e4rer i din pullup-rutin f\u00f6rb\u00e4ttrar du inte bara greppstyrkan, utan du riktar dig ocks\u00e5 mot underarmarna p\u00e5 ett distinkt s\u00e4tt, vilket fr\u00e4mjar \u00f6kad styrka och kontroll. F\u00f6r dem som s\u00f6ker en effektiv metod f\u00f6r att st\u00e4rka grepp- och underarmsmusklerna \u00e4r Evolve Hanging Pull-Up Sphere den perfekta tr\u00e4ningsl\u00f6sningen.<\/p>\n","protected":false},"featured_media":97948,"template":"","meta":{"_acf_changed":false,"inline_featured_image":false},"product_cat":[550,623,642,646],"product_tag":[],"class_list":{"0":"post-15431","1":"product","2":"type-product","3":"status-publish","4":"has-post-thumbnail","6":"product_cat-startsida","7":"product_cat-korsvis-funktionell","8":"product_cat-komponenter-till-riggen","9":"product_cat-tillbehor","11":"first","12":"outofstock","13":"shipping-taxable","14":"purchasable","15":"product-type-variable"},"acf":[],"_links":{"self":[{"href":"https:\/\/store.evolve-fitness.eu\/sv\/wp-json\/wp\/v2\/product\/15431","targetHints":{"allow":["GET"]}}],"collection":[{"href":"https:\/\/store.evolve-fitness.eu\/sv\/wp-json\/wp\/v2\/product"}],"about":[{"href":"https:\/\/store.evolve-fitness.eu\/sv\/wp-json\/wp\/v2\/types\/product"}],"wp:featuredmedia":[{"embeddable":true,"href":"https:\/\/store.evolve-fitness.eu\/sv\/wp-json\/wp\/v2\/media\/97948"}],"wp:attachment":[{"href":"https:\/\/store.evolve-fitness.eu\/sv\/wp-json\/wp\/v2\/media?parent=15431"}],"wp:term":[{"taxonomy":"product_cat","embeddable":true,"href":"https:\/\/store.evolve-fitness.eu\/sv\/wp-json\/wp\/v2\/product_cat?post=15431"},{"taxonomy":"product_tag","embeddable":true,"href":"https:\/\/store.evolve-fitness.eu\/sv\/wp-json\/wp\/v2\/product_tag?post=15431"}],"curies":[{"name":"wp","href":"https:\/\/api.w.org\/{rel}","templated":true}]}}