{"id":15060,"date":"2024-01-26T15:37:35","date_gmt":"2024-01-26T15:37:35","guid":{"rendered":"https:\/\/store.evolve-fitness.eu\/product\/evolve-pelare-for-forvaringssystem-120-190-cm\/"},"modified":"2026-04-04T12:00:43","modified_gmt":"2026-04-04T12:00:43","slug":"evolve-pelare-for-forvaringssystem-120-190-cm","status":"publish","type":"product","link":"https:\/\/store.evolve-fitness.eu\/sv\/produkt\/evolve-pelare-for-forvaringssystem-120-190-cm\/","title":{"rendered":"Evolve pelare f\u00f6r f\u00f6rvaringssystem 120 \/ 190 cm"},"content":{"rendered":"","protected":false},"excerpt":{"rendered":"<p>Optimera ditt f\u00f6rvaringsutrymme med Evolve stolpar f\u00f6r f\u00f6rvaringssystem i 120 cm och 190 cm h\u00f6jd. Dessa robusta och m\u00e5ngsidiga stolpar \u00e4r utformade f\u00f6r att f\u00f6rb\u00e4ttra funktionaliteten i ditt f\u00f6rvaringssystem och ger tillf\u00f6rlitligt st\u00f6d f\u00f6r hyllor och tillbeh\u00f6r. Evolve Uprights \u00e4r tillverkade f\u00f6r h\u00e5llbarhet och erbjuder en s\u00f6ml\u00f6s integrering i din tr\u00e4ningsmilj\u00f6, s\u00e5 att du kan skapa ett v\u00e4lorganiserat och effektivt utrymme f\u00f6r din gymutrustning. F\u00f6rb\u00e4ttra dina f\u00f6rvaringsl\u00f6sningar med Evolve Uprights, utformade f\u00f6r att uppfylla kraven i ett dynamiskt och funktionellt fitnessutrymme.<\/p>\n","protected":false},"featured_media":15081,"template":"","meta":{"_acf_changed":false,"inline_featured_image":false},"product_cat":[550,623,642,685],"product_tag":[],"class_list":{"0":"post-15060","1":"product","2":"type-product","3":"status-publish","4":"has-post-thumbnail","6":"product_cat-startsida","7":"product_cat-korsvis-funktionell","8":"product_cat-komponenter-till-riggen","9":"product_cat-lagring","11":"first","12":"instock","13":"shipping-taxable","14":"purchasable","15":"product-type-variable"},"acf":[],"_links":{"self":[{"href":"https:\/\/store.evolve-fitness.eu\/sv\/wp-json\/wp\/v2\/product\/15060","targetHints":{"allow":["GET"]}}],"collection":[{"href":"https:\/\/store.evolve-fitness.eu\/sv\/wp-json\/wp\/v2\/product"}],"about":[{"href":"https:\/\/store.evolve-fitness.eu\/sv\/wp-json\/wp\/v2\/types\/product"}],"wp:featuredmedia":[{"embeddable":true,"href":"https:\/\/store.evolve-fitness.eu\/sv\/wp-json\/wp\/v2\/media\/15081"}],"wp:attachment":[{"href":"https:\/\/store.evolve-fitness.eu\/sv\/wp-json\/wp\/v2\/media?parent=15060"}],"wp:term":[{"taxonomy":"product_cat","embeddable":true,"href":"https:\/\/store.evolve-fitness.eu\/sv\/wp-json\/wp\/v2\/product_cat?post=15060"},{"taxonomy":"product_tag","embeddable":true,"href":"https:\/\/store.evolve-fitness.eu\/sv\/wp-json\/wp\/v2\/product_tag?post=15060"}],"curies":[{"name":"wp","href":"https:\/\/api.w.org\/{rel}","templated":true}]}}