{"id":148474,"date":"2026-02-13T12:20:31","date_gmt":"2026-02-13T12:20:31","guid":{"rendered":"https:\/\/store.evolve-fitness.eu\/?post_type=product&#038;p=148474"},"modified":"2026-02-14T12:03:31","modified_gmt":"2026-02-14T12:03:31","slug":"evolve-basplatta-110-cm-bp-110-copy","status":"publish","type":"product","link":"https:\/\/store.evolve-fitness.eu\/sv\/produkt\/evolve-basplatta-110-cm-bp-110-copy\/","title":{"rendered":"Evolve basplatta &#8211; 110 cm (BP-110) (Copy)"},"content":{"rendered":"","protected":false},"excerpt":{"rendered":"<p>Evolve Base Plate &#8211; 110 cm \u00e4r ett kraftigt strukturellt fundament som \u00e4r utformat f\u00f6r att ge maximal stabilitet och inriktning n\u00e4r du ansluter tv\u00e5 stolpar med en 110 cm pullup-st\u00e5ng eller multifunktionell balk. Den \u00e4r tillverkad av h\u00f6gkvalitativt st\u00e5l och s\u00e4kerst\u00e4ller en solid och s\u00e4ker anslutning som f\u00f6rb\u00e4ttrar den \u00f6vergripande styvheten och s\u00e4kerheten i tr\u00e4ningsstrukturen. Basplattan minimerar ramr\u00f6relser under dynamiska \u00f6vningar som pull-ups, muscle-ups eller suspension training. Evolve Base Plate &#8211; 110 cm \u00e4r konstruerad f\u00f6r modul\u00e4ra konfigurationer och har enast\u00e5ende h\u00e5llbarhet och tillf\u00f6rlitlighet, vilket g\u00f6r den till en viktig komponent f\u00f6r professionella gym och tr\u00e4ningssystem.   <\/p>\n<p>\n","protected":false},"featured_media":148527,"template":"","meta":{"_acf_changed":false,"inline_featured_image":false},"product_cat":[642,969,392],"product_tag":[],"class_list":{"0":"post-148474","1":"product","2":"type-product","3":"status-publish","4":"has-post-thumbnail","6":"product_cat-komponenter-till-riggen","7":"product_cat-huvuddelar","8":"product_cat-studio-sv","10":"first","11":"instock","12":"shipping-taxable","13":"purchasable","14":"product-type-simple"},"acf":[],"_links":{"self":[{"href":"https:\/\/store.evolve-fitness.eu\/sv\/wp-json\/wp\/v2\/product\/148474","targetHints":{"allow":["GET"]}}],"collection":[{"href":"https:\/\/store.evolve-fitness.eu\/sv\/wp-json\/wp\/v2\/product"}],"about":[{"href":"https:\/\/store.evolve-fitness.eu\/sv\/wp-json\/wp\/v2\/types\/product"}],"wp:featuredmedia":[{"embeddable":true,"href":"https:\/\/store.evolve-fitness.eu\/sv\/wp-json\/wp\/v2\/media\/148527"}],"wp:attachment":[{"href":"https:\/\/store.evolve-fitness.eu\/sv\/wp-json\/wp\/v2\/media?parent=148474"}],"wp:term":[{"taxonomy":"product_cat","embeddable":true,"href":"https:\/\/store.evolve-fitness.eu\/sv\/wp-json\/wp\/v2\/product_cat?post=148474"},{"taxonomy":"product_tag","embeddable":true,"href":"https:\/\/store.evolve-fitness.eu\/sv\/wp-json\/wp\/v2\/product_tag?post=148474"}],"curies":[{"name":"wp","href":"https:\/\/api.w.org\/{rel}","templated":true}]}}