{"id":14819,"date":"2024-01-26T14:28:04","date_gmt":"2024-01-26T14:28:04","guid":{"rendered":"https:\/\/store.evolve-fitness.eu\/product\/evolve-belt-squat-faste\/"},"modified":"2024-08-06T12:57:57","modified_gmt":"2024-08-06T12:57:57","slug":"evolve-belt-squat-faste","status":"publish","type":"product","link":"https:\/\/store.evolve-fitness.eu\/sv\/produkt\/evolve-belt-squat-faste\/","title":{"rendered":"Evolve Belt Squat-f\u00e4ste"},"content":{"rendered":"","protected":false},"excerpt":{"rendered":"<p>Uppgradera din tr\u00e4ningsrutin med Evolve Belt Squat Attachment, som \u00e4r utformat f\u00f6r att s\u00f6ml\u00f6st f\u00e4stas p\u00e5 alla Upright.<br \/>\nUpplev hur enkelt det \u00e4r att automatiskt f\u00e4lla ihop st\u00f6det n\u00e4r tr\u00e4ningen p\u00e5b\u00f6rjas, f\u00f6ljt av enkel hopf\u00e4llning f\u00f6r bekv\u00e4m f\u00f6rvaring efter tr\u00e4ningen.<br \/>\nDetta m\u00e5ngsidiga tillbeh\u00f6r, som \u00e4r kompatibelt med alla olympiska viktplattor med en h\u00e5ldiameter p\u00e5 50 mm, erbjuder en platsbesparande l\u00f6sning f\u00f6r effektiv tr\u00e4ning i hemmet eller p\u00e5 gymmet.<br \/>\nLyft din tr\u00e4ningsresa med Evolve Belt Squat Attachment, som kombinerar funktionalitet och praktiska egenskaper f\u00f6r en dynamisk tr\u00e4ningsupplevelse.     <\/p>\n","protected":false},"featured_media":14828,"template":"","meta":{"_acf_changed":false,"inline_featured_image":false},"product_cat":[550,623,642,646],"product_tag":[],"class_list":{"0":"post-14819","1":"product","2":"type-product","3":"status-publish","4":"has-post-thumbnail","6":"product_cat-startsida","7":"product_cat-korsvis-funktionell","8":"product_cat-komponenter-till-riggen","9":"product_cat-tillbehor","11":"first","12":"instock","13":"shipping-taxable","14":"purchasable","15":"product-type-simple"},"acf":[],"_links":{"self":[{"href":"https:\/\/store.evolve-fitness.eu\/sv\/wp-json\/wp\/v2\/product\/14819","targetHints":{"allow":["GET"]}}],"collection":[{"href":"https:\/\/store.evolve-fitness.eu\/sv\/wp-json\/wp\/v2\/product"}],"about":[{"href":"https:\/\/store.evolve-fitness.eu\/sv\/wp-json\/wp\/v2\/types\/product"}],"wp:featuredmedia":[{"embeddable":true,"href":"https:\/\/store.evolve-fitness.eu\/sv\/wp-json\/wp\/v2\/media\/14828"}],"wp:attachment":[{"href":"https:\/\/store.evolve-fitness.eu\/sv\/wp-json\/wp\/v2\/media?parent=14819"}],"wp:term":[{"taxonomy":"product_cat","embeddable":true,"href":"https:\/\/store.evolve-fitness.eu\/sv\/wp-json\/wp\/v2\/product_cat?post=14819"},{"taxonomy":"product_tag","embeddable":true,"href":"https:\/\/store.evolve-fitness.eu\/sv\/wp-json\/wp\/v2\/product_tag?post=14819"}],"curies":[{"name":"wp","href":"https:\/\/api.w.org\/{rel}","templated":true}]}}