{"id":14725,"date":"2024-01-26T14:24:13","date_gmt":"2024-01-26T14:24:13","guid":{"rendered":"https:\/\/store.evolve-fitness.eu\/product\/evolve-dubbelvaggig-maltavla-for-kulor\/"},"modified":"2024-08-06T12:59:07","modified_gmt":"2024-08-06T12:59:07","slug":"evolve-dubbelvaggig-maltavla-for-kulor","status":"publish","type":"product","link":"https:\/\/store.evolve-fitness.eu\/sv\/produkt\/evolve-dubbelvaggig-maltavla-for-kulor\/","title":{"rendered":"Evolve dubbelv\u00e4ggig m\u00e5ltavla f\u00f6r kulor"},"content":{"rendered":"","protected":false},"excerpt":{"rendered":"<p>H\u00f6j niv\u00e5n p\u00e5 din styrketr\u00e4ning med Evolve WB3 Double Target, speciellt utformad f\u00f6r intensifierad tr\u00e4ning med medicinboll.<br \/>\nDenna m\u00e5ngsidiga maskin tillf\u00f6r ett dynamiskt element till din tr\u00e4ningsrutin och ger en utmanande plattform f\u00f6r m\u00e5linriktad styrketr\u00e4ning.<br \/>\nDe dubbla m\u00e5len f\u00f6rb\u00e4ttrar precisionen i bolltr\u00e4ffarna, vilket g\u00f6r den idealisk f\u00f6r b\u00e5de individuella tr\u00e4ningspass och grupptr\u00e4ning.<br \/>\nEvolve WB3 \u00e4r tillverkad f\u00f6r h\u00e5llbarhet och prestanda och garanterar ett p\u00e5litligt och effektivt verktyg f\u00f6r kraftfulla \u00f6vningar.<br \/>\nS\u00e4tt fart p\u00e5 din tr\u00e4ningsresa med den h\u00e4r avancerade maskinen med dubbla m\u00e5l och upplev f\u00f6rdelarna med fokuserad och effektiv styrketr\u00e4ning som aldrig f\u00f6rr.      <\/p>\n","protected":false},"featured_media":14766,"template":"","meta":{"_acf_changed":false,"inline_featured_image":false},"product_cat":[623,642,646],"product_tag":[],"class_list":{"0":"post-14725","1":"product","2":"type-product","3":"status-publish","4":"has-post-thumbnail","6":"product_cat-korsvis-funktionell","7":"product_cat-komponenter-till-riggen","8":"product_cat-tillbehor","10":"first","11":"instock","12":"shipping-taxable","13":"purchasable","14":"product-type-simple"},"acf":[],"_links":{"self":[{"href":"https:\/\/store.evolve-fitness.eu\/sv\/wp-json\/wp\/v2\/product\/14725","targetHints":{"allow":["GET"]}}],"collection":[{"href":"https:\/\/store.evolve-fitness.eu\/sv\/wp-json\/wp\/v2\/product"}],"about":[{"href":"https:\/\/store.evolve-fitness.eu\/sv\/wp-json\/wp\/v2\/types\/product"}],"wp:featuredmedia":[{"embeddable":true,"href":"https:\/\/store.evolve-fitness.eu\/sv\/wp-json\/wp\/v2\/media\/14766"}],"wp:attachment":[{"href":"https:\/\/store.evolve-fitness.eu\/sv\/wp-json\/wp\/v2\/media?parent=14725"}],"wp:term":[{"taxonomy":"product_cat","embeddable":true,"href":"https:\/\/store.evolve-fitness.eu\/sv\/wp-json\/wp\/v2\/product_cat?post=14725"},{"taxonomy":"product_tag","embeddable":true,"href":"https:\/\/store.evolve-fitness.eu\/sv\/wp-json\/wp\/v2\/product_tag?post=14725"}],"curies":[{"name":"wp","href":"https:\/\/api.w.org\/{rel}","templated":true}]}}