{"id":146871,"date":"2025-10-14T14:42:45","date_gmt":"2025-10-14T11:42:45","guid":{"rendered":"https:\/\/store.evolve-fitness.eu\/product\/evolve-econ-series-plattbelastad-lat-pulldown-ec-050\/"},"modified":"2025-10-14T14:42:45","modified_gmt":"2025-10-14T14:42:45","slug":"evolve-econ-series-plattbelastad-lat-pulldown-ec-050","status":"publish","type":"product","link":"https:\/\/store.evolve-fitness.eu\/sv\/produkt\/evolve-econ-series-plattbelastad-lat-pulldown-ec-050\/","title":{"rendered":"Evolve Econ Series plattbelastad lat pulldown (EC-050)"},"content":{"rendered":"","protected":false},"excerpt":{"rendered":"<p>Evolve Econ Series Plate Loaded Lat Pulldown \u00e4r utformad f\u00f6r att bygga och st\u00e4rka musklerna latissimus dorsi, biceps och \u00f6vre rygg med ett j\u00e4mnt och konsekvent motst\u00e5nd. Den plattbelastade mekanismen s\u00e4kerst\u00e4ller enkel anpassning av belastningen, medan det ergonomiska s\u00e4tet och l\u00e5rkuddarna ger komfort och stabilitet under intensiva tr\u00e4ningspass. Den \u00e4r byggd f\u00f6r h\u00e5llbarhet och prestanda och \u00e4r idealisk f\u00f6r b\u00e5de kommersiella och professionella tr\u00e4ningsutrymmen.  <\/p>\n","protected":false},"featured_media":146875,"template":"","meta":{"_acf_changed":false,"inline_featured_image":false},"product_cat":[773,1182],"product_tag":[],"class_list":{"0":"post-146871","1":"product","2":"type-product","3":"status-publish","4":"has-post-thumbnail","6":"product_cat-platbelastade-maskiner","7":"product_cat-econ-serien-plattan-ar-laddad","9":"first","10":"instock","11":"shipping-taxable","12":"purchasable","13":"product-type-simple"},"acf":[],"_links":{"self":[{"href":"https:\/\/store.evolve-fitness.eu\/sv\/wp-json\/wp\/v2\/product\/146871","targetHints":{"allow":["GET"]}}],"collection":[{"href":"https:\/\/store.evolve-fitness.eu\/sv\/wp-json\/wp\/v2\/product"}],"about":[{"href":"https:\/\/store.evolve-fitness.eu\/sv\/wp-json\/wp\/v2\/types\/product"}],"wp:featuredmedia":[{"embeddable":true,"href":"https:\/\/store.evolve-fitness.eu\/sv\/wp-json\/wp\/v2\/media\/146875"}],"wp:attachment":[{"href":"https:\/\/store.evolve-fitness.eu\/sv\/wp-json\/wp\/v2\/media?parent=146871"}],"wp:term":[{"taxonomy":"product_cat","embeddable":true,"href":"https:\/\/store.evolve-fitness.eu\/sv\/wp-json\/wp\/v2\/product_cat?post=146871"},{"taxonomy":"product_tag","embeddable":true,"href":"https:\/\/store.evolve-fitness.eu\/sv\/wp-json\/wp\/v2\/product_tag?post=146871"}],"curies":[{"name":"wp","href":"https:\/\/api.w.org\/{rel}","templated":true}]}}