{"id":146839,"date":"2025-10-14T14:25:55","date_gmt":"2025-10-14T11:25:55","guid":{"rendered":"https:\/\/store.evolve-fitness.eu\/product\/evolve-econ-series-plattbelastad-brostpress-ec-035\/"},"modified":"2025-10-14T14:25:55","modified_gmt":"2025-10-14T14:25:55","slug":"evolve-econ-series-plattbelastad-brostpress-ec-035","status":"publish","type":"product","link":"https:\/\/store.evolve-fitness.eu\/sv\/produkt\/evolve-econ-series-plattbelastad-brostpress-ec-035\/","title":{"rendered":"Evolve Econ Series plattbelastad br\u00f6stpress (EC-035)"},"content":{"rendered":"","protected":false},"excerpt":{"rendered":"<p>Evolve Econ Series Plate Loaded Chest Press \u00e4r byggd f\u00f6r effektiv styrketr\u00e4ning av \u00f6verkroppen, med fokus p\u00e5 br\u00f6st-, triceps- och axelmusklerna. Dess plattbelastade design ger en j\u00e4mn och naturlig pressr\u00f6relse, medan det ergonomiska s\u00e4tet och handtagets inriktning s\u00e4kerst\u00e4ller optimal komfort och stabilitet. Den \u00e4r konstruerad f\u00f6r h\u00e5llbarhet och konsekvent prestanda och \u00e4r l\u00e4mplig f\u00f6r b\u00e5de kommersiell anv\u00e4ndning och hemmagym.  <\/p>\n","protected":false},"featured_media":146840,"template":"","meta":{"_acf_changed":false,"inline_featured_image":false},"product_cat":[773,1182],"product_tag":[],"class_list":{"0":"post-146839","1":"product","2":"type-product","3":"status-publish","4":"has-post-thumbnail","6":"product_cat-platbelastade-maskiner","7":"product_cat-econ-serien-plattan-ar-laddad","9":"first","10":"instock","11":"shipping-taxable","12":"purchasable","13":"product-type-simple"},"acf":[],"_links":{"self":[{"href":"https:\/\/store.evolve-fitness.eu\/sv\/wp-json\/wp\/v2\/product\/146839","targetHints":{"allow":["GET"]}}],"collection":[{"href":"https:\/\/store.evolve-fitness.eu\/sv\/wp-json\/wp\/v2\/product"}],"about":[{"href":"https:\/\/store.evolve-fitness.eu\/sv\/wp-json\/wp\/v2\/types\/product"}],"wp:featuredmedia":[{"embeddable":true,"href":"https:\/\/store.evolve-fitness.eu\/sv\/wp-json\/wp\/v2\/media\/146840"}],"wp:attachment":[{"href":"https:\/\/store.evolve-fitness.eu\/sv\/wp-json\/wp\/v2\/media?parent=146839"}],"wp:term":[{"taxonomy":"product_cat","embeddable":true,"href":"https:\/\/store.evolve-fitness.eu\/sv\/wp-json\/wp\/v2\/product_cat?post=146839"},{"taxonomy":"product_tag","embeddable":true,"href":"https:\/\/store.evolve-fitness.eu\/sv\/wp-json\/wp\/v2\/product_tag?post=146839"}],"curies":[{"name":"wp","href":"https:\/\/api.w.org\/{rel}","templated":true}]}}