{"id":146803,"date":"2025-10-14T14:15:43","date_gmt":"2025-10-14T11:15:43","guid":{"rendered":"https:\/\/store.evolve-fitness.eu\/product\/evolve-econ-series-plattbelastad-staende-sidohojning-ec-020\/"},"modified":"2025-10-14T14:15:43","modified_gmt":"2025-10-14T14:15:43","slug":"evolve-econ-series-plattbelastad-staende-sidohojning-ec-020","status":"publish","type":"product","link":"https:\/\/store.evolve-fitness.eu\/sv\/produkt\/evolve-econ-series-plattbelastad-staende-sidohojning-ec-020\/","title":{"rendered":"Evolve Econ Series plattbelastad st\u00e5ende sidoh\u00f6jning (EC-020)"},"content":{"rendered":"","protected":false},"excerpt":{"rendered":"<p>Evolve Econ Series Plate Loaded Standing Lateral Raise \u00e4r utformad f\u00f6r att isolera och st\u00e4rka de laterala deltoidmusklerna genom en naturlig st\u00e5ende r\u00f6relse. Dess plattbelastade mekanism m\u00f6jligg\u00f6r smidig motst\u00e5ndskontroll, medan den ergonomiska handtagspositionen s\u00e4kerst\u00e4ller korrekt form och balans. Den \u00e4r byggd f\u00f6r h\u00e5llbarhet och konsekvent prestanda och \u00e4r ett perfekt val f\u00f6r b\u00e5de kommersiella och professionella tr\u00e4ningsmilj\u00f6er.  <\/p>\n","protected":false},"featured_media":146804,"template":"","meta":{"_acf_changed":false,"inline_featured_image":false},"product_cat":[773,1182],"product_tag":[],"class_list":{"0":"post-146803","1":"product","2":"type-product","3":"status-publish","4":"has-post-thumbnail","6":"product_cat-platbelastade-maskiner","7":"product_cat-econ-serien-plattan-ar-laddad","9":"first","10":"instock","11":"shipping-taxable","12":"purchasable","13":"product-type-simple"},"acf":[],"_links":{"self":[{"href":"https:\/\/store.evolve-fitness.eu\/sv\/wp-json\/wp\/v2\/product\/146803","targetHints":{"allow":["GET"]}}],"collection":[{"href":"https:\/\/store.evolve-fitness.eu\/sv\/wp-json\/wp\/v2\/product"}],"about":[{"href":"https:\/\/store.evolve-fitness.eu\/sv\/wp-json\/wp\/v2\/types\/product"}],"wp:featuredmedia":[{"embeddable":true,"href":"https:\/\/store.evolve-fitness.eu\/sv\/wp-json\/wp\/v2\/media\/146804"}],"wp:attachment":[{"href":"https:\/\/store.evolve-fitness.eu\/sv\/wp-json\/wp\/v2\/media?parent=146803"}],"wp:term":[{"taxonomy":"product_cat","embeddable":true,"href":"https:\/\/store.evolve-fitness.eu\/sv\/wp-json\/wp\/v2\/product_cat?post=146803"},{"taxonomy":"product_tag","embeddable":true,"href":"https:\/\/store.evolve-fitness.eu\/sv\/wp-json\/wp\/v2\/product_tag?post=146803"}],"curies":[{"name":"wp","href":"https:\/\/api.w.org\/{rel}","templated":true}]}}