{"id":146739,"date":"2025-10-13T13:13:50","date_gmt":"2025-10-13T13:13:50","guid":{"rendered":"https:\/\/store.evolve-fitness.eu\/product\/evolve-basplatta-bp-512\/"},"modified":"2025-10-13T13:13:50","modified_gmt":"2025-10-13T13:13:50","slug":"evolve-basplatta-bp-512","status":"publish","type":"product","link":"https:\/\/store.evolve-fitness.eu\/sv\/produkt\/evolve-basplatta-bp-512\/","title":{"rendered":"Evolve basplatta (BP-512)"},"content":{"rendered":"","protected":false},"excerpt":{"rendered":"<p>Evolve Base Plate \u00e4r en strukturell komponent som \u00e4r utformad f\u00f6r att s\u00e4kerst\u00e4lla maximal stabilitet och s\u00e4ker positionering n\u00e4r tv\u00e5 stolpar ansluts med en 51,2 cm anslutningsram. Basplattan \u00e4r precisionstillverkad av kraftigt st\u00e5l och ger en solid grund som f\u00f6rb\u00e4ttrar den \u00f6vergripande styvheten i rackstrukturen. Dess robusta konstruktion f\u00f6rhindrar r\u00f6relse eller f\u00f6rskjutning under intensiva tr\u00e4ningspass och bibeh\u00e5ller den korrekta inriktningen p\u00e5 de anslutna stolparna. Evolve-basplattan \u00e4r idealisk f\u00f6r modul\u00e4ra rackkonfigurationer och ger en s\u00e4ker, h\u00e5llbar och professionell installation som passar b\u00e5de kommersiella tr\u00e4ningsmilj\u00f6er och tr\u00e4ningsmilj\u00f6er f\u00f6r prestationer.   <\/p>\n","protected":false},"featured_media":137448,"template":"","meta":{"_acf_changed":false,"inline_featured_image":false},"product_cat":[642,969],"product_tag":[],"class_list":{"0":"post-146739","1":"product","2":"type-product","3":"status-publish","4":"has-post-thumbnail","6":"product_cat-komponenter-till-riggen","7":"product_cat-huvuddelar","9":"first","10":"instock","11":"shipping-taxable","12":"purchasable","13":"product-type-simple"},"acf":[],"_links":{"self":[{"href":"https:\/\/store.evolve-fitness.eu\/sv\/wp-json\/wp\/v2\/product\/146739","targetHints":{"allow":["GET"]}}],"collection":[{"href":"https:\/\/store.evolve-fitness.eu\/sv\/wp-json\/wp\/v2\/product"}],"about":[{"href":"https:\/\/store.evolve-fitness.eu\/sv\/wp-json\/wp\/v2\/types\/product"}],"wp:featuredmedia":[{"embeddable":true,"href":"https:\/\/store.evolve-fitness.eu\/sv\/wp-json\/wp\/v2\/media\/137448"}],"wp:attachment":[{"href":"https:\/\/store.evolve-fitness.eu\/sv\/wp-json\/wp\/v2\/media?parent=146739"}],"wp:term":[{"taxonomy":"product_cat","embeddable":true,"href":"https:\/\/store.evolve-fitness.eu\/sv\/wp-json\/wp\/v2\/product_cat?post=146739"},{"taxonomy":"product_tag","embeddable":true,"href":"https:\/\/store.evolve-fitness.eu\/sv\/wp-json\/wp\/v2\/product_tag?post=146739"}],"curies":[{"name":"wp","href":"https:\/\/api.w.org\/{rel}","templated":true}]}}